{"id":38638,"date":"2023-01-25T15:15:48","date_gmt":"2023-01-25T14:15:48","guid":{"rendered":"https:\/\/fahlenofsweden.com\/become-a-partner\/"},"modified":"2025-05-02T16:58:37","modified_gmt":"2025-05-02T14:58:37","slug":"become-a-partner","status":"publish","type":"page","link":"https:\/\/fahlenofsweden.com\/en\/become-a-partner\/","title":{"rendered":"BECOME A PARTNER"},"content":{"rendered":"\t\t<div data-elementor-type=\"wp-page\" data-elementor-id=\"38638\" class=\"elementor elementor-38638 elementor-26865\" data-elementor-post-type=\"page\">\n\t\t\t\t<div class=\"elementor-element elementor-element-641c30e e-flex e-con-boxed e-con e-parent\" data-id=\"641c30e\" data-element_type=\"container\" data-e-type=\"container\" data-settings=\"{&quot;background_background&quot;:&quot;gradient&quot;}\">\n\t\t\t\t\t<div class=\"e-con-inner\">\n\t\t<div class=\"elementor-element elementor-element-401e48e e-con-full e-flex e-con e-child\" data-id=\"401e48e\" data-element_type=\"container\" data-e-type=\"container\">\n\t\t\t\t<div class=\"elementor-element elementor-element-1cadbec elementor-widget elementor-widget-image\" data-id=\"1cadbec\" data-element_type=\"widget\" data-e-type=\"widget\" data-widget_type=\"image.default\">\n\t\t\t\t<div class=\"elementor-widget-container\">\n\t\t\t\t\t\t\t\t\t\t\t\t\t\t\t<img data-recalc-dims=\"1\" decoding=\"async\" src=\"https:\/\/i0.wp.com\/fahlenofsweden.com\/wp-content\/uploads\/2023\/01\/20230127_155444_0000-e1674948171336.png?w=1200&#038;ssl=1\" title=\"\" alt=\"\" loading=\"lazy\" \/>\t\t\t\t\t\t\t\t\t\t\t\t\t\t\t<\/div>\n\t\t\t\t<\/div>\n\t\t\t\t<\/div>\n\t\t<div class=\"elementor-element elementor-element-c69dfa2 e-con-full e-flex e-con e-child\" data-id=\"c69dfa2\" data-element_type=\"container\" data-e-type=\"container\">\n\t\t\t\t<div class=\"elementor-element elementor-element-cf51fdb elementor-widget elementor-widget-button\" data-id=\"cf51fdb\" data-element_type=\"widget\" data-e-type=\"widget\" data-widget_type=\"button.default\">\n\t\t\t\t<div class=\"elementor-widget-container\">\n\t\t\t\t\t\t\t\t\t<div class=\"elementor-button-wrapper\">\n\t\t\t\t\t<a class=\"elementor-button elementor-button-link elementor-size-md\" href=\"https:\/\/fahlenofsweden.com\/retailer-form\">\n\t\t\t\t\t\t<span class=\"elementor-button-content-wrapper\">\n\t\t\t\t\t\t\t\t\t<span class=\"elementor-button-text\">APPLY NOW!<\/span>\n\t\t\t\t\t<\/span>\n\t\t\t\t\t<\/a>\n\t\t\t\t<\/div>\n\t\t\t\t\t\t\t\t<\/div>\n\t\t\t\t<\/div>\n\t\t\t\t<\/div>\n\t\t\t\t\t<\/div>\n\t\t\t\t<\/div>\n\t\t<div class=\"elementor-element elementor-element-9612c95 e-flex e-con-boxed e-con e-parent\" data-id=\"9612c95\" data-element_type=\"container\" data-e-type=\"container\">\n\t\t\t\t\t<div class=\"e-con-inner\">\n\t\t\t\t<div class=\"elementor-element elementor-element-fc91240 elementor-widget elementor-widget-heading\" data-id=\"fc91240\" data-element_type=\"widget\" data-e-type=\"widget\" data-widget_type=\"heading.default\">\n\t\t\t\t<div class=\"elementor-widget-container\">\n\t\t\t\t\t<h1 class=\"elementor-heading-title elementor-size-default\">Become a partner<\/h1>\t\t\t\t<\/div>\n\t\t\t\t<\/div>\n\t\t\t\t<div class=\"elementor-element elementor-element-cba6c78 elementor-widget elementor-widget-heading\" data-id=\"cba6c78\" data-element_type=\"widget\" data-e-type=\"widget\" data-widget_type=\"heading.default\">\n\t\t\t\t<div class=\"elementor-widget-container\">\n\t\t\t\t\t<h2 class=\"elementor-heading-title elementor-size-default\">We welcome you!!!<\/h2>\t\t\t\t<\/div>\n\t\t\t\t<\/div>\n\t\t\t\t<div class=\"elementor-element elementor-element-f95cf42 elementor-widget elementor-widget-text-editor\" data-id=\"f95cf42\" data-element_type=\"widget\" data-e-type=\"widget\" data-widget_type=\"text-editor.default\">\n\t\t\t\t<div class=\"elementor-widget-container\">\n\t\t\t\t\t\t\t\t\t<p>Our goal is to enable you as a retailer, professional hairdresser and stylist to use FOS products to boost self-esteem and create a stronger personality. <br>You are welcome to learn more about our great products.<\/p><p>By becoming a FAHL\u00c9N OF SWEDEN Professional Partner you will be able to enjoy many benefits such as exclusive discounts! <br>It is free to join. We will provide you with additional sales support so that you can better represent our products and provide the best possible service to your customers.<\/p>\t\t\t\t\t\t\t\t<\/div>\n\t\t\t\t<\/div>\n\t\t\t\t<div class=\"elementor-element elementor-element-666cfbc elementor-widget elementor-widget-text-editor\" data-id=\"666cfbc\" data-element_type=\"widget\" data-e-type=\"widget\" data-widget_type=\"text-editor.default\">\n\t\t\t\t<div class=\"elementor-widget-container\">\n\t\t\t\t\t\t\t\t\t<p>Sign up to become a <a href=\"https:\/\/partnership.fahlenofsweden.com\/wp-login.php?redirect_to=https%3A%2F%2Fpartnership.fahlenofsweden.com%2F\">professional partner<\/a> today!<\/p>\t\t\t\t\t\t\t\t<\/div>\n\t\t\t\t<\/div>\n\t\t\t\t\t<\/div>\n\t\t\t\t<\/div>\n\t\t<div class=\"elementor-element elementor-element-99ca7ee e-flex e-con-boxed e-con e-parent\" data-id=\"99ca7ee\" data-element_type=\"container\" data-e-type=\"container\">\n\t\t\t\t\t<div class=\"e-con-inner\">\n\t\t\t\t<div class=\"elementor-element elementor-element-14727ee elementor-widget elementor-widget-image\" data-id=\"14727ee\" data-element_type=\"widget\" data-e-type=\"widget\" data-widget_type=\"image.default\">\n\t\t\t\t<div class=\"elementor-widget-container\">\n\t\t\t\t\t\t\t\t\t\t\t\t\t\t\t<img data-recalc-dims=\"1\" decoding=\"async\" src=\"https:\/\/i0.wp.com\/fahlenofsweden.com\/wp-content\/uploads\/2023\/01\/FAHLEN-OF-SWEDEN-PROFESSIONAL-72-%C3%97-20in-scaled.jpg?w=1200&#038;ssl=1\" title=\"\" alt=\"\" loading=\"lazy\" \/>\t\t\t\t\t\t\t\t\t\t\t\t\t\t\t<\/div>\n\t\t\t\t<\/div>\n\t\t\t\t\t<\/div>\n\t\t\t\t<\/div>\n\t\t<div class=\"elementor-element elementor-element-40b62cf e-flex e-con-boxed e-con e-parent\" data-id=\"40b62cf\" data-element_type=\"container\" data-e-type=\"container\">\n\t\t\t\t\t<div class=\"e-con-inner\">\n\t\t<div class=\"elementor-element elementor-element-723a89d e-con-full e-flex e-con e-child\" data-id=\"723a89d\" data-element_type=\"container\" data-e-type=\"container\">\n\t\t\t\t<div class=\"elementor-element elementor-element-1bb709e elementor-widget elementor-widget-heading\" data-id=\"1bb709e\" data-element_type=\"widget\" data-e-type=\"widget\" data-widget_type=\"heading.default\">\n\t\t\t\t<div class=\"elementor-widget-container\">\n\t\t\t\t\t<h2 class=\"elementor-heading-title elementor-size-default\">WHY WORK WITH US<\/h2>\t\t\t\t<\/div>\n\t\t\t\t<\/div>\n\t\t\t\t<\/div>\n\t\t<div class=\"elementor-element elementor-element-d8cc61d e-con-full e-flex e-con e-child\" data-id=\"d8cc61d\" data-element_type=\"container\" data-e-type=\"container\">\n\t\t\t\t<div class=\"elementor-element elementor-element-97566bd elementor-widget elementor-widget-text-editor\" data-id=\"97566bd\" data-element_type=\"widget\" data-e-type=\"widget\" data-widget_type=\"text-editor.default\">\n\t\t\t\t<div class=\"elementor-widget-container\">\n\t\t\t\t\t\t\t\t\t<p>We at Fahl\u00e9n Of Sweden believe in good quality products and a high quality presentation of our products. Our goal is to make women feel confident in all aspects of life.<br>Let&#8217;s create a unique experience and new possibilities together.<br>We believe in a long-term relationship with you as a retailer, stylist, hairdresser or customer and look forward to creating the right products and services together.<\/p>\t\t\t\t\t\t\t\t<\/div>\n\t\t\t\t<\/div>\n\t\t\t\t<\/div>\n\t\t\t\t\t<\/div>\n\t\t\t\t<\/div>\n\t\t\t\t<\/div>\n\t\t","protected":false},"excerpt":{"rendered":"<p>APPLY NOW! Become a partner We welcome you!!! Our goal is to enable you as a retailer, professional hairdresser and stylist to use FOS products to boost self-esteem and create a stronger personality. You are welcome to learn more about our great products. By becoming a FAHL\u00c9N OF SWEDEN Professional Partner you will be able [&hellip;]<\/p>\n","protected":false},"author":0,"featured_media":0,"parent":0,"menu_order":0,"comment_status":"closed","ping_status":"closed","template":"elementor_header_footer","meta":{"jetpack_post_was_ever_published":false,"footnotes":""},"class_list":["post-38638","page","type-page","status-publish","hentry"],"yoast_head":"<!-- This site is optimized with the Yoast SEO Premium plugin v26.3 (Yoast SEO v27.3) - https:\/\/yoast.com\/product\/yoast-seo-premium-wordpress\/ -->\n<title>BECOME A PARTNER | FAHL\u00c9N OF SWEDEN<\/title>\n<meta name=\"description\" content=\"By becoming a FAHL\u00c9N OF SWEDEN Professional Partner you will be able to enjoy many benefits such as exclusive discounts!\" \/>\n<meta name=\"robots\" content=\"index, follow, max-snippet:-1, max-image-preview:large, max-video-preview:-1\" \/>\n<link rel=\"canonical\" href=\"https:\/\/fahlenofsweden.com\/en\/become-a-partner\/\" \/>\n<meta property=\"og:locale\" content=\"en_US\" \/>\n<meta property=\"og:type\" content=\"article\" \/>\n<meta property=\"og:title\" content=\"BECOME A PARTNER\" \/>\n<meta property=\"og:description\" content=\"By becoming a FAHL\u00c9N OF SWEDEN Professional Partner you will be able to enjoy many benefits such as exclusive discounts!\" \/>\n<meta property=\"og:url\" content=\"https:\/\/fahlenofsweden.com\/en\/become-a-partner\/\" \/>\n<meta property=\"og:site_name\" content=\"FAHL\u00c9N OF SWEDEN\" \/>\n<meta property=\"article:publisher\" content=\"https:\/\/www.facebook.com\/FahlenOfSwedenFos\/\" \/>\n<meta property=\"article:modified_time\" content=\"2025-05-02T14:58:37+00:00\" \/>\n<meta property=\"og:image\" content=\"https:\/\/fahlenofsweden.com\/wp-content\/uploads\/2023\/01\/20230127_155444_0000-e1674948171336.png\" \/>\n<meta name=\"twitter:card\" content=\"summary_large_image\" \/>\n<meta name=\"twitter:label1\" content=\"Est. reading time\" \/>\n\t<meta name=\"twitter:data1\" content=\"1 minute\" \/>\n<script type=\"application\/ld+json\" class=\"yoast-schema-graph\">{\"@context\":\"https:\\\/\\\/schema.org\",\"@graph\":[{\"@type\":\"WebPage\",\"@id\":\"https:\\\/\\\/fahlenofsweden.com\\\/en\\\/become-a-partner\\\/\",\"url\":\"https:\\\/\\\/fahlenofsweden.com\\\/en\\\/become-a-partner\\\/\",\"name\":\"BECOME A PARTNER | FAHL\u00c9N OF SWEDEN\",\"isPartOf\":{\"@id\":\"http:\\\/\\\/fahlenofsweden.com\\\/en\\\/#website\"},\"primaryImageOfPage\":{\"@id\":\"https:\\\/\\\/fahlenofsweden.com\\\/en\\\/become-a-partner\\\/#primaryimage\"},\"image\":{\"@id\":\"https:\\\/\\\/fahlenofsweden.com\\\/en\\\/become-a-partner\\\/#primaryimage\"},\"thumbnailUrl\":\"https:\\\/\\\/fahlenofsweden.com\\\/wp-content\\\/uploads\\\/2023\\\/01\\\/20230127_155444_0000-e1674948171336.png\",\"datePublished\":\"2023-01-25T14:15:48+00:00\",\"dateModified\":\"2025-05-02T14:58:37+00:00\",\"description\":\"By becoming a FAHL\u00c9N OF SWEDEN Professional Partner you will be able to enjoy many benefits such as exclusive discounts!\",\"breadcrumb\":{\"@id\":\"https:\\\/\\\/fahlenofsweden.com\\\/en\\\/become-a-partner\\\/#breadcrumb\"},\"inLanguage\":\"en-US\",\"potentialAction\":[{\"@type\":\"ReadAction\",\"target\":[\"https:\\\/\\\/fahlenofsweden.com\\\/en\\\/become-a-partner\\\/\"]}]},{\"@type\":\"ImageObject\",\"inLanguage\":\"en-US\",\"@id\":\"https:\\\/\\\/fahlenofsweden.com\\\/en\\\/become-a-partner\\\/#primaryimage\",\"url\":\"https:\\\/\\\/fahlenofsweden.com\\\/wp-content\\\/uploads\\\/2023\\\/01\\\/20230127_155444_0000-e1674948171336.png\",\"contentUrl\":\"https:\\\/\\\/fahlenofsweden.com\\\/wp-content\\\/uploads\\\/2023\\\/01\\\/20230127_155444_0000-e1674948171336.png\"},{\"@type\":\"BreadcrumbList\",\"@id\":\"https:\\\/\\\/fahlenofsweden.com\\\/en\\\/become-a-partner\\\/#breadcrumb\",\"itemListElement\":[{\"@type\":\"ListItem\",\"position\":1,\"name\":\"Hem\",\"item\":\"https:\\\/\\\/fahlenofsweden.com\\\/en\\\/fos-home\\\/\"},{\"@type\":\"ListItem\",\"position\":2,\"name\":\"BECOME A PARTNER\"}]},{\"@type\":\"WebSite\",\"@id\":\"http:\\\/\\\/fahlenofsweden.com\\\/en\\\/#website\",\"url\":\"http:\\\/\\\/fahlenofsweden.com\\\/en\\\/\",\"name\":\"FAHL\u00c9N OF SWEDEN AB\",\"description\":\"FAHL\u00c9N OF SWEDEN | Officiell hemsida | H\u00e5r, Sk\u00f6nhet, Mode &amp; Livsstil.\",\"publisher\":{\"@id\":\"http:\\\/\\\/fahlenofsweden.com\\\/en\\\/#organization\"},\"potentialAction\":[{\"@type\":\"SearchAction\",\"target\":{\"@type\":\"EntryPoint\",\"urlTemplate\":\"http:\\\/\\\/fahlenofsweden.com\\\/en\\\/?s={search_term_string}\"},\"query-input\":{\"@type\":\"PropertyValueSpecification\",\"valueRequired\":true,\"valueName\":\"search_term_string\"}}],\"inLanguage\":\"en-US\"},{\"@type\":\"Organization\",\"@id\":\"http:\\\/\\\/fahlenofsweden.com\\\/en\\\/#organization\",\"name\":\"FAHL\u00c9N OF SWEDEN AB\",\"url\":\"http:\\\/\\\/fahlenofsweden.com\\\/en\\\/\",\"logo\":{\"@type\":\"ImageObject\",\"inLanguage\":\"en-US\",\"@id\":\"http:\\\/\\\/fahlenofsweden.com\\\/en\\\/#\\\/schema\\\/logo\\\/image\\\/\",\"url\":\"https:\\\/\\\/fahlenofsweden.com\\\/wp-content\\\/uploads\\\/2024\\\/04\\\/2-e1712925412402.png\",\"contentUrl\":\"https:\\\/\\\/fahlenofsweden.com\\\/wp-content\\\/uploads\\\/2024\\\/04\\\/2-e1712925412402.png\",\"width\":2400,\"height\":1153,\"caption\":\"FAHL\u00c9N OF SWEDEN AB\"},\"image\":{\"@id\":\"http:\\\/\\\/fahlenofsweden.com\\\/en\\\/#\\\/schema\\\/logo\\\/image\\\/\"},\"sameAs\":[\"https:\\\/\\\/www.facebook.com\\\/FahlenOfSwedenFos\\\/\",\"https:\\\/\\\/www.instagram.com\\\/fahlenofsweden\\\/\"]}]}<\/script>\n<!-- \/ Yoast SEO Premium plugin. -->","yoast_head_json":{"title":"BECOME A PARTNER | FAHL\u00c9N OF SWEDEN","description":"By becoming a FAHL\u00c9N OF SWEDEN Professional Partner you will be able to enjoy many benefits such as exclusive discounts!","robots":{"index":"index","follow":"follow","max-snippet":"max-snippet:-1","max-image-preview":"max-image-preview:large","max-video-preview":"max-video-preview:-1"},"canonical":"https:\/\/fahlenofsweden.com\/en\/become-a-partner\/","og_locale":"en_US","og_type":"article","og_title":"BECOME A PARTNER","og_description":"By becoming a FAHL\u00c9N OF SWEDEN Professional Partner you will be able to enjoy many benefits such as exclusive discounts!","og_url":"https:\/\/fahlenofsweden.com\/en\/become-a-partner\/","og_site_name":"FAHL\u00c9N OF SWEDEN","article_publisher":"https:\/\/www.facebook.com\/FahlenOfSwedenFos\/","article_modified_time":"2025-05-02T14:58:37+00:00","og_image":[{"url":"https:\/\/fahlenofsweden.com\/wp-content\/uploads\/2023\/01\/20230127_155444_0000-e1674948171336.png","type":"","width":"","height":""}],"twitter_card":"summary_large_image","twitter_misc":{"Est. reading time":"1 minute"},"schema":{"@context":"https:\/\/schema.org","@graph":[{"@type":"WebPage","@id":"https:\/\/fahlenofsweden.com\/en\/become-a-partner\/","url":"https:\/\/fahlenofsweden.com\/en\/become-a-partner\/","name":"BECOME A PARTNER | FAHL\u00c9N OF SWEDEN","isPartOf":{"@id":"http:\/\/fahlenofsweden.com\/en\/#website"},"primaryImageOfPage":{"@id":"https:\/\/fahlenofsweden.com\/en\/become-a-partner\/#primaryimage"},"image":{"@id":"https:\/\/fahlenofsweden.com\/en\/become-a-partner\/#primaryimage"},"thumbnailUrl":"https:\/\/fahlenofsweden.com\/wp-content\/uploads\/2023\/01\/20230127_155444_0000-e1674948171336.png","datePublished":"2023-01-25T14:15:48+00:00","dateModified":"2025-05-02T14:58:37+00:00","description":"By becoming a FAHL\u00c9N OF SWEDEN Professional Partner you will be able to enjoy many benefits such as exclusive discounts!","breadcrumb":{"@id":"https:\/\/fahlenofsweden.com\/en\/become-a-partner\/#breadcrumb"},"inLanguage":"en-US","potentialAction":[{"@type":"ReadAction","target":["https:\/\/fahlenofsweden.com\/en\/become-a-partner\/"]}]},{"@type":"ImageObject","inLanguage":"en-US","@id":"https:\/\/fahlenofsweden.com\/en\/become-a-partner\/#primaryimage","url":"https:\/\/fahlenofsweden.com\/wp-content\/uploads\/2023\/01\/20230127_155444_0000-e1674948171336.png","contentUrl":"https:\/\/fahlenofsweden.com\/wp-content\/uploads\/2023\/01\/20230127_155444_0000-e1674948171336.png"},{"@type":"BreadcrumbList","@id":"https:\/\/fahlenofsweden.com\/en\/become-a-partner\/#breadcrumb","itemListElement":[{"@type":"ListItem","position":1,"name":"Hem","item":"https:\/\/fahlenofsweden.com\/en\/fos-home\/"},{"@type":"ListItem","position":2,"name":"BECOME A PARTNER"}]},{"@type":"WebSite","@id":"http:\/\/fahlenofsweden.com\/en\/#website","url":"http:\/\/fahlenofsweden.com\/en\/","name":"FAHL\u00c9N OF SWEDEN AB","description":"FAHL\u00c9N OF SWEDEN | Officiell hemsida | H\u00e5r, Sk\u00f6nhet, Mode &amp; Livsstil.","publisher":{"@id":"http:\/\/fahlenofsweden.com\/en\/#organization"},"potentialAction":[{"@type":"SearchAction","target":{"@type":"EntryPoint","urlTemplate":"http:\/\/fahlenofsweden.com\/en\/?s={search_term_string}"},"query-input":{"@type":"PropertyValueSpecification","valueRequired":true,"valueName":"search_term_string"}}],"inLanguage":"en-US"},{"@type":"Organization","@id":"http:\/\/fahlenofsweden.com\/en\/#organization","name":"FAHL\u00c9N OF SWEDEN AB","url":"http:\/\/fahlenofsweden.com\/en\/","logo":{"@type":"ImageObject","inLanguage":"en-US","@id":"http:\/\/fahlenofsweden.com\/en\/#\/schema\/logo\/image\/","url":"https:\/\/fahlenofsweden.com\/wp-content\/uploads\/2024\/04\/2-e1712925412402.png","contentUrl":"https:\/\/fahlenofsweden.com\/wp-content\/uploads\/2024\/04\/2-e1712925412402.png","width":2400,"height":1153,"caption":"FAHL\u00c9N OF SWEDEN AB"},"image":{"@id":"http:\/\/fahlenofsweden.com\/en\/#\/schema\/logo\/image\/"},"sameAs":["https:\/\/www.facebook.com\/FahlenOfSwedenFos\/","https:\/\/www.instagram.com\/fahlenofsweden\/"]}]}},"jetpack_sharing_enabled":true,"_links":{"self":[{"href":"https:\/\/fahlenofsweden.com\/en\/wp-json\/wp\/v2\/pages\/38638","targetHints":{"allow":["GET"]}}],"collection":[{"href":"https:\/\/fahlenofsweden.com\/en\/wp-json\/wp\/v2\/pages"}],"about":[{"href":"https:\/\/fahlenofsweden.com\/en\/wp-json\/wp\/v2\/types\/page"}],"replies":[{"embeddable":true,"href":"https:\/\/fahlenofsweden.com\/en\/wp-json\/wp\/v2\/comments?post=38638"}],"version-history":[{"count":6,"href":"https:\/\/fahlenofsweden.com\/en\/wp-json\/wp\/v2\/pages\/38638\/revisions"}],"predecessor-version":[{"id":46178,"href":"https:\/\/fahlenofsweden.com\/en\/wp-json\/wp\/v2\/pages\/38638\/revisions\/46178"}],"wp:attachment":[{"href":"https:\/\/fahlenofsweden.com\/en\/wp-json\/wp\/v2\/media?parent=38638"}],"curies":[{"name":"wp","href":"https:\/\/api.w.org\/{rel}","templated":true}]}}