{"id":40553,"date":"2021-01-11T14:24:49","date_gmt":"2021-01-11T13:24:49","guid":{"rendered":"https:\/\/fahlenofsweden.com\/futura-fiber-hair-care-styling\/futura-hair-faq\/"},"modified":"2024-07-15T17:56:11","modified_gmt":"2024-07-15T15:56:11","slug":"futura-hair-faq","status":"publish","type":"page","link":"https:\/\/fahlenofsweden.com\/en\/futura-fiber-hair-care-styling\/futura-hair-faq\/","title":{"rendered":"FUTURA HAIR FAQ"},"content":{"rendered":"\t\t<div data-elementor-type=\"wp-page\" data-elementor-id=\"40553\" class=\"elementor elementor-40553 elementor-30496\" data-elementor-post-type=\"page\">\n\t\t\t\t\t\t<section class=\"elementor-section elementor-top-section elementor-element elementor-element-e5e2f39 elementor-section-height-min-height elementor-section-boxed elementor-section-height-default elementor-section-items-middle\" data-id=\"e5e2f39\" data-element_type=\"section\" data-e-type=\"section\">\n\t\t\t\t\t\t<div class=\"elementor-container elementor-column-gap-default\">\n\t\t\t\t\t<div class=\"elementor-column elementor-col-100 elementor-top-column elementor-element elementor-element-4f6302a\" data-id=\"4f6302a\" data-element_type=\"column\" data-e-type=\"column\">\n\t\t\t<div class=\"elementor-widget-wrap elementor-element-populated\">\n\t\t\t\t\t\t<div class=\"elementor-element elementor-element-a912012 elementor-widget elementor-widget-heading\" data-id=\"a912012\" data-element_type=\"widget\" data-e-type=\"widget\" data-widget_type=\"heading.default\">\n\t\t\t\t<div class=\"elementor-widget-container\">\n\t\t\t\t\t<h1 class=\"elementor-heading-title elementor-size-default\">FUTURA HAIR FAQ<\/h1>\t\t\t\t<\/div>\n\t\t\t\t<\/div>\n\t\t\t\t\t<\/div>\n\t\t<\/div>\n\t\t\t\t\t<\/div>\n\t\t<\/section>\n\t\t\t\t<section class=\"elementor-section elementor-top-section elementor-element elementor-element-9e59df9 elementor-section-height-min-height elementor-section-boxed elementor-section-height-default elementor-section-items-middle\" data-id=\"9e59df9\" data-element_type=\"section\" data-e-type=\"section\">\n\t\t\t\t\t\t<div class=\"elementor-container elementor-column-gap-default\">\n\t\t\t\t\t<div class=\"elementor-column elementor-col-100 elementor-top-column elementor-element elementor-element-5f7f1f37\" data-id=\"5f7f1f37\" data-element_type=\"column\" data-e-type=\"column\">\n\t\t\t<div class=\"elementor-widget-wrap elementor-element-populated\">\n\t\t\t\t\t\t<div class=\"elementor-element elementor-element-23e3cef2 elementor-widget elementor-widget-text-editor\" data-id=\"23e3cef2\" data-element_type=\"widget\" data-e-type=\"widget\" data-widget_type=\"text-editor.default\">\n\t\t\t\t<div class=\"elementor-widget-container\">\n\t\t\t\t\t\t\t\t\t<p><\/p>\n<p>FOS can proudly present that we work with Japanese Futura fiber extensions &#8211; and now you have the opportunity to wear it!<\/p>\n<p>Our synthetic hair is our most affordable option, but made of the highest possible quality and heat resistant.<\/p>\n<p>We offer only the best, with an incredible variety of color and style, we hope you find something just for you.<\/p>\n<p style=\"text-align: center;\"> <\/p>\n<p><\/p>\n<p><\/p>\t\t\t\t\t\t\t\t<\/div>\n\t\t\t\t<\/div>\n\t\t\t\t\t<\/div>\n\t\t<\/div>\n\t\t\t\t\t<\/div>\n\t\t<\/section>\n\t\t\t\t<section class=\"elementor-section elementor-top-section elementor-element elementor-element-0b42610 elementor-section-boxed elementor-section-height-default elementor-section-height-default\" data-id=\"0b42610\" data-element_type=\"section\" data-e-type=\"section\">\n\t\t\t\t\t\t<div class=\"elementor-container elementor-column-gap-default\">\n\t\t\t\t\t<div class=\"elementor-column elementor-col-100 elementor-top-column elementor-element elementor-element-b0386fc\" data-id=\"b0386fc\" data-element_type=\"column\" data-e-type=\"column\">\n\t\t\t<div class=\"elementor-widget-wrap elementor-element-populated\">\n\t\t\t\t\t\t<div class=\"elementor-element elementor-element-1b97e94 elementor-widget elementor-widget-heading\" data-id=\"1b97e94\" data-element_type=\"widget\" data-e-type=\"widget\" data-widget_type=\"heading.default\">\n\t\t\t\t<div class=\"elementor-widget-container\">\n\t\t\t\t\t<h2 class=\"elementor-heading-title elementor-size-default\">QUESTIONS AND ANSWERS\n<\/h2>\t\t\t\t<\/div>\n\t\t\t\t<\/div>\n\t\t\t\t\t<\/div>\n\t\t<\/div>\n\t\t\t\t\t<\/div>\n\t\t<\/section>\n\t\t\t\t<section class=\"elementor-section elementor-top-section elementor-element elementor-element-c2f804d elementor-section-boxed elementor-section-height-default elementor-section-height-default\" data-id=\"c2f804d\" data-element_type=\"section\" data-e-type=\"section\">\n\t\t\t\t\t\t<div class=\"elementor-container elementor-column-gap-default\">\n\t\t\t\t\t<div class=\"elementor-column elementor-col-100 elementor-top-column elementor-element elementor-element-5536691\" data-id=\"5536691\" data-element_type=\"column\" data-e-type=\"column\">\n\t\t\t<div class=\"elementor-widget-wrap elementor-element-populated\">\n\t\t\t\t\t\t<div class=\"elementor-element elementor-element-8db310b elementor-widget elementor-widget-text-editor\" data-id=\"8db310b\" data-element_type=\"widget\" data-e-type=\"widget\" data-widget_type=\"text-editor.default\">\n\t\t\t\t<div class=\"elementor-widget-container\">\n\t\t\t\t\t\t\t\t\t<p>Frequently asked questions regarding the care of your beautiful fiber hair<\/p>\n\t\t\t\t\t\t\t\t<\/div>\n\t\t\t\t<\/div>\n\t\t\t\t\t<\/div>\n\t\t<\/div>\n\t\t\t\t\t<\/div>\n\t\t<\/section>\n\t\t\t\t<section class=\"elementor-section elementor-top-section elementor-element elementor-element-37ff5b83 elementor-section-boxed elementor-section-height-default elementor-section-height-default\" data-id=\"37ff5b83\" data-element_type=\"section\" data-e-type=\"section\">\n\t\t\t\t\t\t<div class=\"elementor-container elementor-column-gap-default\">\n\t\t\t\t\t<div class=\"elementor-column elementor-col-100 elementor-top-column elementor-element elementor-element-985f508\" data-id=\"985f508\" data-element_type=\"column\" data-e-type=\"column\">\n\t\t\t<div class=\"elementor-widget-wrap elementor-element-populated\">\n\t\t\t\t\t\t<div class=\"elementor-element elementor-element-edd3eda elementor-widget elementor-widget-accordion\" data-id=\"edd3eda\" data-element_type=\"widget\" data-e-type=\"widget\" data-widget_type=\"accordion.default\">\n\t\t\t\t<div class=\"elementor-widget-container\">\n\t\t\t\t\t\t\t<div class=\"elementor-accordion\">\n\t\t\t\t\t\t\t<div class=\"elementor-accordion-item\">\n\t\t\t\t\t<div id=\"elementor-tab-title-2491\" class=\"elementor-tab-title\" data-tab=\"1\" role=\"button\" aria-controls=\"elementor-tab-content-2491\" aria-expanded=\"false\">\n\t\t\t\t\t\t\t\t\t\t\t\t\t<span class=\"elementor-accordion-icon elementor-accordion-icon-left\" aria-hidden=\"true\">\n\t\t\t\t\t\t\t\t\t\t\t\t\t\t\t<span class=\"elementor-accordion-icon-closed\"><i class=\"fas fa-plus\"><\/i><\/span>\n\t\t\t\t\t\t\t\t<span class=\"elementor-accordion-icon-opened\"><i class=\"fas fa-minus\"><\/i><\/span>\n\t\t\t\t\t\t\t\t\t\t\t\t\t\t<\/span>\n\t\t\t\t\t\t\t\t\t\t\t\t<a class=\"elementor-accordion-title\" tabindex=\"0\">WHAT IS FUTURA HAIR?<\/a>\n\t\t\t\t\t<\/div>\n\t\t\t\t\t<div id=\"elementor-tab-content-2491\" class=\"elementor-tab-content elementor-clearfix\" data-tab=\"1\" role=\"region\" aria-labelledby=\"elementor-tab-title-2491\"><p>The Futura hair is made from the highest quality heat resistant fibers created in Japan. The Futura fiber is created to mimic the feel and look of human hair, it is soft and silky to the touch, the only difference is that it has not been cut from a human. The most appealing aspect of futura hair is that it can be worn right out of the box with little or no styling.<\/p>\n<p>The fiber used has &#8220;memory&#8221; for wave, curl and volume which causes the hair to bounce back into place with minimal effort. The curl pattern is permanently set. It can even last in bad weather. Depending on how much you wear it and how you treat it, the lifespan is about 3 months or more.<\/p>\n<p>All of our Futura wigs are named for personalization.<\/p><\/p>\n<\/div>\n\t\t\t\t<\/div>\n\t\t\t\t\t\t\t<div class=\"elementor-accordion-item\">\n\t\t\t\t\t<div id=\"elementor-tab-title-2492\" class=\"elementor-tab-title\" data-tab=\"2\" role=\"button\" aria-controls=\"elementor-tab-content-2492\" aria-expanded=\"false\">\n\t\t\t\t\t\t\t\t\t\t\t\t\t<span class=\"elementor-accordion-icon elementor-accordion-icon-left\" aria-hidden=\"true\">\n\t\t\t\t\t\t\t\t\t\t\t\t\t\t\t<span class=\"elementor-accordion-icon-closed\"><i class=\"fas fa-plus\"><\/i><\/span>\n\t\t\t\t\t\t\t\t<span class=\"elementor-accordion-icon-opened\"><i class=\"fas fa-minus\"><\/i><\/span>\n\t\t\t\t\t\t\t\t\t\t\t\t\t\t<\/span>\n\t\t\t\t\t\t\t\t\t\t\t\t<a class=\"elementor-accordion-title\" tabindex=\"0\">CAN I WASH MY HAIR?<\/a>\n\t\t\t\t\t<\/div>\n\t\t\t\t\t<div id=\"elementor-tab-content-2492\" class=\"elementor-tab-content elementor-clearfix\" data-tab=\"2\" role=\"region\" aria-labelledby=\"elementor-tab-title-2492\"><p>Yes, you can wash Futura hair.<\/p>\n<p>However, we recommend that you only use wig shampoos and conditioners that are specially formulated to clean the fibers gently and thoroughly, as the shampoos and conditioners are not greasy, but provide good conditioning with natural elements that do not oversaturate or weigh down the hair, making<\/p>\n<p>Remember, you should always avoid oil-based products &#8211; alcohol is another ingredient that can cause dryness and roughness over time.<\/p>\n<p>Read more about how to wash your Futura hair <a href=\"https:\/\/fahlenofsweden.com\/luxe-fiber-harvard-styling\/harvard-styling\/harvardinstruktioner\/\">HERE<\/a>.<\/p>\n<\/div>\n\t\t\t\t<\/div>\n\t\t\t\t\t\t\t<div class=\"elementor-accordion-item\">\n\t\t\t\t\t<div id=\"elementor-tab-title-2493\" class=\"elementor-tab-title\" data-tab=\"3\" role=\"button\" aria-controls=\"elementor-tab-content-2493\" aria-expanded=\"false\">\n\t\t\t\t\t\t\t\t\t\t\t\t\t<span class=\"elementor-accordion-icon elementor-accordion-icon-left\" aria-hidden=\"true\">\n\t\t\t\t\t\t\t\t\t\t\t\t\t\t\t<span class=\"elementor-accordion-icon-closed\"><i class=\"fas fa-plus\"><\/i><\/span>\n\t\t\t\t\t\t\t\t<span class=\"elementor-accordion-icon-opened\"><i class=\"fas fa-minus\"><\/i><\/span>\n\t\t\t\t\t\t\t\t\t\t\t\t\t\t<\/span>\n\t\t\t\t\t\t\t\t\t\t\t\t<a class=\"elementor-accordion-title\" tabindex=\"0\">CAN I USE HEAT TOOLS ON FUTURA HAIR?<\/a>\n\t\t\t\t\t<\/div>\n\t\t\t\t\t<div id=\"elementor-tab-content-2493\" class=\"elementor-tab-content elementor-clearfix\" data-tab=\"3\" role=\"region\" aria-labelledby=\"elementor-tab-title-2493\"><p>All our extensions are made from futura fiber which is heat resistant. You can use a straightener or curling iron &#8211; remember that the temperature should be around 170 to 200 degrees maximum &#8211; we recommend a temperature of 180 degrees.<\/p>\n<p>Because fibers don&#8217;t react like human hair, you don&#8217;t need to keep the heat tools in contact with the hair as long, keep it short. Be aware that excessive heat can cause the fiber to become frizzy over time. We recommend buying the style you want straight away rather than trying to style it, this will help keep your extensions in good shape throughout their life. Read more about how to take care of your Futura Hair <a href=\"https:\/\/fahlenofsweden.com\/luxe-fiber-harvard-styling\/harvard-styling\/harvardinstruktioner\/\">HERE<\/a><\/p>\n<\/div>\n\t\t\t\t<\/div>\n\t\t\t\t\t\t\t\t<\/div>\n\t\t\t\t\t\t<\/div>\n\t\t\t\t<\/div>\n\t\t\t\t\t<\/div>\n\t\t<\/div>\n\t\t\t\t\t<\/div>\n\t\t<\/section>\n\t\t\t\t<\/div>\n\t\t","protected":false},"excerpt":{"rendered":"<p>FUTURA HAIR FAQ FOS can proudly present that we work with Japanese Futura fiber extensions &#8211; and now you have the opportunity to wear it! Our synthetic hair is our most affordable option, but made of the highest possible quality and heat resistant. We offer only the best, with an incredible variety of color and [&hellip;]<\/p>\n","protected":false},"author":0,"featured_media":0,"parent":40551,"menu_order":0,"comment_status":"closed","ping_status":"closed","template":"elementor_header_footer","meta":{"jetpack_post_was_ever_published":false,"footnotes":""},"class_list":["post-40553","page","type-page","status-publish","hentry"],"yoast_head":"<!-- This site is optimized with the Yoast SEO Premium plugin v26.3 (Yoast SEO v27.3) - https:\/\/yoast.com\/product\/yoast-seo-premium-wordpress\/ -->\n<title>FUTURA HAIR FAQ | FAHL\u00c9N OF SWEDEN<\/title>\n<meta name=\"description\" content=\"Futura Hair is a Japanese heat-resistant fiber - affordable and of the highest quality. Read more about it in our Futura Hair FAQ.\" \/>\n<meta name=\"robots\" content=\"index, follow, max-snippet:-1, max-image-preview:large, max-video-preview:-1\" \/>\n<link rel=\"canonical\" href=\"https:\/\/fahlenofsweden.com\/en\/futura-fiber-hair-care-styling\/futura-hair-faq\/\" \/>\n<meta property=\"og:locale\" content=\"en_US\" \/>\n<meta property=\"og:type\" content=\"article\" \/>\n<meta property=\"og:title\" content=\"FUTURA HAIR FAQ\" \/>\n<meta property=\"og:description\" content=\"Futura Hair is a Japanese heat-resistant fiber - affordable and of the highest quality. Read more about it in our Futura Hair FAQ.\" \/>\n<meta property=\"og:url\" content=\"https:\/\/fahlenofsweden.com\/en\/futura-fiber-hair-care-styling\/futura-hair-faq\/\" \/>\n<meta property=\"og:site_name\" content=\"FAHL\u00c9N OF SWEDEN\" \/>\n<meta property=\"article:publisher\" content=\"https:\/\/www.facebook.com\/FahlenOfSwedenFos\/\" \/>\n<meta property=\"article:modified_time\" content=\"2024-07-15T15:56:11+00:00\" \/>\n<meta name=\"twitter:card\" content=\"summary_large_image\" \/>\n<meta name=\"twitter:label1\" content=\"Est. reading time\" \/>\n\t<meta name=\"twitter:data1\" content=\"2 minutes\" \/>\n<script type=\"application\/ld+json\" class=\"yoast-schema-graph\">{\"@context\":\"https:\\\/\\\/schema.org\",\"@graph\":[{\"@type\":\"WebPage\",\"@id\":\"https:\\\/\\\/fahlenofsweden.com\\\/en\\\/futura-fiber-hair-care-styling\\\/futura-hair-faq\\\/\",\"url\":\"https:\\\/\\\/fahlenofsweden.com\\\/en\\\/futura-fiber-hair-care-styling\\\/futura-hair-faq\\\/\",\"name\":\"FUTURA HAIR FAQ | FAHL\u00c9N OF SWEDEN\",\"isPartOf\":{\"@id\":\"http:\\\/\\\/fahlenofsweden.com\\\/en\\\/#website\"},\"datePublished\":\"2021-01-11T13:24:49+00:00\",\"dateModified\":\"2024-07-15T15:56:11+00:00\",\"description\":\"Futura Hair is a Japanese heat-resistant fiber - affordable and of the highest quality. Read more about it in our Futura Hair FAQ.\",\"breadcrumb\":{\"@id\":\"https:\\\/\\\/fahlenofsweden.com\\\/en\\\/futura-fiber-hair-care-styling\\\/futura-hair-faq\\\/#breadcrumb\"},\"inLanguage\":\"en-US\",\"potentialAction\":[{\"@type\":\"ReadAction\",\"target\":[\"https:\\\/\\\/fahlenofsweden.com\\\/en\\\/futura-fiber-hair-care-styling\\\/futura-hair-faq\\\/\"]}]},{\"@type\":\"BreadcrumbList\",\"@id\":\"https:\\\/\\\/fahlenofsweden.com\\\/en\\\/futura-fiber-hair-care-styling\\\/futura-hair-faq\\\/#breadcrumb\",\"itemListElement\":[{\"@type\":\"ListItem\",\"position\":1,\"name\":\"Hem\",\"item\":\"https:\\\/\\\/fahlenofsweden.com\\\/en\\\/fos-home\\\/\"},{\"@type\":\"ListItem\",\"position\":2,\"name\":\"Futura Fiber Hair Care &amp; Styling\",\"item\":\"https:\\\/\\\/fahlenofsweden.com\\\/en\\\/futura-fiber-hair-care-styling\\\/\"},{\"@type\":\"ListItem\",\"position\":3,\"name\":\"FUTURA HAIR FAQ\"}]},{\"@type\":\"WebSite\",\"@id\":\"http:\\\/\\\/fahlenofsweden.com\\\/en\\\/#website\",\"url\":\"http:\\\/\\\/fahlenofsweden.com\\\/en\\\/\",\"name\":\"FAHL\u00c9N OF SWEDEN AB\",\"description\":\"FAHL\u00c9N OF SWEDEN | Officiell hemsida | H\u00e5r, Sk\u00f6nhet, Mode &amp; Livsstil.\",\"publisher\":{\"@id\":\"http:\\\/\\\/fahlenofsweden.com\\\/en\\\/#organization\"},\"potentialAction\":[{\"@type\":\"SearchAction\",\"target\":{\"@type\":\"EntryPoint\",\"urlTemplate\":\"http:\\\/\\\/fahlenofsweden.com\\\/en\\\/?s={search_term_string}\"},\"query-input\":{\"@type\":\"PropertyValueSpecification\",\"valueRequired\":true,\"valueName\":\"search_term_string\"}}],\"inLanguage\":\"en-US\"},{\"@type\":\"Organization\",\"@id\":\"http:\\\/\\\/fahlenofsweden.com\\\/en\\\/#organization\",\"name\":\"FAHL\u00c9N OF SWEDEN AB\",\"url\":\"http:\\\/\\\/fahlenofsweden.com\\\/en\\\/\",\"logo\":{\"@type\":\"ImageObject\",\"inLanguage\":\"en-US\",\"@id\":\"http:\\\/\\\/fahlenofsweden.com\\\/en\\\/#\\\/schema\\\/logo\\\/image\\\/\",\"url\":\"https:\\\/\\\/fahlenofsweden.com\\\/wp-content\\\/uploads\\\/2024\\\/04\\\/2-e1712925412402.png\",\"contentUrl\":\"https:\\\/\\\/fahlenofsweden.com\\\/wp-content\\\/uploads\\\/2024\\\/04\\\/2-e1712925412402.png\",\"width\":2400,\"height\":1153,\"caption\":\"FAHL\u00c9N OF SWEDEN AB\"},\"image\":{\"@id\":\"http:\\\/\\\/fahlenofsweden.com\\\/en\\\/#\\\/schema\\\/logo\\\/image\\\/\"},\"sameAs\":[\"https:\\\/\\\/www.facebook.com\\\/FahlenOfSwedenFos\\\/\",\"https:\\\/\\\/www.instagram.com\\\/fahlenofsweden\\\/\"]}]}<\/script>\n<!-- \/ Yoast SEO Premium plugin. -->","yoast_head_json":{"title":"FUTURA HAIR FAQ | FAHL\u00c9N OF SWEDEN","description":"Futura Hair is a Japanese heat-resistant fiber - affordable and of the highest quality. Read more about it in our Futura Hair FAQ.","robots":{"index":"index","follow":"follow","max-snippet":"max-snippet:-1","max-image-preview":"max-image-preview:large","max-video-preview":"max-video-preview:-1"},"canonical":"https:\/\/fahlenofsweden.com\/en\/futura-fiber-hair-care-styling\/futura-hair-faq\/","og_locale":"en_US","og_type":"article","og_title":"FUTURA HAIR FAQ","og_description":"Futura Hair is a Japanese heat-resistant fiber - affordable and of the highest quality. Read more about it in our Futura Hair FAQ.","og_url":"https:\/\/fahlenofsweden.com\/en\/futura-fiber-hair-care-styling\/futura-hair-faq\/","og_site_name":"FAHL\u00c9N OF SWEDEN","article_publisher":"https:\/\/www.facebook.com\/FahlenOfSwedenFos\/","article_modified_time":"2024-07-15T15:56:11+00:00","twitter_card":"summary_large_image","twitter_misc":{"Est. reading time":"2 minutes"},"schema":{"@context":"https:\/\/schema.org","@graph":[{"@type":"WebPage","@id":"https:\/\/fahlenofsweden.com\/en\/futura-fiber-hair-care-styling\/futura-hair-faq\/","url":"https:\/\/fahlenofsweden.com\/en\/futura-fiber-hair-care-styling\/futura-hair-faq\/","name":"FUTURA HAIR FAQ | FAHL\u00c9N OF SWEDEN","isPartOf":{"@id":"http:\/\/fahlenofsweden.com\/en\/#website"},"datePublished":"2021-01-11T13:24:49+00:00","dateModified":"2024-07-15T15:56:11+00:00","description":"Futura Hair is a Japanese heat-resistant fiber - affordable and of the highest quality. Read more about it in our Futura Hair FAQ.","breadcrumb":{"@id":"https:\/\/fahlenofsweden.com\/en\/futura-fiber-hair-care-styling\/futura-hair-faq\/#breadcrumb"},"inLanguage":"en-US","potentialAction":[{"@type":"ReadAction","target":["https:\/\/fahlenofsweden.com\/en\/futura-fiber-hair-care-styling\/futura-hair-faq\/"]}]},{"@type":"BreadcrumbList","@id":"https:\/\/fahlenofsweden.com\/en\/futura-fiber-hair-care-styling\/futura-hair-faq\/#breadcrumb","itemListElement":[{"@type":"ListItem","position":1,"name":"Hem","item":"https:\/\/fahlenofsweden.com\/en\/fos-home\/"},{"@type":"ListItem","position":2,"name":"Futura Fiber Hair Care &amp; Styling","item":"https:\/\/fahlenofsweden.com\/en\/futura-fiber-hair-care-styling\/"},{"@type":"ListItem","position":3,"name":"FUTURA HAIR FAQ"}]},{"@type":"WebSite","@id":"http:\/\/fahlenofsweden.com\/en\/#website","url":"http:\/\/fahlenofsweden.com\/en\/","name":"FAHL\u00c9N OF SWEDEN AB","description":"FAHL\u00c9N OF SWEDEN | Officiell hemsida | H\u00e5r, Sk\u00f6nhet, Mode &amp; Livsstil.","publisher":{"@id":"http:\/\/fahlenofsweden.com\/en\/#organization"},"potentialAction":[{"@type":"SearchAction","target":{"@type":"EntryPoint","urlTemplate":"http:\/\/fahlenofsweden.com\/en\/?s={search_term_string}"},"query-input":{"@type":"PropertyValueSpecification","valueRequired":true,"valueName":"search_term_string"}}],"inLanguage":"en-US"},{"@type":"Organization","@id":"http:\/\/fahlenofsweden.com\/en\/#organization","name":"FAHL\u00c9N OF SWEDEN AB","url":"http:\/\/fahlenofsweden.com\/en\/","logo":{"@type":"ImageObject","inLanguage":"en-US","@id":"http:\/\/fahlenofsweden.com\/en\/#\/schema\/logo\/image\/","url":"https:\/\/fahlenofsweden.com\/wp-content\/uploads\/2024\/04\/2-e1712925412402.png","contentUrl":"https:\/\/fahlenofsweden.com\/wp-content\/uploads\/2024\/04\/2-e1712925412402.png","width":2400,"height":1153,"caption":"FAHL\u00c9N OF SWEDEN AB"},"image":{"@id":"http:\/\/fahlenofsweden.com\/en\/#\/schema\/logo\/image\/"},"sameAs":["https:\/\/www.facebook.com\/FahlenOfSwedenFos\/","https:\/\/www.instagram.com\/fahlenofsweden\/"]}]}},"jetpack_sharing_enabled":true,"_links":{"self":[{"href":"https:\/\/fahlenofsweden.com\/en\/wp-json\/wp\/v2\/pages\/40553","targetHints":{"allow":["GET"]}}],"collection":[{"href":"https:\/\/fahlenofsweden.com\/en\/wp-json\/wp\/v2\/pages"}],"about":[{"href":"https:\/\/fahlenofsweden.com\/en\/wp-json\/wp\/v2\/types\/page"}],"replies":[{"embeddable":true,"href":"https:\/\/fahlenofsweden.com\/en\/wp-json\/wp\/v2\/comments?post=40553"}],"version-history":[{"count":1,"href":"https:\/\/fahlenofsweden.com\/en\/wp-json\/wp\/v2\/pages\/40553\/revisions"}],"predecessor-version":[{"id":40554,"href":"https:\/\/fahlenofsweden.com\/en\/wp-json\/wp\/v2\/pages\/40553\/revisions\/40554"}],"up":[{"embeddable":true,"href":"https:\/\/fahlenofsweden.com\/en\/wp-json\/wp\/v2\/pages\/40551"}],"wp:attachment":[{"href":"https:\/\/fahlenofsweden.com\/en\/wp-json\/wp\/v2\/media?parent=40553"}],"curies":[{"name":"wp","href":"https:\/\/api.w.org\/{rel}","templated":true}]}}