{"id":40555,"date":"2020-12-22T13:48:34","date_gmt":"2020-12-22T12:48:34","guid":{"rendered":"https:\/\/fahlenofsweden.com\/futura-fiber-hair-care-styling\/harrowing-instructions-guide\/"},"modified":"2024-07-15T18:45:36","modified_gmt":"2024-07-15T16:45:36","slug":"haircare-instructions-guide","status":"publish","type":"page","link":"https:\/\/fahlenofsweden.com\/en\/futura-fiber-hair-care-styling\/haircare-instructions-guide\/","title":{"rendered":"Hair Care instructions guide"},"content":{"rendered":"\t\t<div data-elementor-type=\"wp-page\" data-elementor-id=\"40555\" class=\"elementor elementor-40555 elementor-30504\" data-elementor-post-type=\"page\">\n\t\t\t\t\t\t<section class=\"elementor-section elementor-top-section elementor-element elementor-element-372d22e elementor-section-boxed elementor-section-height-default elementor-section-height-default\" data-id=\"372d22e\" data-element_type=\"section\" data-e-type=\"section\" id=\"fos-page-sec\">\n\t\t\t\t\t\t<div class=\"elementor-container elementor-column-gap-default\">\n\t\t\t\t\t<div class=\"elementor-column elementor-col-100 elementor-top-column elementor-element elementor-element-d0c0c70\" data-id=\"d0c0c70\" data-element_type=\"column\" data-e-type=\"column\">\n\t\t\t<div class=\"elementor-widget-wrap elementor-element-populated\">\n\t\t\t\t\t\t<div class=\"elementor-element elementor-element-cc05e2f elementor-widget elementor-widget-heading\" data-id=\"cc05e2f\" data-element_type=\"widget\" data-e-type=\"widget\" data-widget_type=\"heading.default\">\n\t\t\t\t<div class=\"elementor-widget-container\">\n\t\t\t\t\t<h1 class=\"elementor-heading-title elementor-size-large\"><a href=\"https:\/\/fahlenofsweden.com\/en\/luxe-fiber-hair-care-styling\/hair-care-styling\/hair-care-instructions\/\">HAIR CARE INSTRUCTIONS<\/a><\/h1>\t\t\t\t<\/div>\n\t\t\t\t<\/div>\n\t\t\t\t\t<\/div>\n\t\t<\/div>\n\t\t\t\t\t<\/div>\n\t\t<\/section>\n\t\t\t\t<section class=\"elementor-section elementor-top-section elementor-element elementor-element-fa730dc elementor-section-boxed elementor-section-height-default elementor-section-height-default\" data-id=\"fa730dc\" data-element_type=\"section\" data-e-type=\"section\">\n\t\t\t\t\t\t<div class=\"elementor-container elementor-column-gap-default\">\n\t\t\t\t\t<div class=\"elementor-column elementor-col-100 elementor-top-column elementor-element elementor-element-6981ace\" data-id=\"6981ace\" data-element_type=\"column\" data-e-type=\"column\">\n\t\t\t<div class=\"elementor-widget-wrap elementor-element-populated\">\n\t\t\t\t\t\t<div class=\"elementor-element elementor-element-1927152 elementor-widget elementor-widget-text-editor\" data-id=\"1927152\" data-element_type=\"widget\" data-e-type=\"widget\" data-widget_type=\"text-editor.default\">\n\t\t\t\t<div class=\"elementor-widget-container\">\n\t\t\t\t\t\t\t\t\t<p>Whether it&#8217;s <a href=\"https:\/\/fahlenofsweden.com\/hair\/produkt-kategori\/luxe-futura-har\/lace-front-peruker\/\">wigs<\/a>, <a href=\"https:\/\/fahlenofsweden.com\/hair\/produkt-kategori\/luxe-futura-har\/harforlangningar\/\">extensions<\/a>, <a href=\"https:\/\/fahlenofsweden.com\/hair\/produkt-kategori\/luxe-futura-har\/\">synthetic hair<\/a> or <a href=\"https:\/\/fahlenofsweden.com\/hair\/produkt-kategori\/akta-har\">real hair<\/a>, you need to take good care of it by washing it regularly.<\/p>\n<p>To help with your wig\/extension hair care routine at home we have created a simple step by step guide, whether you have real hair or synthetic hair we all want healthy and long lasting hair. <\/p>\n\t\t\t\t\t\t\t\t<\/div>\n\t\t\t\t<\/div>\n\t\t\t\t\t<\/div>\n\t\t<\/div>\n\t\t\t\t\t<\/div>\n\t\t<\/section>\n\t\t<div class=\"elementor-element elementor-element-228f332 e-flex e-con-boxed e-con e-parent\" data-id=\"228f332\" data-element_type=\"container\" data-e-type=\"container\">\n\t\t\t\t\t<div class=\"e-con-inner\">\n\t\t<div class=\"elementor-element elementor-element-e49f722 e-con-full e-flex e-con e-child\" data-id=\"e49f722\" data-element_type=\"container\" data-e-type=\"container\">\n\t\t\t\t<div class=\"elementor-element elementor-element-ff465a0 elementor-widget elementor-widget-image\" data-id=\"ff465a0\" data-element_type=\"widget\" data-e-type=\"widget\" data-widget_type=\"image.default\">\n\t\t\t\t<div class=\"elementor-widget-container\">\n\t\t\t\t\t\t\t\t\t\t\t\t\t\t\t<img fetchpriority=\"high\" decoding=\"async\" width=\"595\" height=\"332\" src=\"https:\/\/i0.wp.com\/fahlenofsweden.com\/wp-content\/uploads\/2024\/04\/fffff-scaled.jpg?fit=595%2C332&amp;ssl=1\" class=\"attachment-large size-large wp-image-39760\" alt=\"\" srcset=\"https:\/\/i0.wp.com\/fahlenofsweden.com\/wp-content\/uploads\/2024\/04\/fffff-scaled.jpg?w=2400&amp;ssl=1 2400w, https:\/\/i0.wp.com\/fahlenofsweden.com\/wp-content\/uploads\/2024\/04\/fffff-scaled.jpg?resize=300%2C168&amp;ssl=1 300w, https:\/\/i0.wp.com\/fahlenofsweden.com\/wp-content\/uploads\/2024\/04\/fffff-scaled.jpg?resize=1024%2C572&amp;ssl=1 1024w, https:\/\/i0.wp.com\/fahlenofsweden.com\/wp-content\/uploads\/2024\/04\/fffff-scaled.jpg?resize=768%2C429&amp;ssl=1 768w, https:\/\/i0.wp.com\/fahlenofsweden.com\/wp-content\/uploads\/2024\/04\/fffff-scaled.jpg?resize=1536%2C858&amp;ssl=1 1536w, https:\/\/i0.wp.com\/fahlenofsweden.com\/wp-content\/uploads\/2024\/04\/fffff-scaled.jpg?resize=2048%2C1144&amp;ssl=1 2048w, https:\/\/i0.wp.com\/fahlenofsweden.com\/wp-content\/uploads\/2024\/04\/fffff-scaled.jpg?resize=1000%2C558&amp;ssl=1 1000w\" sizes=\"(max-width: 595px) 100vw, 595px\" \/>\t\t\t\t\t\t\t\t\t\t\t\t\t\t\t<\/div>\n\t\t\t\t<\/div>\n\t\t\t\t<\/div>\n\t\t<div class=\"elementor-element elementor-element-6eea535 e-con-full e-flex e-con e-child\" data-id=\"6eea535\" data-element_type=\"container\" data-e-type=\"container\">\n\t\t\t\t<div class=\"elementor-element elementor-element-108e329 elementor-widget elementor-widget-image\" data-id=\"108e329\" data-element_type=\"widget\" data-e-type=\"widget\" data-widget_type=\"image.default\">\n\t\t\t\t<div class=\"elementor-widget-container\">\n\t\t\t\t\t\t\t\t\t\t\t\t\t\t\t<img decoding=\"async\" width=\"768\" height=\"512\" src=\"https:\/\/i0.wp.com\/fahlenofsweden.com\/wp-content\/uploads\/2024\/04\/shutterstock_17410028361-scaled.jpg?fit=768%2C512&amp;ssl=1\" class=\"attachment-medium_large size-medium_large wp-image-39758\" alt=\"\" srcset=\"https:\/\/i0.wp.com\/fahlenofsweden.com\/wp-content\/uploads\/2024\/04\/shutterstock_17410028361-scaled.jpg?w=2400&amp;ssl=1 2400w, https:\/\/i0.wp.com\/fahlenofsweden.com\/wp-content\/uploads\/2024\/04\/shutterstock_17410028361-scaled.jpg?resize=300%2C200&amp;ssl=1 300w, https:\/\/i0.wp.com\/fahlenofsweden.com\/wp-content\/uploads\/2024\/04\/shutterstock_17410028361-scaled.jpg?resize=1024%2C683&amp;ssl=1 1024w, https:\/\/i0.wp.com\/fahlenofsweden.com\/wp-content\/uploads\/2024\/04\/shutterstock_17410028361-scaled.jpg?resize=768%2C512&amp;ssl=1 768w, https:\/\/i0.wp.com\/fahlenofsweden.com\/wp-content\/uploads\/2024\/04\/shutterstock_17410028361-scaled.jpg?resize=1536%2C1024&amp;ssl=1 1536w, https:\/\/i0.wp.com\/fahlenofsweden.com\/wp-content\/uploads\/2024\/04\/shutterstock_17410028361-scaled.jpg?resize=2048%2C1365&amp;ssl=1 2048w, https:\/\/i0.wp.com\/fahlenofsweden.com\/wp-content\/uploads\/2024\/04\/shutterstock_17410028361-scaled.jpg?resize=1000%2C667&amp;ssl=1 1000w\" sizes=\"(max-width: 768px) 100vw, 768px\" \/>\t\t\t\t\t\t\t\t\t\t\t\t\t\t\t<\/div>\n\t\t\t\t<\/div>\n\t\t\t\t<\/div>\n\t\t\t\t\t<\/div>\n\t\t\t\t<\/div>\n\t\t\t\t<section class=\"elementor-section elementor-top-section elementor-element elementor-element-358996a0 elementor-section-boxed elementor-section-height-default elementor-section-height-default\" data-id=\"358996a0\" data-element_type=\"section\" data-e-type=\"section\">\n\t\t\t\t\t\t<div class=\"elementor-container elementor-column-gap-default\">\n\t\t\t\t\t<div class=\"elementor-column elementor-col-100 elementor-top-column elementor-element elementor-element-f23abb0\" data-id=\"f23abb0\" data-element_type=\"column\" data-e-type=\"column\">\n\t\t\t<div class=\"elementor-widget-wrap elementor-element-populated\">\n\t\t\t\t\t\t<div class=\"elementor-element elementor-element-3fe25739 elementor-widget elementor-widget-text-editor\" data-id=\"3fe25739\" data-element_type=\"widget\" data-e-type=\"widget\" data-widget_type=\"text-editor.default\">\n\t\t\t\t<div class=\"elementor-widget-container\">\n\t\t\t\t\t\t\t\t\t<div class=\"wp-block-jetpack-tiled-gallery is-style-columns\">\n<div class=\"tiled-gallery__gallery\">\n<div class=\"tiled-gallery__row\">\n<div class=\"tiled-gallery__col\" style=\"flex-basis: 54.3895%; text-align: center;\">\n<p><strong>FIBER HAIR<\/strong><\/p>\n<p>To keep your wig shiny, avoid damaging your wig and your wig net, here are some tips on how to wash your hair like a pro!<\/p>\n<p><strong><u>PREPARATION<\/u><\/strong><\/p>\n<p>Gently comb the hair with a paddle brush\/tooth comb.<\/p>\n<p>Combing is not suitable for curly hair.<\/p>\n<p>Separate it gently with your fingers if it gets tangled.<\/p>\n<\/p>\n<p><strong><u>SHAMPOOING<\/u><\/strong><\/p>\n<p>Rinse your hair in warm water, use a quality shampoo and shampoo your hair for five minutes.<\/p>\n<p>Comb through your hair with your fingers to remove dirt and grease.<\/p>\n<p>Rinse your hair until the water is completely clear.<\/p>\n<p>If you are washing a wig, turn the wig inside out and wash the hairnet and elastic band too.<\/p>\n<p><strong><u>BALSAM<\/u><\/strong><\/p>\n<p>Use a quality conditioner and apply to the lengths for ten minutes or more.<\/p>\n<p>Avoid using conditioner on the scalp as it can lead to oily scalp.<\/p>\n<p>Rinse your hair thoroughly.<\/p>\n<p>Tips! Try sleeping with conditioner in your hair overnight for silky smooth results.<\/p>\n<p><strong><u>DRYING YOUR HAIR<\/u><\/strong><\/p>\n<p>Dry your hair lightly with a clean towel.<\/p>\n<p>Blow-dry with a hair dryer on low heat, or let your hair air dry.<\/p>\n<p>PS: Don&#8217;t forget heat protection if you blow dry your hair.<\/p>\n<p><strong><u>RECOMMENDATIONS<\/u><\/strong><\/p>\n<p>Apply serum or leave-in conditioner both before and after blow-drying your hair.<\/p>\n<p>Use hair wrap once a week.<\/p>\n<p>Place the wig in lukewarm water along with a larger amount of hair wrap.<\/p>\n<p>Leave the wig on for as long as possible, preferably overnight, then rinse thoroughly and leave to dry.<\/p>\n<\/div>\n<\/div>\n<\/div>\n<\/div>\n\t\t\t\t\t\t\t\t<\/div>\n\t\t\t\t<\/div>\n\t\t\t\t\t<\/div>\n\t\t<\/div>\n\t\t\t\t\t<\/div>\n\t\t<\/section>\n\t\t\t\t<\/div>\n\t\t","protected":false},"excerpt":{"rendered":"<p>HAIR CARE INSTRUCTIONS Whether it&#8217;s wigs, extensions, synthetic hair or real hair, you need to take good care of it by washing it regularly. To help with your wig\/extension hair care routine at home we have created a simple step by step guide, whether you have real hair or synthetic hair we all want healthy [&hellip;]<\/p>\n","protected":false},"author":0,"featured_media":0,"parent":40551,"menu_order":0,"comment_status":"closed","ping_status":"closed","template":"elementor_header_footer","meta":{"jetpack_post_was_ever_published":false,"footnotes":""},"class_list":["post-40555","page","type-page","status-publish","hentry"],"yoast_head":"<!-- This site is optimized with the Yoast SEO Premium plugin v26.3 (Yoast SEO v27.3) - https:\/\/yoast.com\/product\/yoast-seo-premium-wordpress\/ -->\n<title>Hair care instructions Read our guide | Fahl\u00e9n of Sweden<\/title>\n<meta name=\"description\" content=\"Hair care instructions - Wigs and extensions, you need to take good care of it by washing it regularly. Read our guide here\" \/>\n<meta name=\"robots\" content=\"index, follow, max-snippet:-1, max-image-preview:large, max-video-preview:-1\" \/>\n<link rel=\"canonical\" href=\"https:\/\/fahlenofsweden.com\/en\/futura-fiber-hair-care-styling\/haircare-instructions-guide\/\" \/>\n<meta property=\"og:locale\" content=\"en_US\" \/>\n<meta property=\"og:type\" content=\"article\" \/>\n<meta property=\"og:title\" content=\"Hair Care instructions guide\" \/>\n<meta property=\"og:description\" content=\"Hair care instructions - Wigs and extensions, you need to take good care of it by washing it regularly. Read our guide here\" \/>\n<meta property=\"og:url\" content=\"https:\/\/fahlenofsweden.com\/en\/futura-fiber-hair-care-styling\/haircare-instructions-guide\/\" \/>\n<meta property=\"og:site_name\" content=\"FAHL\u00c9N OF SWEDEN\" \/>\n<meta property=\"article:publisher\" content=\"https:\/\/www.facebook.com\/FahlenOfSwedenFos\/\" \/>\n<meta property=\"article:modified_time\" content=\"2024-07-15T16:45:36+00:00\" \/>\n<meta property=\"og:image\" content=\"https:\/\/fahlenofsweden.com\/wp-content\/uploads\/2024\/04\/fffff-1024x572.jpg\" \/>\n<meta name=\"twitter:card\" content=\"summary_large_image\" \/>\n<meta name=\"twitter:label1\" content=\"Est. reading time\" \/>\n\t<meta name=\"twitter:data1\" content=\"2 minutes\" \/>\n<script type=\"application\/ld+json\" class=\"yoast-schema-graph\">{\"@context\":\"https:\\\/\\\/schema.org\",\"@graph\":[{\"@type\":\"WebPage\",\"@id\":\"https:\\\/\\\/fahlenofsweden.com\\\/en\\\/futura-fiber-hair-care-styling\\\/haircare-instructions-guide\\\/\",\"url\":\"https:\\\/\\\/fahlenofsweden.com\\\/en\\\/futura-fiber-hair-care-styling\\\/haircare-instructions-guide\\\/\",\"name\":\"Hair care instructions Read our guide | Fahl\u00e9n of Sweden\",\"isPartOf\":{\"@id\":\"http:\\\/\\\/fahlenofsweden.com\\\/en\\\/#website\"},\"primaryImageOfPage\":{\"@id\":\"https:\\\/\\\/fahlenofsweden.com\\\/en\\\/futura-fiber-hair-care-styling\\\/haircare-instructions-guide\\\/#primaryimage\"},\"image\":{\"@id\":\"https:\\\/\\\/fahlenofsweden.com\\\/en\\\/futura-fiber-hair-care-styling\\\/haircare-instructions-guide\\\/#primaryimage\"},\"thumbnailUrl\":\"https:\\\/\\\/fahlenofsweden.com\\\/wp-content\\\/uploads\\\/2024\\\/04\\\/fffff-1024x572.jpg\",\"datePublished\":\"2020-12-22T12:48:34+00:00\",\"dateModified\":\"2024-07-15T16:45:36+00:00\",\"description\":\"Hair care instructions - Wigs and extensions, you need to take good care of it by washing it regularly. Read our guide here\",\"breadcrumb\":{\"@id\":\"https:\\\/\\\/fahlenofsweden.com\\\/en\\\/futura-fiber-hair-care-styling\\\/haircare-instructions-guide\\\/#breadcrumb\"},\"inLanguage\":\"en-US\",\"potentialAction\":[{\"@type\":\"ReadAction\",\"target\":[\"https:\\\/\\\/fahlenofsweden.com\\\/en\\\/futura-fiber-hair-care-styling\\\/haircare-instructions-guide\\\/\"]}]},{\"@type\":\"ImageObject\",\"inLanguage\":\"en-US\",\"@id\":\"https:\\\/\\\/fahlenofsweden.com\\\/en\\\/futura-fiber-hair-care-styling\\\/haircare-instructions-guide\\\/#primaryimage\",\"url\":\"https:\\\/\\\/fahlenofsweden.com\\\/wp-content\\\/uploads\\\/2024\\\/04\\\/fffff-1024x572.jpg\",\"contentUrl\":\"https:\\\/\\\/fahlenofsweden.com\\\/wp-content\\\/uploads\\\/2024\\\/04\\\/fffff-1024x572.jpg\"},{\"@type\":\"BreadcrumbList\",\"@id\":\"https:\\\/\\\/fahlenofsweden.com\\\/en\\\/futura-fiber-hair-care-styling\\\/haircare-instructions-guide\\\/#breadcrumb\",\"itemListElement\":[{\"@type\":\"ListItem\",\"position\":1,\"name\":\"Hem\",\"item\":\"https:\\\/\\\/fahlenofsweden.com\\\/en\\\/fos-home\\\/\"},{\"@type\":\"ListItem\",\"position\":2,\"name\":\"Futura Fiber Hair Care &amp; Styling\",\"item\":\"https:\\\/\\\/fahlenofsweden.com\\\/en\\\/futura-fiber-hair-care-styling\\\/\"},{\"@type\":\"ListItem\",\"position\":3,\"name\":\"Hair Care instructions guide\"}]},{\"@type\":\"WebSite\",\"@id\":\"http:\\\/\\\/fahlenofsweden.com\\\/en\\\/#website\",\"url\":\"http:\\\/\\\/fahlenofsweden.com\\\/en\\\/\",\"name\":\"FAHL\u00c9N OF SWEDEN AB\",\"description\":\"FAHL\u00c9N OF SWEDEN | Officiell hemsida | H\u00e5r, Sk\u00f6nhet, Mode &amp; Livsstil.\",\"publisher\":{\"@id\":\"http:\\\/\\\/fahlenofsweden.com\\\/en\\\/#organization\"},\"potentialAction\":[{\"@type\":\"SearchAction\",\"target\":{\"@type\":\"EntryPoint\",\"urlTemplate\":\"http:\\\/\\\/fahlenofsweden.com\\\/en\\\/?s={search_term_string}\"},\"query-input\":{\"@type\":\"PropertyValueSpecification\",\"valueRequired\":true,\"valueName\":\"search_term_string\"}}],\"inLanguage\":\"en-US\"},{\"@type\":\"Organization\",\"@id\":\"http:\\\/\\\/fahlenofsweden.com\\\/en\\\/#organization\",\"name\":\"FAHL\u00c9N OF SWEDEN AB\",\"url\":\"http:\\\/\\\/fahlenofsweden.com\\\/en\\\/\",\"logo\":{\"@type\":\"ImageObject\",\"inLanguage\":\"en-US\",\"@id\":\"http:\\\/\\\/fahlenofsweden.com\\\/en\\\/#\\\/schema\\\/logo\\\/image\\\/\",\"url\":\"https:\\\/\\\/fahlenofsweden.com\\\/wp-content\\\/uploads\\\/2024\\\/04\\\/2-e1712925412402.png\",\"contentUrl\":\"https:\\\/\\\/fahlenofsweden.com\\\/wp-content\\\/uploads\\\/2024\\\/04\\\/2-e1712925412402.png\",\"width\":2400,\"height\":1153,\"caption\":\"FAHL\u00c9N OF SWEDEN AB\"},\"image\":{\"@id\":\"http:\\\/\\\/fahlenofsweden.com\\\/en\\\/#\\\/schema\\\/logo\\\/image\\\/\"},\"sameAs\":[\"https:\\\/\\\/www.facebook.com\\\/FahlenOfSwedenFos\\\/\",\"https:\\\/\\\/www.instagram.com\\\/fahlenofsweden\\\/\"]}]}<\/script>\n<!-- \/ Yoast SEO Premium plugin. -->","yoast_head_json":{"title":"Hair care instructions Read our guide | Fahl\u00e9n of Sweden","description":"Hair care instructions - Wigs and extensions, you need to take good care of it by washing it regularly. Read our guide here","robots":{"index":"index","follow":"follow","max-snippet":"max-snippet:-1","max-image-preview":"max-image-preview:large","max-video-preview":"max-video-preview:-1"},"canonical":"https:\/\/fahlenofsweden.com\/en\/futura-fiber-hair-care-styling\/haircare-instructions-guide\/","og_locale":"en_US","og_type":"article","og_title":"Hair Care instructions guide","og_description":"Hair care instructions - Wigs and extensions, you need to take good care of it by washing it regularly. Read our guide here","og_url":"https:\/\/fahlenofsweden.com\/en\/futura-fiber-hair-care-styling\/haircare-instructions-guide\/","og_site_name":"FAHL\u00c9N OF SWEDEN","article_publisher":"https:\/\/www.facebook.com\/FahlenOfSwedenFos\/","article_modified_time":"2024-07-15T16:45:36+00:00","og_image":[{"url":"https:\/\/fahlenofsweden.com\/wp-content\/uploads\/2024\/04\/fffff-1024x572.jpg","type":"","width":"","height":""}],"twitter_card":"summary_large_image","twitter_misc":{"Est. reading time":"2 minutes"},"schema":{"@context":"https:\/\/schema.org","@graph":[{"@type":"WebPage","@id":"https:\/\/fahlenofsweden.com\/en\/futura-fiber-hair-care-styling\/haircare-instructions-guide\/","url":"https:\/\/fahlenofsweden.com\/en\/futura-fiber-hair-care-styling\/haircare-instructions-guide\/","name":"Hair care instructions Read our guide | Fahl\u00e9n of Sweden","isPartOf":{"@id":"http:\/\/fahlenofsweden.com\/en\/#website"},"primaryImageOfPage":{"@id":"https:\/\/fahlenofsweden.com\/en\/futura-fiber-hair-care-styling\/haircare-instructions-guide\/#primaryimage"},"image":{"@id":"https:\/\/fahlenofsweden.com\/en\/futura-fiber-hair-care-styling\/haircare-instructions-guide\/#primaryimage"},"thumbnailUrl":"https:\/\/fahlenofsweden.com\/wp-content\/uploads\/2024\/04\/fffff-1024x572.jpg","datePublished":"2020-12-22T12:48:34+00:00","dateModified":"2024-07-15T16:45:36+00:00","description":"Hair care instructions - Wigs and extensions, you need to take good care of it by washing it regularly. Read our guide here","breadcrumb":{"@id":"https:\/\/fahlenofsweden.com\/en\/futura-fiber-hair-care-styling\/haircare-instructions-guide\/#breadcrumb"},"inLanguage":"en-US","potentialAction":[{"@type":"ReadAction","target":["https:\/\/fahlenofsweden.com\/en\/futura-fiber-hair-care-styling\/haircare-instructions-guide\/"]}]},{"@type":"ImageObject","inLanguage":"en-US","@id":"https:\/\/fahlenofsweden.com\/en\/futura-fiber-hair-care-styling\/haircare-instructions-guide\/#primaryimage","url":"https:\/\/fahlenofsweden.com\/wp-content\/uploads\/2024\/04\/fffff-1024x572.jpg","contentUrl":"https:\/\/fahlenofsweden.com\/wp-content\/uploads\/2024\/04\/fffff-1024x572.jpg"},{"@type":"BreadcrumbList","@id":"https:\/\/fahlenofsweden.com\/en\/futura-fiber-hair-care-styling\/haircare-instructions-guide\/#breadcrumb","itemListElement":[{"@type":"ListItem","position":1,"name":"Hem","item":"https:\/\/fahlenofsweden.com\/en\/fos-home\/"},{"@type":"ListItem","position":2,"name":"Futura Fiber Hair Care &amp; Styling","item":"https:\/\/fahlenofsweden.com\/en\/futura-fiber-hair-care-styling\/"},{"@type":"ListItem","position":3,"name":"Hair Care instructions guide"}]},{"@type":"WebSite","@id":"http:\/\/fahlenofsweden.com\/en\/#website","url":"http:\/\/fahlenofsweden.com\/en\/","name":"FAHL\u00c9N OF SWEDEN AB","description":"FAHL\u00c9N OF SWEDEN | Officiell hemsida | H\u00e5r, Sk\u00f6nhet, Mode &amp; Livsstil.","publisher":{"@id":"http:\/\/fahlenofsweden.com\/en\/#organization"},"potentialAction":[{"@type":"SearchAction","target":{"@type":"EntryPoint","urlTemplate":"http:\/\/fahlenofsweden.com\/en\/?s={search_term_string}"},"query-input":{"@type":"PropertyValueSpecification","valueRequired":true,"valueName":"search_term_string"}}],"inLanguage":"en-US"},{"@type":"Organization","@id":"http:\/\/fahlenofsweden.com\/en\/#organization","name":"FAHL\u00c9N OF SWEDEN AB","url":"http:\/\/fahlenofsweden.com\/en\/","logo":{"@type":"ImageObject","inLanguage":"en-US","@id":"http:\/\/fahlenofsweden.com\/en\/#\/schema\/logo\/image\/","url":"https:\/\/fahlenofsweden.com\/wp-content\/uploads\/2024\/04\/2-e1712925412402.png","contentUrl":"https:\/\/fahlenofsweden.com\/wp-content\/uploads\/2024\/04\/2-e1712925412402.png","width":2400,"height":1153,"caption":"FAHL\u00c9N OF SWEDEN AB"},"image":{"@id":"http:\/\/fahlenofsweden.com\/en\/#\/schema\/logo\/image\/"},"sameAs":["https:\/\/www.facebook.com\/FahlenOfSwedenFos\/","https:\/\/www.instagram.com\/fahlenofsweden\/"]}]}},"jetpack_sharing_enabled":true,"_links":{"self":[{"href":"https:\/\/fahlenofsweden.com\/en\/wp-json\/wp\/v2\/pages\/40555","targetHints":{"allow":["GET"]}}],"collection":[{"href":"https:\/\/fahlenofsweden.com\/en\/wp-json\/wp\/v2\/pages"}],"about":[{"href":"https:\/\/fahlenofsweden.com\/en\/wp-json\/wp\/v2\/types\/page"}],"replies":[{"embeddable":true,"href":"https:\/\/fahlenofsweden.com\/en\/wp-json\/wp\/v2\/comments?post=40555"}],"version-history":[{"count":7,"href":"https:\/\/fahlenofsweden.com\/en\/wp-json\/wp\/v2\/pages\/40555\/revisions"}],"predecessor-version":[{"id":40572,"href":"https:\/\/fahlenofsweden.com\/en\/wp-json\/wp\/v2\/pages\/40555\/revisions\/40572"}],"up":[{"embeddable":true,"href":"https:\/\/fahlenofsweden.com\/en\/wp-json\/wp\/v2\/pages\/40551"}],"wp:attachment":[{"href":"https:\/\/fahlenofsweden.com\/en\/wp-json\/wp\/v2\/media?parent=40555"}],"curies":[{"name":"wp","href":"https:\/\/api.w.org\/{rel}","templated":true}]}}