{"id":41351,"date":"2023-04-13T09:02:16","date_gmt":"2023-04-13T07:02:16","guid":{"rendered":"https:\/\/fahlenofsweden.com\/other-information\/"},"modified":"2025-05-02T11:48:32","modified_gmt":"2025-05-02T09:48:32","slug":"other-information","status":"publish","type":"page","link":"https:\/\/fahlenofsweden.com\/en\/other-information\/","title":{"rendered":"Other information"},"content":{"rendered":"\t\t<div data-elementor-type=\"wp-page\" data-elementor-id=\"41351\" class=\"elementor elementor-41351 elementor-31051\" data-elementor-post-type=\"page\">\n\t\t\t\t<div class=\"elementor-element elementor-element-dd10f4b e-flex e-con-boxed e-con e-parent\" data-id=\"dd10f4b\" data-element_type=\"container\" data-e-type=\"container\" data-settings=\"{&quot;background_background&quot;:&quot;classic&quot;}\">\n\t\t\t\t\t<div class=\"e-con-inner\">\n\t\t\t\t<div class=\"elementor-element elementor-element-75818cb elementor-widget elementor-widget-heading\" data-id=\"75818cb\" data-element_type=\"widget\" data-e-type=\"widget\" data-widget_type=\"heading.default\">\n\t\t\t\t<div class=\"elementor-widget-container\">\n\t\t\t\t\t<h1 class=\"elementor-heading-title elementor-size-default\">HOW CAN WE HELP YOU?<\/h1>\t\t\t\t<\/div>\n\t\t\t\t<\/div>\n\t\t\t\t\t<\/div>\n\t\t\t\t<\/div>\n\t\t<div class=\"elementor-element elementor-element-b8d688b e-flex e-con-boxed e-con e-parent\" data-id=\"b8d688b\" data-element_type=\"container\" data-e-type=\"container\">\n\t\t\t\t\t<div class=\"e-con-inner\">\n\t\t\t\t\t<\/div>\n\t\t\t\t<\/div>\n\t\t<div class=\"elementor-element elementor-element-a7f7f2d e-flex e-con-boxed e-con e-parent\" data-id=\"a7f7f2d\" data-element_type=\"container\" data-e-type=\"container\">\n\t\t\t\t\t<div class=\"e-con-inner\">\n\t\t<a class=\"elementor-element elementor-element-de70241 e-con-full e-flex e-con e-child\" data-id=\"de70241\" data-element_type=\"container\" data-e-type=\"container\" href=\"https:\/\/fahlenofsweden.com\/en\/shipping-terms\/\" target=\"_blank\">\n\t\t\t\t<div class=\"elementor-element elementor-element-8c0077e elementor-widget elementor-widget-text-editor\" data-id=\"8c0077e\" data-element_type=\"widget\" data-e-type=\"widget\" data-widget_type=\"text-editor.default\">\n\t\t\t\t<div class=\"elementor-widget-container\">\n\t\t\t\t\t\t\t\t\t<h4><strong>SHIPPING TERMS<\/strong><\/h4><p>View our shipping options. We ship to the entire EU  UK.<\/p><p>Read more &#8230;.<\/p>\t\t\t\t\t\t\t\t<\/div>\n\t\t\t\t<\/div>\n\t\t\t\t<\/a>\n\t\t<a class=\"elementor-element elementor-element-0fb4c6b e-con-full e-flex e-con e-child\" data-id=\"0fb4c6b\" data-element_type=\"container\" data-e-type=\"container\" href=\"https:\/\/fahlenofsweden.com\/en\/order-tracking\/\" target=\"_blank\">\n\t\t\t\t<div class=\"elementor-element elementor-element-30152c8 elementor-widget elementor-widget-text-editor\" data-id=\"30152c8\" data-element_type=\"widget\" data-e-type=\"widget\" data-widget_type=\"text-editor.default\">\n\t\t\t\t<div class=\"elementor-widget-container\">\n\t\t\t\t\t\t\t\t\t<h4><strong>TRACK PACKAGE<\/strong><\/h4><p>If you have placed an order with us and have experienced a problem or need assistance, click here to see how we can help you.<\/p><p>Read more &#8230;.<\/p>\t\t\t\t\t\t\t\t<\/div>\n\t\t\t\t<\/div>\n\t\t\t\t<\/a>\n\t\t<a class=\"elementor-element elementor-element-e766901 e-con-full e-flex e-con e-child\" data-id=\"e766901\" data-element_type=\"container\" data-e-type=\"container\" href=\"https:\/\/fahlenofsweden.com\/en\/return-and-exchange\/\" target=\"_blank\">\n\t\t\t\t<div class=\"elementor-element elementor-element-3d6ddbd elementor-widget elementor-widget-text-editor\" data-id=\"3d6ddbd\" data-element_type=\"widget\" data-e-type=\"widget\" data-widget_type=\"text-editor.default\">\n\t\t\t\t<div class=\"elementor-widget-container\">\n\t\t\t\t\t\t\t\t\t<h4><strong>RETURNS  EXCHANGES<\/strong><\/h4><p>FAHL\u00c9N OF SWEDEN wants all our customers to feel safe and satisfied, therefore we offer our customers an easy way to return or exchange products.<\/p><p>Read more &#8230;.<\/p>\t\t\t\t\t\t\t\t<\/div>\n\t\t\t\t<\/div>\n\t\t\t\t<\/a>\n\t\t<a class=\"elementor-element elementor-element-3968a00 e-con-full e-flex e-con e-child\" data-id=\"3968a00\" data-element_type=\"container\" data-e-type=\"container\" href=\"https:\/\/fahlenofsweden.com\/om-fahlen-of-sweden-produkter\/\" target=\"_blank\">\n\t\t\t\t<div class=\"elementor-element elementor-element-4f6f666 elementor-widget elementor-widget-text-editor\" data-id=\"4f6f666\" data-element_type=\"widget\" data-e-type=\"widget\" data-widget_type=\"text-editor.default\">\n\t\t\t\t<div class=\"elementor-widget-container\">\n\t\t\t\t\t\t\t\t\t<h4><strong>ABOUT OUR PRODUCTS<\/strong><\/h4><p>Welcome to Fahl\u00e9n of Sweden. The place where beauty is ever present! Here you can find all our exclusive products.<\/p><p>Read more &#8230;.<\/p>\t\t\t\t\t\t\t\t<\/div>\n\t\t\t\t<\/div>\n\t\t\t\t<\/a>\n\t\t<a class=\"elementor-element elementor-element-17f0f58 e-con-full e-flex e-con e-child\" data-id=\"17f0f58\" data-element_type=\"container\" data-e-type=\"container\" href=\"https:\/\/fahlenofsweden.com\/?page_id=7162&#038;preview=true\" target=\"_blank\">\n\t\t\t\t<div class=\"elementor-element elementor-element-7f150b0 elementor-widget elementor-widget-text-editor\" data-id=\"7f150b0\" data-element_type=\"widget\" data-e-type=\"widget\" data-widget_type=\"text-editor.default\">\n\t\t\t\t<div class=\"elementor-widget-container\">\n\t\t\t\t\t\t\t\t\t<h4><strong>FAQ<\/strong><\/h4><p>A quick answer to your questions<\/p><p>Read more &#8230;.<\/p>\t\t\t\t\t\t\t\t<\/div>\n\t\t\t\t<\/div>\n\t\t\t\t<\/a>\n\t\t<a class=\"elementor-element elementor-element-942823d e-con-full e-flex e-con e-child\" data-id=\"942823d\" data-element_type=\"container\" data-e-type=\"container\" href=\"https:\/\/fahlenofsweden.com\/en\/contact-us\/\" target=\"_blank\">\n\t\t\t\t<div class=\"elementor-element elementor-element-fd8425b elementor-widget elementor-widget-text-editor\" data-id=\"fd8425b\" data-element_type=\"widget\" data-e-type=\"widget\" data-widget_type=\"text-editor.default\">\n\t\t\t\t<div class=\"elementor-widget-container\">\n\t\t\t\t\t\t\t\t\t<h4><strong>CONTACT US<\/strong><\/h4><p>Your opinion is important to us! We value feedback regarding our products, customer service, website or any other topic you would like to share with us.<\/p><p>Read more &#8230;.<\/p>\t\t\t\t\t\t\t\t<\/div>\n\t\t\t\t<\/div>\n\t\t\t\t<\/a>\n\t\t\t\t\t<\/div>\n\t\t\t\t<\/div>\n\t\t\t\t<\/div>\n\t\t","protected":false},"excerpt":{"rendered":"<p>HOW CAN WE HELP YOU? SHIPPING TERMS View our shipping options. We ship to the entire EU UK. Read more &#8230;. TRACK PACKAGE If you have placed an order with us and have experienced a problem or need assistance, click here to see how we can help you. Read more &#8230;. RETURNS EXCHANGES FAHL\u00c9N OF [&hellip;]<\/p>\n","protected":false},"author":0,"featured_media":0,"parent":0,"menu_order":0,"comment_status":"closed","ping_status":"closed","template":"elementor_header_footer","meta":{"jetpack_post_was_ever_published":false,"footnotes":""},"class_list":["post-41351","page","type-page","status-publish","hentry"],"yoast_head":"<!-- This site is optimized with the Yoast SEO Premium plugin v26.3 (Yoast SEO v27.3) - https:\/\/yoast.com\/product\/yoast-seo-premium-wordpress\/ -->\n<title>Other information | FAHL\u00c9N OF SWEDEN<\/title>\n<meta name=\"description\" content=\"Other Information - FAHL\u00c9N OF SWEDEN wishes all our customers to feel safe and satisfied. HOW CAN WE HELP YOU?\" \/>\n<meta name=\"robots\" content=\"index, follow, max-snippet:-1, max-image-preview:large, max-video-preview:-1\" \/>\n<link rel=\"canonical\" href=\"https:\/\/fahlenofsweden.com\/en\/other-information\/\" \/>\n<meta property=\"og:locale\" content=\"en_US\" \/>\n<meta property=\"og:type\" content=\"article\" \/>\n<meta property=\"og:title\" content=\"Other information\" \/>\n<meta property=\"og:description\" content=\"Other Information - FAHL\u00c9N OF SWEDEN wishes all our customers to feel safe and satisfied. HOW CAN WE HELP YOU?\" \/>\n<meta property=\"og:url\" content=\"https:\/\/fahlenofsweden.com\/en\/other-information\/\" \/>\n<meta property=\"og:site_name\" content=\"FAHL\u00c9N OF SWEDEN\" \/>\n<meta property=\"article:publisher\" content=\"https:\/\/www.facebook.com\/FahlenOfSwedenFos\/\" \/>\n<meta property=\"article:modified_time\" content=\"2025-05-02T09:48:32+00:00\" \/>\n<meta name=\"twitter:card\" content=\"summary_large_image\" \/>\n<meta name=\"twitter:label1\" content=\"Est. reading time\" \/>\n\t<meta name=\"twitter:data1\" content=\"1 minute\" \/>\n<script type=\"application\/ld+json\" class=\"yoast-schema-graph\">{\"@context\":\"https:\\\/\\\/schema.org\",\"@graph\":[{\"@type\":\"WebPage\",\"@id\":\"https:\\\/\\\/fahlenofsweden.com\\\/en\\\/other-information\\\/\",\"url\":\"https:\\\/\\\/fahlenofsweden.com\\\/en\\\/other-information\\\/\",\"name\":\"Other information | FAHL\u00c9N OF SWEDEN\",\"isPartOf\":{\"@id\":\"http:\\\/\\\/fahlenofsweden.com\\\/en\\\/#website\"},\"datePublished\":\"2023-04-13T07:02:16+00:00\",\"dateModified\":\"2025-05-02T09:48:32+00:00\",\"description\":\"Other Information - FAHL\u00c9N OF SWEDEN wishes all our customers to feel safe and satisfied. HOW CAN WE HELP YOU?\",\"breadcrumb\":{\"@id\":\"https:\\\/\\\/fahlenofsweden.com\\\/en\\\/other-information\\\/#breadcrumb\"},\"inLanguage\":\"en-US\",\"potentialAction\":[{\"@type\":\"ReadAction\",\"target\":[\"https:\\\/\\\/fahlenofsweden.com\\\/en\\\/other-information\\\/\"]}]},{\"@type\":\"BreadcrumbList\",\"@id\":\"https:\\\/\\\/fahlenofsweden.com\\\/en\\\/other-information\\\/#breadcrumb\",\"itemListElement\":[{\"@type\":\"ListItem\",\"position\":1,\"name\":\"Hem\",\"item\":\"https:\\\/\\\/fahlenofsweden.com\\\/en\\\/fos-home\\\/\"},{\"@type\":\"ListItem\",\"position\":2,\"name\":\"Other information\"}]},{\"@type\":\"WebSite\",\"@id\":\"http:\\\/\\\/fahlenofsweden.com\\\/en\\\/#website\",\"url\":\"http:\\\/\\\/fahlenofsweden.com\\\/en\\\/\",\"name\":\"FAHL\u00c9N OF SWEDEN AB\",\"description\":\"FAHL\u00c9N OF SWEDEN | Officiell hemsida | H\u00e5r, Sk\u00f6nhet, Mode &amp; Livsstil.\",\"publisher\":{\"@id\":\"http:\\\/\\\/fahlenofsweden.com\\\/en\\\/#organization\"},\"potentialAction\":[{\"@type\":\"SearchAction\",\"target\":{\"@type\":\"EntryPoint\",\"urlTemplate\":\"http:\\\/\\\/fahlenofsweden.com\\\/en\\\/?s={search_term_string}\"},\"query-input\":{\"@type\":\"PropertyValueSpecification\",\"valueRequired\":true,\"valueName\":\"search_term_string\"}}],\"inLanguage\":\"en-US\"},{\"@type\":\"Organization\",\"@id\":\"http:\\\/\\\/fahlenofsweden.com\\\/en\\\/#organization\",\"name\":\"FAHL\u00c9N OF SWEDEN AB\",\"url\":\"http:\\\/\\\/fahlenofsweden.com\\\/en\\\/\",\"logo\":{\"@type\":\"ImageObject\",\"inLanguage\":\"en-US\",\"@id\":\"http:\\\/\\\/fahlenofsweden.com\\\/en\\\/#\\\/schema\\\/logo\\\/image\\\/\",\"url\":\"https:\\\/\\\/fahlenofsweden.com\\\/wp-content\\\/uploads\\\/2024\\\/04\\\/2-e1712925412402.png\",\"contentUrl\":\"https:\\\/\\\/fahlenofsweden.com\\\/wp-content\\\/uploads\\\/2024\\\/04\\\/2-e1712925412402.png\",\"width\":2400,\"height\":1153,\"caption\":\"FAHL\u00c9N OF SWEDEN AB\"},\"image\":{\"@id\":\"http:\\\/\\\/fahlenofsweden.com\\\/en\\\/#\\\/schema\\\/logo\\\/image\\\/\"},\"sameAs\":[\"https:\\\/\\\/www.facebook.com\\\/FahlenOfSwedenFos\\\/\",\"https:\\\/\\\/www.instagram.com\\\/fahlenofsweden\\\/\"]}]}<\/script>\n<!-- \/ Yoast SEO Premium plugin. -->","yoast_head_json":{"title":"Other information | FAHL\u00c9N OF SWEDEN","description":"Other Information - FAHL\u00c9N OF SWEDEN wishes all our customers to feel safe and satisfied. HOW CAN WE HELP YOU?","robots":{"index":"index","follow":"follow","max-snippet":"max-snippet:-1","max-image-preview":"max-image-preview:large","max-video-preview":"max-video-preview:-1"},"canonical":"https:\/\/fahlenofsweden.com\/en\/other-information\/","og_locale":"en_US","og_type":"article","og_title":"Other information","og_description":"Other Information - FAHL\u00c9N OF SWEDEN wishes all our customers to feel safe and satisfied. HOW CAN WE HELP YOU?","og_url":"https:\/\/fahlenofsweden.com\/en\/other-information\/","og_site_name":"FAHL\u00c9N OF SWEDEN","article_publisher":"https:\/\/www.facebook.com\/FahlenOfSwedenFos\/","article_modified_time":"2025-05-02T09:48:32+00:00","twitter_card":"summary_large_image","twitter_misc":{"Est. reading time":"1 minute"},"schema":{"@context":"https:\/\/schema.org","@graph":[{"@type":"WebPage","@id":"https:\/\/fahlenofsweden.com\/en\/other-information\/","url":"https:\/\/fahlenofsweden.com\/en\/other-information\/","name":"Other information | FAHL\u00c9N OF SWEDEN","isPartOf":{"@id":"http:\/\/fahlenofsweden.com\/en\/#website"},"datePublished":"2023-04-13T07:02:16+00:00","dateModified":"2025-05-02T09:48:32+00:00","description":"Other Information - FAHL\u00c9N OF SWEDEN wishes all our customers to feel safe and satisfied. HOW CAN WE HELP YOU?","breadcrumb":{"@id":"https:\/\/fahlenofsweden.com\/en\/other-information\/#breadcrumb"},"inLanguage":"en-US","potentialAction":[{"@type":"ReadAction","target":["https:\/\/fahlenofsweden.com\/en\/other-information\/"]}]},{"@type":"BreadcrumbList","@id":"https:\/\/fahlenofsweden.com\/en\/other-information\/#breadcrumb","itemListElement":[{"@type":"ListItem","position":1,"name":"Hem","item":"https:\/\/fahlenofsweden.com\/en\/fos-home\/"},{"@type":"ListItem","position":2,"name":"Other information"}]},{"@type":"WebSite","@id":"http:\/\/fahlenofsweden.com\/en\/#website","url":"http:\/\/fahlenofsweden.com\/en\/","name":"FAHL\u00c9N OF SWEDEN AB","description":"FAHL\u00c9N OF SWEDEN | Officiell hemsida | H\u00e5r, Sk\u00f6nhet, Mode &amp; Livsstil.","publisher":{"@id":"http:\/\/fahlenofsweden.com\/en\/#organization"},"potentialAction":[{"@type":"SearchAction","target":{"@type":"EntryPoint","urlTemplate":"http:\/\/fahlenofsweden.com\/en\/?s={search_term_string}"},"query-input":{"@type":"PropertyValueSpecification","valueRequired":true,"valueName":"search_term_string"}}],"inLanguage":"en-US"},{"@type":"Organization","@id":"http:\/\/fahlenofsweden.com\/en\/#organization","name":"FAHL\u00c9N OF SWEDEN AB","url":"http:\/\/fahlenofsweden.com\/en\/","logo":{"@type":"ImageObject","inLanguage":"en-US","@id":"http:\/\/fahlenofsweden.com\/en\/#\/schema\/logo\/image\/","url":"https:\/\/fahlenofsweden.com\/wp-content\/uploads\/2024\/04\/2-e1712925412402.png","contentUrl":"https:\/\/fahlenofsweden.com\/wp-content\/uploads\/2024\/04\/2-e1712925412402.png","width":2400,"height":1153,"caption":"FAHL\u00c9N OF SWEDEN AB"},"image":{"@id":"http:\/\/fahlenofsweden.com\/en\/#\/schema\/logo\/image\/"},"sameAs":["https:\/\/www.facebook.com\/FahlenOfSwedenFos\/","https:\/\/www.instagram.com\/fahlenofsweden\/"]}]}},"jetpack_sharing_enabled":true,"_links":{"self":[{"href":"https:\/\/fahlenofsweden.com\/en\/wp-json\/wp\/v2\/pages\/41351","targetHints":{"allow":["GET"]}}],"collection":[{"href":"https:\/\/fahlenofsweden.com\/en\/wp-json\/wp\/v2\/pages"}],"about":[{"href":"https:\/\/fahlenofsweden.com\/en\/wp-json\/wp\/v2\/types\/page"}],"replies":[{"embeddable":true,"href":"https:\/\/fahlenofsweden.com\/en\/wp-json\/wp\/v2\/comments?post=41351"}],"version-history":[{"count":18,"href":"https:\/\/fahlenofsweden.com\/en\/wp-json\/wp\/v2\/pages\/41351\/revisions"}],"predecessor-version":[{"id":46126,"href":"https:\/\/fahlenofsweden.com\/en\/wp-json\/wp\/v2\/pages\/41351\/revisions\/46126"}],"wp:attachment":[{"href":"https:\/\/fahlenofsweden.com\/en\/wp-json\/wp\/v2\/media?parent=41351"}],"curies":[{"name":"wp","href":"https:\/\/api.w.org\/{rel}","templated":true}]}}