{"id":41371,"date":"2020-09-30T08:56:31","date_gmt":"2020-09-30T06:56:31","guid":{"rendered":"https:\/\/fahlenofsweden.com\/privacy-policy\/"},"modified":"2024-08-26T14:22:02","modified_gmt":"2024-08-26T12:22:02","slug":"privacy-policy","status":"publish","type":"page","link":"https:\/\/fahlenofsweden.com\/en\/privacy-policy\/","title":{"rendered":"PRIVACY POLICY"},"content":{"rendered":"\t\t<div data-elementor-type=\"wp-page\" data-elementor-id=\"41371\" class=\"elementor elementor-41371 elementor-1989\" data-elementor-post-type=\"page\">\n\t\t\t\t\t\t<section class=\"elementor-section elementor-top-section elementor-element elementor-element-3c162b5 elementor-section-boxed elementor-section-height-default elementor-section-height-default\" data-id=\"3c162b5\" data-element_type=\"section\" data-e-type=\"section\">\n\t\t\t\t\t\t<div class=\"elementor-container elementor-column-gap-default\">\n\t\t\t\t\t<div class=\"elementor-column elementor-col-100 elementor-top-column elementor-element elementor-element-7ec307e\" data-id=\"7ec307e\" data-element_type=\"column\" data-e-type=\"column\">\n\t\t\t<div class=\"elementor-widget-wrap elementor-element-populated\">\n\t\t\t\t\t\t<div class=\"elementor-element elementor-element-6be294d elementor-widget elementor-widget-heading\" data-id=\"6be294d\" data-element_type=\"widget\" data-e-type=\"widget\" data-widget_type=\"heading.default\">\n\t\t\t\t<div class=\"elementor-widget-container\">\n\t\t\t\t\t<h2 class=\"elementor-heading-title elementor-size-default\">PRIVACY POLICY<\/h2>\t\t\t\t<\/div>\n\t\t\t\t<\/div>\n\t\t\t\t\t<\/div>\n\t\t<\/div>\n\t\t\t\t\t<\/div>\n\t\t<\/section>\n\t\t\t\t<section class=\"elementor-section elementor-top-section elementor-element elementor-element-6c8d64f elementor-section-boxed elementor-section-height-default elementor-section-height-default\" data-id=\"6c8d64f\" data-element_type=\"section\" data-e-type=\"section\">\n\t\t\t\t\t\t<div class=\"elementor-container elementor-column-gap-default\">\n\t\t\t\t\t<div class=\"elementor-column elementor-col-100 elementor-top-column elementor-element elementor-element-2d30025\" data-id=\"2d30025\" data-element_type=\"column\" data-e-type=\"column\">\n\t\t\t<div class=\"elementor-widget-wrap elementor-element-populated\">\n\t\t\t\t\t\t<div class=\"elementor-element elementor-element-cf1a561 elementor-widget elementor-widget-text-editor\" data-id=\"cf1a561\" data-element_type=\"widget\" data-e-type=\"widget\" data-widget_type=\"text-editor.default\">\n\t\t\t\t<div class=\"elementor-widget-container\">\n\t\t\t\t\t\t\t\t\t<p><strong>Who we are<\/strong><\/p>\n<p>Fahl\u00e9n of Sweden (FOS) is a place where everyone is welcome. Our goal is for our products to make people feel confident and beautiful.<\/p>\n<p>Our website address is: <a href=\"https:\/\/fahlenofsweden.com\/en\/\">https:\/\/fahlenofsweden.com<\/ a>.<\/p>\n<p><strong>What personal data we collect and why we collect it<\/strong><\/p>\n<p><u>Comments:<\/u><\/p>\n<p >When visitors leave comments on the site, we collect the data displayed in the comment form as well as the visitor&#8217;s IP address and browser agent string to help detect spam.<\/p>\n<p>An anonymized string created from your email address ( also called hash) can be sent to the Gravatar service to see if you are using it. The privacy policy for the Gravatar service can be found here: https:\/\/automattic.com\/privacy\/. After approval of your comment, your profile picture is visible to the public in connection with your comment.<\/p>\n<p><u>Fahl\u00e9n of Sweden also collects the following information:<\/u><\/p>\n<p>Personal identification information ( name, email address, phone number, etc.)<\/p>\n<p>At checkout, we also collect your payment details and delivery address.<\/p>\n<p><strong>How do we collect your details?<\/strong>< \/p><\/p>\n<p>We collect data and process data when you:<\/p>\n<p>Register online or place an order for one of our products or services.<br \/>Voluntarily complete a customer survey or provide feedback on any of our message boards or via email.<\/p>\n<p>Uses or displays our website via your browser&#8217;s cookies.<\/p>\n<p>Submits a contact form about any issues you may encounter.<\/p>\n<p ><strong>How will we use your data?<\/strong><\/p>\n<p>Fahl\u00e9n of Sweden collects your data so that we can:<\/p>\n<p>Process your order and manage your account. <\/p>\n<p>Email you with special offers on other products and services we think you might like.<\/p>\n<p>Communicate with you about questions you encounter or questions you need answered.<\/p >\n<p>Without your permission, we will not share your details with third party people or companies.<\/p>\n<p>When processing your order, we may send your details to, and also use the resulting information from, credit reference agencies to prevent fraudulent purchases.<\/p>\n<p><strong>Marketing \/ Newsletters<\/strong><\/p>\n<p>FOS wants to send you information about our products and services that we think you might like.<\/p >\n<p>If you subscribe to our newsletters, you should receive these messages. You can always opt-out at a later date.<\/p>\n<p>You have the right to prevent us from contacting you for marketing purposes at any time.<\/p>\n<p>If you no longer wish to be contacted for marketing purposes, please visit your account and unsubscribe.<\/p>\n<h2><strong>Cookies<\/strong><\/h2>\n<p>If you leave a comment on our website, you can choose to save your name, email address and website in cookies. These are for your convenience so you don&#8217;t have to re-enter your details when leaving another comment. These cookies will last for one year.<\/p>\n<p>If you visit our login page, we set a temporary cookie to determine if your browser accepts cookies. This cookie contains no personal data and is discarded when you close your browser.<\/p>\n<p>When you log in, we will also set several cookies to save your login information and your screen display options. Login cookies last for two days and display options cookies last for one year. If you choose &#8220;Remember me&#8221;, your login will continue for two weeks. If you log out of your account, the login cookies are deleted.<\/p>\n<p>If you edit or publish an article, an additional cookie will be saved in your browser. This cookie contains no personal data and only indicates the post ID of the article you just edited and expires after one day.<\/p>\n<p><strong>How do we use cookies?<\/strong><\/p>\n<p>Fahl\u00e9n of Sweden uses cookies in various ways to improve your experience on our website, including;<\/p>\n<p>Keeping you logged in.<\/p>\n<p>Understanding how you use our website.<\/p>\n<p> <strong>What types of cookies do we use?<\/strong><\/p>\n<p>There are a number of different types of cookies, but our website uses:<\/p>\n<p>Functionality &#8211; Fahl\u00e9n in Sweden uses these cookies so that we recognize you on our website and remember your previously selected preferences. These may include your preferred language and location. A mixture of first-party and third-party cookies are used.<\/p>\n<p>Advertising &#8211; Fahl\u00e9n of Sweden uses these cookies to collect information about your visit to our website, the content you viewed, the links you followed and information about your browser, device and your IP address. We sometimes share certain limited aspects of this information with third parties for advertising purposes. We may also share online data collected through cookies with our advertising partners. This means that when you visit another website, you may see advertisements cookies<\/strong><\/p>\n<p>You can set your browser not to accept cookies, and the above website tells you how to remove cookies from your browser. In some cases, some of our website features may not work as a result.<\/p>\n<p><strong>Embedded content from other websites<\/strong><\/p>\n<p>Articles on this website may contain embedded content (eg videos, images, articles, etc.). Embedded content from other websites behaves exactly as if the visitor had visited the other website.<\/p>\n<p>These websites may collect data about you, use cookies, embed additional third-party tracking and monitor your interactions with the embedded content, including tracking your interaction with the embedded content if you have an account and are logged in to that website.<\/p>\n<h2><strong>Privacy Policy<\/strong><\/h2>\n<p><strong> Privacy policy for other websites<\/strong><\/p>\n<p>The Fahl\u00e9n of Sweden website contains links to other websites. Our privacy policy only applies to our website, so if you click on a link to another website, you should read their privacy policy.<\/p>\n<p><strong>Changes to our privacy policy<\/strong><\/p>\n<p>Fahl\u00e9n of Sweden keeps its privacy policy under regular review and places any updates on this website. This privacy policy was last updated on September 29, 2021.<\/p>\n<p><strong>How long we keep your information<\/strong><\/p>\n<p>If you leave a comment, the comment and its metadata are kept indefinitely. This is so that we can recognize and approve all follow-up comments automatically instead of holding them in a moderation queue.<\/p>\n<p>For users who register on our site (if any), we also store the personal information they provide in their user profile. All users can view, edit or delete their personal information at any time (except that they cannot change their username). Site administrators can also view and edit that information.<u><br \/><\/u><\/p>\n<p><strong>What rights you have over your data<\/strong><\/p>\n<p>If you have an account on this website or have left comments, you can request to receive an exported file of the personal data we hold about you, including any information you have provided to us. You can also request that we delete all personal data that we have about you. This does not include any data that we are required to keep for administrative, legal or security purposes.<\/p>\n<p><strong>What are your data protection rights?<\/strong><\/p>\n<p>Fahl\u00e9n of Sweden wants to ensure that you are fully aware of all your data protection rights. <br \/>Each user has the right to the following:<\/p>\n<p>The right of access &#8211; You have the right to request copies of your personal data. We may charge a small fee for this service.<\/p>\n<p>Right to rectification &#8211; You have the right to request that we correct any information you believe is incorrect. You also have the right to request that we fill in the information you consider to be incomplete.<\/p>\n<p>The right to delete &#8211; You have the right to request that Fahl\u00e9n in Sweden delete your personal data.<\/p>\n<p>The right to restrict processing &#8211; You have the right to request that we restrict the processing of your personal data, under certain conditions.<\/p>\n<p>The right to object to processing &#8211; You have the right to object to our processing of your personal data, under certain conditions.< \/p><\/p>\n<p>The right to data portability &#8211; You have the right to request that we transfer the information we have collected to another organization, or directly to you, under certain conditions.<\/p>\n<p>If you make a request, we have one month to respond to you. Contact us if you wish to exercise any of these rights.<u><br \/><\/u><\/p>\n<p><strong>Where we send your data<\/strong><\/p>\n<p>Visitor comments may controlled via an automatic spam detection service.<\/p>\n<p><strong>How we protect your data<\/strong><\/p>\n<p>Fahl\u00e9n of Sweden stores your data securely in our customer database and strict security measures are used to ensure that this data is not leaked to the public.<\/p>\n<p><strong>How to contact us<\/strong><\/p>\n<p>If you have any questions about the Fahl\u00e9n of Sweden privacy policy, the information we have about you , or if you wish to exercise one of your data protection rights, please do not hesitate to contact us <a href=\"https:\/\/fahlenofsweden.com\/kontakta-oss\/\">here<\/a><\/p>\n<p>You can also email us at: <a href=\"mailto:support@fahlenofsweden.com\">support@fahlenofsweden.com<\/a> <br \/>or call: +46 (0) 10 265 1650<\/p>\n<p>\u00a0< \/p><\/p>\n\t\t\t\t\t\t\t\t<\/div>\n\t\t\t\t<\/div>\n\t\t\t\t\t<\/div>\n\t\t<\/div>\n\t\t\t\t\t<\/div>\n\t\t<\/section>\n\t\t\t\t<\/div>\n\t\t","protected":false},"excerpt":{"rendered":"<p>PRIVACY POLICY Who we are Fahl\u00e9n of Sweden (FOS) is a place where everyone is welcome. Our goal is for our products to make people feel confident and beautiful. Our website address is: https:\/\/fahlenofsweden.com. What personal data we collect and why we collect it Comments: When visitors leave comments on the site, we collect the [&hellip;]<\/p>\n","protected":false},"author":0,"featured_media":0,"parent":0,"menu_order":0,"comment_status":"closed","ping_status":"closed","template":"elementor_header_footer","meta":{"jetpack_post_was_ever_published":false,"footnotes":""},"class_list":["post-41371","page","type-page","status-publish","hentry"],"yoast_head":"<!-- This site is optimized with the Yoast SEO Premium plugin v26.3 (Yoast SEO v27.3) - https:\/\/yoast.com\/product\/yoast-seo-premium-wordpress\/ -->\n<title>PRIVACY POLICY | FAHL\u00c9N OF SWEDEN<\/title>\n<meta name=\"description\" content=\"FOS is a place where everyone is welcome. Our goal is for our products to make people feel confident and beautiful.\" \/>\n<meta name=\"robots\" content=\"index, follow, max-snippet:-1, max-image-preview:large, max-video-preview:-1\" \/>\n<link rel=\"canonical\" href=\"https:\/\/fahlenofsweden.com\/en\/privacy-policy\/\" \/>\n<meta property=\"og:locale\" content=\"en_US\" \/>\n<meta property=\"og:type\" content=\"article\" \/>\n<meta property=\"og:title\" content=\"PRIVACY POLICY\" \/>\n<meta property=\"og:description\" content=\"FOS is a place where everyone is welcome. Our goal is for our products to make people feel confident and beautiful.\" \/>\n<meta property=\"og:url\" content=\"https:\/\/fahlenofsweden.com\/en\/privacy-policy\/\" \/>\n<meta property=\"og:site_name\" content=\"FAHL\u00c9N OF SWEDEN\" \/>\n<meta property=\"article:publisher\" content=\"https:\/\/www.facebook.com\/FahlenOfSwedenFos\/\" \/>\n<meta property=\"article:modified_time\" content=\"2024-08-26T12:22:02+00:00\" \/>\n<meta name=\"twitter:card\" content=\"summary_large_image\" \/>\n<meta name=\"twitter:label1\" content=\"Est. reading time\" \/>\n\t<meta name=\"twitter:data1\" content=\"7 minutes\" \/>\n<script type=\"application\/ld+json\" class=\"yoast-schema-graph\">{\"@context\":\"https:\\\/\\\/schema.org\",\"@graph\":[{\"@type\":\"WebPage\",\"@id\":\"https:\\\/\\\/fahlenofsweden.com\\\/en\\\/privacy-policy\\\/\",\"url\":\"https:\\\/\\\/fahlenofsweden.com\\\/en\\\/privacy-policy\\\/\",\"name\":\"PRIVACY POLICY | FAHL\u00c9N OF SWEDEN\",\"isPartOf\":{\"@id\":\"http:\\\/\\\/fahlenofsweden.com\\\/en\\\/#website\"},\"datePublished\":\"2020-09-30T06:56:31+00:00\",\"dateModified\":\"2024-08-26T12:22:02+00:00\",\"description\":\"FOS is a place where everyone is welcome. Our goal is for our products to make people feel confident and beautiful.\",\"breadcrumb\":{\"@id\":\"https:\\\/\\\/fahlenofsweden.com\\\/en\\\/privacy-policy\\\/#breadcrumb\"},\"inLanguage\":\"en-US\",\"potentialAction\":[{\"@type\":\"ReadAction\",\"target\":[\"https:\\\/\\\/fahlenofsweden.com\\\/en\\\/privacy-policy\\\/\"]}]},{\"@type\":\"BreadcrumbList\",\"@id\":\"https:\\\/\\\/fahlenofsweden.com\\\/en\\\/privacy-policy\\\/#breadcrumb\",\"itemListElement\":[{\"@type\":\"ListItem\",\"position\":1,\"name\":\"Hem\",\"item\":\"https:\\\/\\\/fahlenofsweden.com\\\/en\\\/fos-home\\\/\"},{\"@type\":\"ListItem\",\"position\":2,\"name\":\"PRIVACY POLICY\"}]},{\"@type\":\"WebSite\",\"@id\":\"http:\\\/\\\/fahlenofsweden.com\\\/en\\\/#website\",\"url\":\"http:\\\/\\\/fahlenofsweden.com\\\/en\\\/\",\"name\":\"FAHL\u00c9N OF SWEDEN AB\",\"description\":\"FAHL\u00c9N OF SWEDEN | Officiell hemsida | H\u00e5r, Sk\u00f6nhet, Mode &amp; Livsstil.\",\"publisher\":{\"@id\":\"http:\\\/\\\/fahlenofsweden.com\\\/en\\\/#organization\"},\"potentialAction\":[{\"@type\":\"SearchAction\",\"target\":{\"@type\":\"EntryPoint\",\"urlTemplate\":\"http:\\\/\\\/fahlenofsweden.com\\\/en\\\/?s={search_term_string}\"},\"query-input\":{\"@type\":\"PropertyValueSpecification\",\"valueRequired\":true,\"valueName\":\"search_term_string\"}}],\"inLanguage\":\"en-US\"},{\"@type\":\"Organization\",\"@id\":\"http:\\\/\\\/fahlenofsweden.com\\\/en\\\/#organization\",\"name\":\"FAHL\u00c9N OF SWEDEN AB\",\"url\":\"http:\\\/\\\/fahlenofsweden.com\\\/en\\\/\",\"logo\":{\"@type\":\"ImageObject\",\"inLanguage\":\"en-US\",\"@id\":\"http:\\\/\\\/fahlenofsweden.com\\\/en\\\/#\\\/schema\\\/logo\\\/image\\\/\",\"url\":\"https:\\\/\\\/fahlenofsweden.com\\\/wp-content\\\/uploads\\\/2024\\\/04\\\/2-e1712925412402.png\",\"contentUrl\":\"https:\\\/\\\/fahlenofsweden.com\\\/wp-content\\\/uploads\\\/2024\\\/04\\\/2-e1712925412402.png\",\"width\":2400,\"height\":1153,\"caption\":\"FAHL\u00c9N OF SWEDEN AB\"},\"image\":{\"@id\":\"http:\\\/\\\/fahlenofsweden.com\\\/en\\\/#\\\/schema\\\/logo\\\/image\\\/\"},\"sameAs\":[\"https:\\\/\\\/www.facebook.com\\\/FahlenOfSwedenFos\\\/\",\"https:\\\/\\\/www.instagram.com\\\/fahlenofsweden\\\/\"]}]}<\/script>\n<!-- \/ Yoast SEO Premium plugin. -->","yoast_head_json":{"title":"PRIVACY POLICY | FAHL\u00c9N OF SWEDEN","description":"FOS is a place where everyone is welcome. Our goal is for our products to make people feel confident and beautiful.","robots":{"index":"index","follow":"follow","max-snippet":"max-snippet:-1","max-image-preview":"max-image-preview:large","max-video-preview":"max-video-preview:-1"},"canonical":"https:\/\/fahlenofsweden.com\/en\/privacy-policy\/","og_locale":"en_US","og_type":"article","og_title":"PRIVACY POLICY","og_description":"FOS is a place where everyone is welcome. Our goal is for our products to make people feel confident and beautiful.","og_url":"https:\/\/fahlenofsweden.com\/en\/privacy-policy\/","og_site_name":"FAHL\u00c9N OF SWEDEN","article_publisher":"https:\/\/www.facebook.com\/FahlenOfSwedenFos\/","article_modified_time":"2024-08-26T12:22:02+00:00","twitter_card":"summary_large_image","twitter_misc":{"Est. reading time":"7 minutes"},"schema":{"@context":"https:\/\/schema.org","@graph":[{"@type":"WebPage","@id":"https:\/\/fahlenofsweden.com\/en\/privacy-policy\/","url":"https:\/\/fahlenofsweden.com\/en\/privacy-policy\/","name":"PRIVACY POLICY | FAHL\u00c9N OF SWEDEN","isPartOf":{"@id":"http:\/\/fahlenofsweden.com\/en\/#website"},"datePublished":"2020-09-30T06:56:31+00:00","dateModified":"2024-08-26T12:22:02+00:00","description":"FOS is a place where everyone is welcome. Our goal is for our products to make people feel confident and beautiful.","breadcrumb":{"@id":"https:\/\/fahlenofsweden.com\/en\/privacy-policy\/#breadcrumb"},"inLanguage":"en-US","potentialAction":[{"@type":"ReadAction","target":["https:\/\/fahlenofsweden.com\/en\/privacy-policy\/"]}]},{"@type":"BreadcrumbList","@id":"https:\/\/fahlenofsweden.com\/en\/privacy-policy\/#breadcrumb","itemListElement":[{"@type":"ListItem","position":1,"name":"Hem","item":"https:\/\/fahlenofsweden.com\/en\/fos-home\/"},{"@type":"ListItem","position":2,"name":"PRIVACY POLICY"}]},{"@type":"WebSite","@id":"http:\/\/fahlenofsweden.com\/en\/#website","url":"http:\/\/fahlenofsweden.com\/en\/","name":"FAHL\u00c9N OF SWEDEN AB","description":"FAHL\u00c9N OF SWEDEN | Officiell hemsida | H\u00e5r, Sk\u00f6nhet, Mode &amp; Livsstil.","publisher":{"@id":"http:\/\/fahlenofsweden.com\/en\/#organization"},"potentialAction":[{"@type":"SearchAction","target":{"@type":"EntryPoint","urlTemplate":"http:\/\/fahlenofsweden.com\/en\/?s={search_term_string}"},"query-input":{"@type":"PropertyValueSpecification","valueRequired":true,"valueName":"search_term_string"}}],"inLanguage":"en-US"},{"@type":"Organization","@id":"http:\/\/fahlenofsweden.com\/en\/#organization","name":"FAHL\u00c9N OF SWEDEN AB","url":"http:\/\/fahlenofsweden.com\/en\/","logo":{"@type":"ImageObject","inLanguage":"en-US","@id":"http:\/\/fahlenofsweden.com\/en\/#\/schema\/logo\/image\/","url":"https:\/\/fahlenofsweden.com\/wp-content\/uploads\/2024\/04\/2-e1712925412402.png","contentUrl":"https:\/\/fahlenofsweden.com\/wp-content\/uploads\/2024\/04\/2-e1712925412402.png","width":2400,"height":1153,"caption":"FAHL\u00c9N OF SWEDEN AB"},"image":{"@id":"http:\/\/fahlenofsweden.com\/en\/#\/schema\/logo\/image\/"},"sameAs":["https:\/\/www.facebook.com\/FahlenOfSwedenFos\/","https:\/\/www.instagram.com\/fahlenofsweden\/"]}]}},"jetpack_sharing_enabled":true,"_links":{"self":[{"href":"https:\/\/fahlenofsweden.com\/en\/wp-json\/wp\/v2\/pages\/41371","targetHints":{"allow":["GET"]}}],"collection":[{"href":"https:\/\/fahlenofsweden.com\/en\/wp-json\/wp\/v2\/pages"}],"about":[{"href":"https:\/\/fahlenofsweden.com\/en\/wp-json\/wp\/v2\/types\/page"}],"replies":[{"embeddable":true,"href":"https:\/\/fahlenofsweden.com\/en\/wp-json\/wp\/v2\/comments?post=41371"}],"version-history":[{"count":4,"href":"https:\/\/fahlenofsweden.com\/en\/wp-json\/wp\/v2\/pages\/41371\/revisions"}],"predecessor-version":[{"id":41433,"href":"https:\/\/fahlenofsweden.com\/en\/wp-json\/wp\/v2\/pages\/41371\/revisions\/41433"}],"wp:attachment":[{"href":"https:\/\/fahlenofsweden.com\/en\/wp-json\/wp\/v2\/media?parent=41371"}],"curies":[{"name":"wp","href":"https:\/\/api.w.org\/{rel}","templated":true}]}}