{"id":42551,"date":"2023-04-13T11:07:47","date_gmt":"2023-04-13T09:07:47","guid":{"rendered":"https:\/\/fahlenofsweden.com\/return-and-exchange\/"},"modified":"2025-04-29T19:40:35","modified_gmt":"2025-04-29T17:40:35","slug":"return-and-exchange","status":"publish","type":"page","link":"https:\/\/fahlenofsweden.com\/en\/return-and-exchange\/","title":{"rendered":"RETURN AND EXCHANGE"},"content":{"rendered":"\t\t<div data-elementor-type=\"wp-page\" data-elementor-id=\"42551\" class=\"elementor elementor-42551 elementor-31148\" data-elementor-post-type=\"page\">\n\t\t\t\t<div class=\"elementor-element elementor-element-ebff951 e-flex e-con-boxed e-con e-parent\" data-id=\"ebff951\" data-element_type=\"container\" data-e-type=\"container\">\n\t\t\t\t\t<div class=\"e-con-inner\">\n\t\t\t\t<div class=\"elementor-element elementor-element-39fff4e elementor-widget elementor-widget-heading\" data-id=\"39fff4e\" data-element_type=\"widget\" data-e-type=\"widget\" data-widget_type=\"heading.default\">\n\t\t\t\t<div class=\"elementor-widget-container\">\n\t\t\t\t\t<h2 class=\"elementor-heading-title elementor-size-default\">More information...<\/h2>\t\t\t\t<\/div>\n\t\t\t\t<\/div>\n\t\t\t\t\t<\/div>\n\t\t\t\t<\/div>\n\t\t<div class=\"elementor-element elementor-element-3ffde48 e-flex e-con-boxed e-con e-parent\" data-id=\"3ffde48\" data-element_type=\"container\" data-e-type=\"container\">\n\t\t\t\t\t<div class=\"e-con-inner\">\n\t\t<a class=\"elementor-element elementor-element-f13b032 e-con-full e-flex e-con e-child\" data-id=\"f13b032\" data-element_type=\"container\" data-e-type=\"container\" href=\"https:\/\/fahlenofsweden.com\/en\/return-and-exchange-policy\/\" target=\"_blank\">\n\t\t\t\t<div class=\"elementor-element elementor-element-ad70cec elementor-widget elementor-widget-text-editor\" data-id=\"ad70cec\" data-element_type=\"widget\" data-e-type=\"widget\" data-widget_type=\"text-editor.default\">\n\t\t\t\t<div class=\"elementor-widget-container\">\n\t\t\t\t\t\t\t\t\t<h4><strong>RETURN  EXCHANGE POLICY<\/strong><\/h4><p>FAHL\u00c9N OF SWEDEN wants all our customers to feel safe and satisfied, therefore we offer our customers an easy way to return or exchange products &#8230;&#8230;<\/p>\t\t\t\t\t\t\t\t<\/div>\n\t\t\t\t<\/div>\n\t\t\t\t<\/a>\n\t\t<a class=\"elementor-element elementor-element-f6d9fc1 e-con-full e-flex e-con e-child\" data-id=\"f6d9fc1\" data-element_type=\"container\" data-e-type=\"container\" href=\"https:\/\/fahlenofsweden.com\/en\/return-exchange-processing\/\" target=\"_blank\">\n\t\t\t\t<div class=\"elementor-element elementor-element-5b0f0b8 elementor-widget elementor-widget-text-editor\" data-id=\"5b0f0b8\" data-element_type=\"widget\" data-e-type=\"widget\" data-widget_type=\"text-editor.default\">\n\t\t\t\t<div class=\"elementor-widget-container\">\n\t\t\t\t\t\t\t\t\t<h4><strong>RETURN  EXCHANGE PROCESSING<\/strong><\/h4><p>Make your return and exchange here.<\/p>\t\t\t\t\t\t\t\t<\/div>\n\t\t\t\t<\/div>\n\t\t\t\t<\/a>\n\t\t\t\t\t<\/div>\n\t\t\t\t<\/div>\n\t\t\t\t<\/div>\n\t\t","protected":false},"excerpt":{"rendered":"<p>More information&#8230; RETURN EXCHANGE POLICY FAHL\u00c9N OF SWEDEN wants all our customers to feel safe and satisfied, therefore we offer our customers an easy way to return or exchange products &#8230;&#8230; RETURN EXCHANGE PROCESSING Make your return and exchange here.<\/p>\n","protected":false},"author":0,"featured_media":0,"parent":0,"menu_order":0,"comment_status":"closed","ping_status":"closed","template":"","meta":{"jetpack_post_was_ever_published":false,"footnotes":""},"class_list":["post-42551","page","type-page","status-publish","hentry"],"yoast_head":"<!-- This site is optimized with the Yoast SEO Premium plugin v26.3 (Yoast SEO v27.3) - https:\/\/yoast.com\/product\/yoast-seo-premium-wordpress\/ -->\n<title>RETURN AND EXCHANGE | FAHL\u00c9N OF SWEDEN<\/title>\n<meta name=\"robots\" content=\"index, follow, max-snippet:-1, max-image-preview:large, max-video-preview:-1\" \/>\n<link rel=\"canonical\" href=\"https:\/\/fahlenofsweden.com\/en\/return-and-exchange\/\" \/>\n<meta property=\"og:locale\" content=\"en_US\" \/>\n<meta property=\"og:type\" content=\"article\" \/>\n<meta property=\"og:title\" content=\"RETURN AND EXCHANGE\" \/>\n<meta property=\"og:description\" content=\"More information&#8230; RETURN EXCHANGE POLICY FAHL\u00c9N OF SWEDEN wants all our customers to feel safe and satisfied, therefore we offer our customers an easy way to return or exchange products &#8230;&#8230; RETURN EXCHANGE PROCESSING Make your return and exchange here.\" \/>\n<meta property=\"og:url\" content=\"https:\/\/fahlenofsweden.com\/en\/return-and-exchange\/\" \/>\n<meta property=\"og:site_name\" content=\"FAHL\u00c9N OF SWEDEN\" \/>\n<meta property=\"article:publisher\" content=\"https:\/\/www.facebook.com\/FahlenOfSwedenFos\/\" \/>\n<meta property=\"article:modified_time\" content=\"2025-04-29T17:40:35+00:00\" \/>\n<meta name=\"twitter:card\" content=\"summary_large_image\" \/>\n<meta name=\"twitter:label1\" content=\"Est. reading time\" \/>\n\t<meta name=\"twitter:data1\" content=\"1 minute\" \/>\n<script type=\"application\/ld+json\" class=\"yoast-schema-graph\">{\"@context\":\"https:\\\/\\\/schema.org\",\"@graph\":[{\"@type\":\"WebPage\",\"@id\":\"https:\\\/\\\/fahlenofsweden.com\\\/en\\\/return-and-exchange\\\/\",\"url\":\"https:\\\/\\\/fahlenofsweden.com\\\/en\\\/return-and-exchange\\\/\",\"name\":\"RETURN AND EXCHANGE | FAHL\u00c9N OF SWEDEN\",\"isPartOf\":{\"@id\":\"http:\\\/\\\/fahlenofsweden.com\\\/en\\\/#website\"},\"datePublished\":\"2023-04-13T09:07:47+00:00\",\"dateModified\":\"2025-04-29T17:40:35+00:00\",\"breadcrumb\":{\"@id\":\"https:\\\/\\\/fahlenofsweden.com\\\/en\\\/return-and-exchange\\\/#breadcrumb\"},\"inLanguage\":\"en-US\",\"potentialAction\":[{\"@type\":\"ReadAction\",\"target\":[\"https:\\\/\\\/fahlenofsweden.com\\\/en\\\/return-and-exchange\\\/\"]}]},{\"@type\":\"BreadcrumbList\",\"@id\":\"https:\\\/\\\/fahlenofsweden.com\\\/en\\\/return-and-exchange\\\/#breadcrumb\",\"itemListElement\":[{\"@type\":\"ListItem\",\"position\":1,\"name\":\"Hem\",\"item\":\"https:\\\/\\\/fahlenofsweden.com\\\/en\\\/fos-home\\\/\"},{\"@type\":\"ListItem\",\"position\":2,\"name\":\"RETURN AND EXCHANGE\"}]},{\"@type\":\"WebSite\",\"@id\":\"http:\\\/\\\/fahlenofsweden.com\\\/en\\\/#website\",\"url\":\"http:\\\/\\\/fahlenofsweden.com\\\/en\\\/\",\"name\":\"FAHL\u00c9N OF SWEDEN AB\",\"description\":\"FAHL\u00c9N OF SWEDEN | Officiell hemsida | H\u00e5r, Sk\u00f6nhet, Mode &amp; Livsstil.\",\"publisher\":{\"@id\":\"http:\\\/\\\/fahlenofsweden.com\\\/en\\\/#organization\"},\"potentialAction\":[{\"@type\":\"SearchAction\",\"target\":{\"@type\":\"EntryPoint\",\"urlTemplate\":\"http:\\\/\\\/fahlenofsweden.com\\\/en\\\/?s={search_term_string}\"},\"query-input\":{\"@type\":\"PropertyValueSpecification\",\"valueRequired\":true,\"valueName\":\"search_term_string\"}}],\"inLanguage\":\"en-US\"},{\"@type\":\"Organization\",\"@id\":\"http:\\\/\\\/fahlenofsweden.com\\\/en\\\/#organization\",\"name\":\"FAHL\u00c9N OF SWEDEN AB\",\"url\":\"http:\\\/\\\/fahlenofsweden.com\\\/en\\\/\",\"logo\":{\"@type\":\"ImageObject\",\"inLanguage\":\"en-US\",\"@id\":\"http:\\\/\\\/fahlenofsweden.com\\\/en\\\/#\\\/schema\\\/logo\\\/image\\\/\",\"url\":\"https:\\\/\\\/fahlenofsweden.com\\\/wp-content\\\/uploads\\\/2024\\\/04\\\/2-e1712925412402.png\",\"contentUrl\":\"https:\\\/\\\/fahlenofsweden.com\\\/wp-content\\\/uploads\\\/2024\\\/04\\\/2-e1712925412402.png\",\"width\":2400,\"height\":1153,\"caption\":\"FAHL\u00c9N OF SWEDEN AB\"},\"image\":{\"@id\":\"http:\\\/\\\/fahlenofsweden.com\\\/en\\\/#\\\/schema\\\/logo\\\/image\\\/\"},\"sameAs\":[\"https:\\\/\\\/www.facebook.com\\\/FahlenOfSwedenFos\\\/\",\"https:\\\/\\\/www.instagram.com\\\/fahlenofsweden\\\/\"]}]}<\/script>\n<!-- \/ Yoast SEO Premium plugin. -->","yoast_head_json":{"title":"RETURN AND EXCHANGE | FAHL\u00c9N OF SWEDEN","robots":{"index":"index","follow":"follow","max-snippet":"max-snippet:-1","max-image-preview":"max-image-preview:large","max-video-preview":"max-video-preview:-1"},"canonical":"https:\/\/fahlenofsweden.com\/en\/return-and-exchange\/","og_locale":"en_US","og_type":"article","og_title":"RETURN AND EXCHANGE","og_description":"More information&#8230; RETURN EXCHANGE POLICY FAHL\u00c9N OF SWEDEN wants all our customers to feel safe and satisfied, therefore we offer our customers an easy way to return or exchange products &#8230;&#8230; RETURN EXCHANGE PROCESSING Make your return and exchange here.","og_url":"https:\/\/fahlenofsweden.com\/en\/return-and-exchange\/","og_site_name":"FAHL\u00c9N OF SWEDEN","article_publisher":"https:\/\/www.facebook.com\/FahlenOfSwedenFos\/","article_modified_time":"2025-04-29T17:40:35+00:00","twitter_card":"summary_large_image","twitter_misc":{"Est. reading time":"1 minute"},"schema":{"@context":"https:\/\/schema.org","@graph":[{"@type":"WebPage","@id":"https:\/\/fahlenofsweden.com\/en\/return-and-exchange\/","url":"https:\/\/fahlenofsweden.com\/en\/return-and-exchange\/","name":"RETURN AND EXCHANGE | FAHL\u00c9N OF SWEDEN","isPartOf":{"@id":"http:\/\/fahlenofsweden.com\/en\/#website"},"datePublished":"2023-04-13T09:07:47+00:00","dateModified":"2025-04-29T17:40:35+00:00","breadcrumb":{"@id":"https:\/\/fahlenofsweden.com\/en\/return-and-exchange\/#breadcrumb"},"inLanguage":"en-US","potentialAction":[{"@type":"ReadAction","target":["https:\/\/fahlenofsweden.com\/en\/return-and-exchange\/"]}]},{"@type":"BreadcrumbList","@id":"https:\/\/fahlenofsweden.com\/en\/return-and-exchange\/#breadcrumb","itemListElement":[{"@type":"ListItem","position":1,"name":"Hem","item":"https:\/\/fahlenofsweden.com\/en\/fos-home\/"},{"@type":"ListItem","position":2,"name":"RETURN AND EXCHANGE"}]},{"@type":"WebSite","@id":"http:\/\/fahlenofsweden.com\/en\/#website","url":"http:\/\/fahlenofsweden.com\/en\/","name":"FAHL\u00c9N OF SWEDEN AB","description":"FAHL\u00c9N OF SWEDEN | Officiell hemsida | H\u00e5r, Sk\u00f6nhet, Mode &amp; Livsstil.","publisher":{"@id":"http:\/\/fahlenofsweden.com\/en\/#organization"},"potentialAction":[{"@type":"SearchAction","target":{"@type":"EntryPoint","urlTemplate":"http:\/\/fahlenofsweden.com\/en\/?s={search_term_string}"},"query-input":{"@type":"PropertyValueSpecification","valueRequired":true,"valueName":"search_term_string"}}],"inLanguage":"en-US"},{"@type":"Organization","@id":"http:\/\/fahlenofsweden.com\/en\/#organization","name":"FAHL\u00c9N OF SWEDEN AB","url":"http:\/\/fahlenofsweden.com\/en\/","logo":{"@type":"ImageObject","inLanguage":"en-US","@id":"http:\/\/fahlenofsweden.com\/en\/#\/schema\/logo\/image\/","url":"https:\/\/fahlenofsweden.com\/wp-content\/uploads\/2024\/04\/2-e1712925412402.png","contentUrl":"https:\/\/fahlenofsweden.com\/wp-content\/uploads\/2024\/04\/2-e1712925412402.png","width":2400,"height":1153,"caption":"FAHL\u00c9N OF SWEDEN AB"},"image":{"@id":"http:\/\/fahlenofsweden.com\/en\/#\/schema\/logo\/image\/"},"sameAs":["https:\/\/www.facebook.com\/FahlenOfSwedenFos\/","https:\/\/www.instagram.com\/fahlenofsweden\/"]}]}},"jetpack_sharing_enabled":true,"_links":{"self":[{"href":"https:\/\/fahlenofsweden.com\/en\/wp-json\/wp\/v2\/pages\/42551","targetHints":{"allow":["GET"]}}],"collection":[{"href":"https:\/\/fahlenofsweden.com\/en\/wp-json\/wp\/v2\/pages"}],"about":[{"href":"https:\/\/fahlenofsweden.com\/en\/wp-json\/wp\/v2\/types\/page"}],"replies":[{"embeddable":true,"href":"https:\/\/fahlenofsweden.com\/en\/wp-json\/wp\/v2\/comments?post=42551"}],"version-history":[{"count":14,"href":"https:\/\/fahlenofsweden.com\/en\/wp-json\/wp\/v2\/pages\/42551\/revisions"}],"predecessor-version":[{"id":46008,"href":"https:\/\/fahlenofsweden.com\/en\/wp-json\/wp\/v2\/pages\/42551\/revisions\/46008"}],"wp:attachment":[{"href":"https:\/\/fahlenofsweden.com\/en\/wp-json\/wp\/v2\/media?parent=42551"}],"curies":[{"name":"wp","href":"https:\/\/api.w.org\/{rel}","templated":true}]}}