{"id":42561,"date":"2020-02-24T13:53:04","date_gmt":"2020-02-24T12:53:04","guid":{"rendered":"https:\/\/fahlenofsweden.com\/return-and-exchange-policy\/"},"modified":"2025-01-13T11:59:15","modified_gmt":"2025-01-13T10:59:15","slug":"return-and-exchange-policy","status":"publish","type":"page","link":"https:\/\/fahlenofsweden.com\/en\/return-and-exchange-policy\/","title":{"rendered":"RETURN AND EXCHANGE POLICY"},"content":{"rendered":"\t\t<div data-elementor-type=\"wp-page\" data-elementor-id=\"42561\" class=\"elementor elementor-42561 elementor-877\" data-elementor-post-type=\"page\">\n\t\t\t\t\t\t<section class=\"elementor-section elementor-top-section elementor-element elementor-element-4d1edf04 elementor-section-height-min-height elementor-section-content-middle elementor-section-boxed elementor-section-height-default elementor-section-items-middle\" data-id=\"4d1edf04\" data-element_type=\"section\" data-e-type=\"section\">\n\t\t\t\t\t\t<div class=\"elementor-container elementor-column-gap-default\">\n\t\t\t\t\t<div class=\"elementor-column elementor-col-100 elementor-top-column elementor-element elementor-element-6ab554d5\" data-id=\"6ab554d5\" data-element_type=\"column\" data-e-type=\"column\">\n\t\t\t<div class=\"elementor-widget-wrap elementor-element-populated\">\n\t\t\t\t\t\t<div class=\"elementor-element elementor-element-441a5d90 elementor-widget elementor-widget-heading\" data-id=\"441a5d90\" data-element_type=\"widget\" data-e-type=\"widget\" data-widget_type=\"heading.default\">\n\t\t\t\t<div class=\"elementor-widget-container\">\n\t\t\t\t\t<h2 class=\"elementor-heading-title elementor-size-default\">RETURN AND EXCHANGE POLICY<\/h2>\t\t\t\t<\/div>\n\t\t\t\t<\/div>\n\t\t\t\t\t<\/div>\n\t\t<\/div>\n\t\t\t\t\t<\/div>\n\t\t<\/section>\n\t\t\t\t<section class=\"elementor-section elementor-top-section elementor-element elementor-element-f5fd04b elementor-section-boxed elementor-section-height-default elementor-section-height-default\" data-id=\"f5fd04b\" data-element_type=\"section\" data-e-type=\"section\">\n\t\t\t\t\t\t<div class=\"elementor-container elementor-column-gap-default\">\n\t\t\t\t\t<div class=\"elementor-column elementor-col-100 elementor-top-column elementor-element elementor-element-2dce0df\" data-id=\"2dce0df\" data-element_type=\"column\" data-e-type=\"column\">\n\t\t\t<div class=\"elementor-widget-wrap elementor-element-populated\">\n\t\t\t\t<div class=\"elementor-element elementor-element-fb5cbca e-con-full e-flex e-con e-parent\" data-id=\"fb5cbca\" data-element_type=\"container\" data-e-type=\"container\">\n\t\t\t\t<div class=\"elementor-element elementor-element-eccb066 elementor-widget elementor-widget-text-editor\" data-id=\"eccb066\" data-element_type=\"widget\" data-e-type=\"widget\" data-widget_type=\"text-editor.default\">\n\t\t\t\t<div class=\"elementor-widget-container\">\n\t\t\t\t\t\t\t\t\t<h2><strong>Do you want to return?<\/strong> <\/h2>\n\t\t\t\t\t\t\t\t<\/div>\n\t\t\t\t<\/div>\n\t\t\t\t<div class=\"elementor-element elementor-element-7dd9f23 elementor-align-center elementor-widget elementor-widget-button\" data-id=\"7dd9f23\" data-element_type=\"widget\" data-e-type=\"widget\" data-widget_type=\"button.default\">\n\t\t\t\t<div class=\"elementor-widget-container\">\n\t\t\t\t\t\t\t\t\t<div class=\"elementor-button-wrapper\">\n\t\t\t\t\t<a class=\"elementor-button elementor-button-link elementor-size-sm\" href=\"https:\/\/fahlenofsweden.com\/en\/return-exchange-processing\/\">\n\t\t\t\t\t\t<span class=\"elementor-button-content-wrapper\">\n\t\t\t\t\t\t\t\t\t<span class=\"elementor-button-text\">Click here for more information<\/span>\n\t\t\t\t\t<\/span>\n\t\t\t\t\t<\/a>\n\t\t\t\t<\/div>\n\t\t\t\t\t\t\t\t<\/div>\n\t\t\t\t<\/div>\n\t\t\t\t<\/div>\n\t\t\t\t<div class=\"elementor-element elementor-element-ea3ce32 elementor-widget elementor-widget-text-editor\" data-id=\"ea3ce32\" data-element_type=\"widget\" data-e-type=\"widget\" data-widget_type=\"text-editor.default\">\n\t\t\t\t<div class=\"elementor-widget-container\">\n\t\t\t\t\t\t\t\t\t<p><\/p>\n<p><\/p>\n<p><\/p>\n<p>FAHL\u00c9N OF SWEDEN wants all our customers to feel safe and satisfied, therefore we offer our customers an easy way to return or exchange products.<\/p>\n<p>Any claim for damaged, defective, faulty or missing items must be submitted within 14 days from the date of delivery. It must be accompanied by photos showing proof of claim. Our customer service is always available to help with a solution for this.  <\/p>\n<p>Items must be returned in their original condition and in their original packaging including all original labels, manuals, accessories and free gifts. Returned items must be in good condition, unaltered and undamaged. All returned items will be inspected to see if you are eligible for a refund.  <\/p>\n<p>We recommend sending your return by DHL, POSTNORD or any logistics that can be tracked online. Customer pays for return shipping cost. FOS is not responsible for lost returns.  <\/p>\n<p>If returned items are not in the same condition as when they were sent, we will reject the request for a refund. A partial refund may then be applicable based on a case-by-case discretion. Please note that refunds for goods returned without contacting us cannot be guaranteed.  <\/p>\n<p>NB:<\/p>\n<p>If an order is returned for a reason other than a mistake we made, you will only be refunded the cost of the order and not the shipping cost.<\/p>\n<p>If an order has not been picked up and returned to us, we will require a charge of 120kr to process and send it back to you.<\/p>\n<p>If you buy a discounted item and want to return it, the amount you paid will be refunded according to the instructions in rule 2.<\/p>\n<p>We offer our customers the exchange of discounted products for products of the same value, but if you exchange for a higher value product or if the item is no longer discounted, you pay the difference.<\/p>\n<p> <\/p>\n<p><\/p>\n<p><\/p>\n<p><strong>RETURN FAQ<\/strong><\/p>\n<p><\/p>\n<p><\/p>\n<p>Frequently asked questions about returning hair:<\/p>\n<p><\/p>\n<p><\/p>\n<p><u>HOW LONG IS THE RETURN TIME?<\/u><\/p>\n<p>Our refund period on undamaged hair packs expires after 14 days from the date you received your hair product.<\/p>\n<p><\/p>\n<p><\/p>\n<p><u>WHY ARE FOS HAIRS NOT ELIGIBLE FOR RETURN WHEN THE PACKAGING IS OPENED?<\/u><\/p>\n<p>Extensions and wig hair are considered a hygienic product. We take hygiene and public safety seriously and do not allow used goods to be returned for the safety of all our customers. <\/p>\n<p>If a product is delivered damaged, we take responsibility for this. <\/p>\n<p>Before using our products, make sure you know how they will be treated or used. <br>If you are unsure after reading the instructions, one tip is to ask our support or a professional hairdresser for help.<\/p>\n<p><\/p>\n<p><\/p>\n<p><u>DO I HAVE TO PAY FOR THE DELIVERY OF MY RETURN?<\/u><\/p>\n<p>If we sent the wrong item, we will cover the shipping cost. For all other conditions, you will bear the shipping cost of the return. We recommend sending your return with a tracking option as FOS is not responsible for lost returns.  <\/p>\n<p><\/p>\n<p><\/p>\n<p><u>CAN I RETURN MY FOS HAIR WITHOUT YOUR RETURN AUTHORIZATION?<\/u><\/p>\n<p>Yes, if the goods are returned in their original condition and in unbroken original packaging &#8211; including all original labels, manuals, accessories and free gifts. If this is not done accordingly, we will reject the refund request. We do not accept returns of goods that have been used, for hygienic reasons. We have a record-keeping policy to protect your and our safety regarding returned products.   <\/p>\n<p><u>RETURNS: DAMAGED, FAULTY OR MISSING GOODS<\/u><\/p>\n<p>Any claim for damaged, defective, faulty or missing items must be submitted within 14 days from the date of delivery. It must be accompanied by photos that are reviewed by our staff before the item is valid for a return. Please do not send us any of these items before contacting us, this will not be accepted.  <\/p>\n<p><\/p>\n<p><\/p>\n<p><u>WHEN WILL I GET MY REFUND?<\/u><\/p>\n<p>Refunds will be made to the original payment method after we have received, inspected and confirmed the return. If you paid by Paypal, the refund will be returned to your balance quickly. If you paid by credit card, the refund will need 3-15 working days or longer to be processed by your bank. You can contact your bank to confirm it.   <\/p>\n<p><u>EXCHANGE RIGHTS<\/u><\/p>\n<p><\/p>\n<p><\/p>\n<p>We understand that choosing the right hair (the right length and color) can be a bit difficult. So we are happy to exchange your unbroken item. Exchanges should be made according to the instructions above. Once you have selected a product to exchange for, the item will be sent with shipping options of your choice. However, you are responsible for exchange costs unless the wrong items were originally sent to you.    <\/p>\n<p><\/p>\n<p><\/p>\n<p><\/p>\n<p><\/p>\n<p><\/p>\t\t\t\t\t\t\t\t<\/div>\n\t\t\t\t<\/div>\n\t\t\t\t\t<\/div>\n\t\t<\/div>\n\t\t\t\t\t<\/div>\n\t\t<\/section>\n\t\t\t\t<section class=\"elementor-section elementor-top-section elementor-element elementor-element-825eda3 elementor-section-boxed elementor-section-height-default elementor-section-height-default\" data-id=\"825eda3\" data-element_type=\"section\" data-e-type=\"section\">\n\t\t\t\t\t\t<div class=\"elementor-container elementor-column-gap-default\">\n\t\t\t\t\t<div class=\"elementor-column elementor-col-100 elementor-top-column elementor-element elementor-element-5a3d6f1\" data-id=\"5a3d6f1\" data-element_type=\"column\" data-e-type=\"column\">\n\t\t\t<div class=\"elementor-widget-wrap elementor-element-populated\">\n\t\t\t\t\t\t<div class=\"elementor-element elementor-element-2bfa2e5 elementor-widget elementor-widget-text-editor\" data-id=\"2bfa2e5\" data-element_type=\"widget\" data-e-type=\"widget\" data-widget_type=\"text-editor.default\">\n\t\t\t\t<div class=\"elementor-widget-container\">\n\t\t\t\t\t\t\t\t\t<p><strong><u>RETURNS \/ EXCHANGES &#8211; GUIDE<\/u><\/strong><\/p>\n<p><\/p>\n<p><\/p>\n<p>Pack the product and its original accessories correctly in the same packaging\/bag it came in.<\/p>\n<p>Complete our return and exchange form <a href=\"https:\/\/fahlenofsweden.com\/en\/return-exchange-processing\/\">here<\/a>. Then print out our <a href=\"https:\/\/fahlenofsweden.com\/wp-content\/uploads\/2021\/10\/FOS-RETURN-FORM-Svenska.pdf\">return form<\/a>.<\/p>\t\t\t\t\t\t\t\t<\/div>\n\t\t\t\t<\/div>\n\t\t\t\t\t<\/div>\n\t\t<\/div>\n\t\t\t\t\t<\/div>\n\t\t<\/section>\n\t\t\t\t<section class=\"elementor-section elementor-top-section elementor-element elementor-element-fd33728 elementor-section-boxed elementor-section-height-default elementor-section-height-default\" data-id=\"fd33728\" data-element_type=\"section\" data-e-type=\"section\">\n\t\t\t\t\t\t<div class=\"elementor-container elementor-column-gap-default\">\n\t\t\t\t\t<div class=\"elementor-column elementor-col-100 elementor-top-column elementor-element elementor-element-49f42eb\" data-id=\"49f42eb\" data-element_type=\"column\" data-e-type=\"column\">\n\t\t\t<div class=\"elementor-widget-wrap elementor-element-populated\">\n\t\t\t\t\t\t<div class=\"elementor-element elementor-element-eb78600 elementor-widget elementor-widget-text-editor\" data-id=\"eb78600\" data-element_type=\"widget\" data-e-type=\"widget\" data-widget_type=\"text-editor.default\">\n\t\t\t\t<div class=\"elementor-widget-container\">\n\t\t\t\t\t\t\t\t\t<p><\/p>\n<p>Send the return slip together with your order to:<\/p>\n<p>Fahl\u00e9n of Sweden AB<br>Spinnv\u00e4gen 15<br>903 61 Ume\u00e5 <br>Sweden<\/p>\n<p>Send the package to the nearest post office. Keep the receipt. <\/p>\n<p><\/p>\n<p><\/p>\n<p><\/p>\n<p><\/p>\n<p>IF YOU NEED FURTHER ASSISTANCE, PLEASE CONTACT US <a href=\"https:\/\/fahlenofsweden.com\/en\/contact-us\/\">HERE<\/a>.<\/p>\n<p><\/p>\n<p><\/p>\n<p>Or send an email to: <a class=\"rank-math-link\" href=\"mailto:support@fahlenofsweden.se\">support@fahlenofsweden.se<\/a><\/p>\n<p> <\/p>\n<p><\/p>\n<p><\/p>\n<p><\/p>\t\t\t\t\t\t\t\t<\/div>\n\t\t\t\t<\/div>\n\t\t\t\t\t<\/div>\n\t\t<\/div>\n\t\t\t\t\t<\/div>\n\t\t<\/section>\n\t\t\t\t<\/div>\n\t\t","protected":false},"excerpt":{"rendered":"<p>RETURN AND EXCHANGE POLICY Do you want to return? Click here for more information FAHL\u00c9N OF SWEDEN wants all our customers to feel safe and satisfied, therefore we offer our customers an easy way to return or exchange products. Any claim for damaged, defective, faulty or missing items must be submitted within 14 days from [&hellip;]<\/p>\n","protected":false},"author":0,"featured_media":0,"parent":0,"menu_order":0,"comment_status":"closed","ping_status":"closed","template":"elementor_header_footer","meta":{"jetpack_post_was_ever_published":false,"footnotes":""},"class_list":["post-42561","page","type-page","status-publish","hentry"],"yoast_head":"<!-- This site is optimized with the Yoast SEO Premium plugin v26.3 (Yoast SEO v27.3) - https:\/\/yoast.com\/product\/yoast-seo-premium-wordpress\/ -->\n<title>RETURN AND EXCHANGE POLICY | FAHL\u00c9N OF SWEDEN<\/title>\n<meta name=\"description\" content=\"FOS wants all our customers to feel safe and satisfied. We offer our customers an easy way to return or exchange products.\" \/>\n<meta name=\"robots\" content=\"index, follow, max-snippet:-1, max-image-preview:large, max-video-preview:-1\" \/>\n<link rel=\"canonical\" href=\"https:\/\/fahlenofsweden.com\/en\/return-and-exchange-policy\/\" \/>\n<meta property=\"og:locale\" content=\"en_US\" \/>\n<meta property=\"og:type\" content=\"article\" \/>\n<meta property=\"og:title\" content=\"RETURN AND EXCHANGE POLICY\" \/>\n<meta property=\"og:description\" content=\"FOS wants all our customers to feel safe and satisfied. We offer our customers an easy way to return or exchange products.\" \/>\n<meta property=\"og:url\" content=\"https:\/\/fahlenofsweden.com\/en\/return-and-exchange-policy\/\" \/>\n<meta property=\"og:site_name\" content=\"FAHL\u00c9N OF SWEDEN\" \/>\n<meta property=\"article:publisher\" content=\"https:\/\/www.facebook.com\/FahlenOfSwedenFos\/\" \/>\n<meta property=\"article:modified_time\" content=\"2025-01-13T10:59:15+00:00\" \/>\n<meta name=\"twitter:card\" content=\"summary_large_image\" \/>\n<meta name=\"twitter:label1\" content=\"Est. reading time\" \/>\n\t<meta name=\"twitter:data1\" content=\"4 minutes\" \/>\n<script type=\"application\/ld+json\" class=\"yoast-schema-graph\">{\"@context\":\"https:\\\/\\\/schema.org\",\"@graph\":[{\"@type\":\"WebPage\",\"@id\":\"https:\\\/\\\/fahlenofsweden.com\\\/en\\\/return-and-exchange-policy\\\/\",\"url\":\"https:\\\/\\\/fahlenofsweden.com\\\/en\\\/return-and-exchange-policy\\\/\",\"name\":\"RETURN AND EXCHANGE POLICY | FAHL\u00c9N OF SWEDEN\",\"isPartOf\":{\"@id\":\"http:\\\/\\\/fahlenofsweden.com\\\/en\\\/#website\"},\"datePublished\":\"2020-02-24T12:53:04+00:00\",\"dateModified\":\"2025-01-13T10:59:15+00:00\",\"description\":\"FOS wants all our customers to feel safe and satisfied. We offer our customers an easy way to return or exchange products.\",\"breadcrumb\":{\"@id\":\"https:\\\/\\\/fahlenofsweden.com\\\/en\\\/return-and-exchange-policy\\\/#breadcrumb\"},\"inLanguage\":\"en-US\",\"potentialAction\":[{\"@type\":\"ReadAction\",\"target\":[\"https:\\\/\\\/fahlenofsweden.com\\\/en\\\/return-and-exchange-policy\\\/\"]}]},{\"@type\":\"BreadcrumbList\",\"@id\":\"https:\\\/\\\/fahlenofsweden.com\\\/en\\\/return-and-exchange-policy\\\/#breadcrumb\",\"itemListElement\":[{\"@type\":\"ListItem\",\"position\":1,\"name\":\"Hem\",\"item\":\"https:\\\/\\\/fahlenofsweden.com\\\/en\\\/fos-home\\\/\"},{\"@type\":\"ListItem\",\"position\":2,\"name\":\"RETURN AND EXCHANGE POLICY\"}]},{\"@type\":\"WebSite\",\"@id\":\"http:\\\/\\\/fahlenofsweden.com\\\/en\\\/#website\",\"url\":\"http:\\\/\\\/fahlenofsweden.com\\\/en\\\/\",\"name\":\"FAHL\u00c9N OF SWEDEN AB\",\"description\":\"FAHL\u00c9N OF SWEDEN | Officiell hemsida | H\u00e5r, Sk\u00f6nhet, Mode &amp; Livsstil.\",\"publisher\":{\"@id\":\"http:\\\/\\\/fahlenofsweden.com\\\/en\\\/#organization\"},\"potentialAction\":[{\"@type\":\"SearchAction\",\"target\":{\"@type\":\"EntryPoint\",\"urlTemplate\":\"http:\\\/\\\/fahlenofsweden.com\\\/en\\\/?s={search_term_string}\"},\"query-input\":{\"@type\":\"PropertyValueSpecification\",\"valueRequired\":true,\"valueName\":\"search_term_string\"}}],\"inLanguage\":\"en-US\"},{\"@type\":\"Organization\",\"@id\":\"http:\\\/\\\/fahlenofsweden.com\\\/en\\\/#organization\",\"name\":\"FAHL\u00c9N OF SWEDEN AB\",\"url\":\"http:\\\/\\\/fahlenofsweden.com\\\/en\\\/\",\"logo\":{\"@type\":\"ImageObject\",\"inLanguage\":\"en-US\",\"@id\":\"http:\\\/\\\/fahlenofsweden.com\\\/en\\\/#\\\/schema\\\/logo\\\/image\\\/\",\"url\":\"https:\\\/\\\/fahlenofsweden.com\\\/wp-content\\\/uploads\\\/2024\\\/04\\\/2-e1712925412402.png\",\"contentUrl\":\"https:\\\/\\\/fahlenofsweden.com\\\/wp-content\\\/uploads\\\/2024\\\/04\\\/2-e1712925412402.png\",\"width\":2400,\"height\":1153,\"caption\":\"FAHL\u00c9N OF SWEDEN AB\"},\"image\":{\"@id\":\"http:\\\/\\\/fahlenofsweden.com\\\/en\\\/#\\\/schema\\\/logo\\\/image\\\/\"},\"sameAs\":[\"https:\\\/\\\/www.facebook.com\\\/FahlenOfSwedenFos\\\/\",\"https:\\\/\\\/www.instagram.com\\\/fahlenofsweden\\\/\"]}]}<\/script>\n<!-- \/ Yoast SEO Premium plugin. -->","yoast_head_json":{"title":"RETURN AND EXCHANGE POLICY | FAHL\u00c9N OF SWEDEN","description":"FOS wants all our customers to feel safe and satisfied. We offer our customers an easy way to return or exchange products.","robots":{"index":"index","follow":"follow","max-snippet":"max-snippet:-1","max-image-preview":"max-image-preview:large","max-video-preview":"max-video-preview:-1"},"canonical":"https:\/\/fahlenofsweden.com\/en\/return-and-exchange-policy\/","og_locale":"en_US","og_type":"article","og_title":"RETURN AND EXCHANGE POLICY","og_description":"FOS wants all our customers to feel safe and satisfied. We offer our customers an easy way to return or exchange products.","og_url":"https:\/\/fahlenofsweden.com\/en\/return-and-exchange-policy\/","og_site_name":"FAHL\u00c9N OF SWEDEN","article_publisher":"https:\/\/www.facebook.com\/FahlenOfSwedenFos\/","article_modified_time":"2025-01-13T10:59:15+00:00","twitter_card":"summary_large_image","twitter_misc":{"Est. reading time":"4 minutes"},"schema":{"@context":"https:\/\/schema.org","@graph":[{"@type":"WebPage","@id":"https:\/\/fahlenofsweden.com\/en\/return-and-exchange-policy\/","url":"https:\/\/fahlenofsweden.com\/en\/return-and-exchange-policy\/","name":"RETURN AND EXCHANGE POLICY | FAHL\u00c9N OF SWEDEN","isPartOf":{"@id":"http:\/\/fahlenofsweden.com\/en\/#website"},"datePublished":"2020-02-24T12:53:04+00:00","dateModified":"2025-01-13T10:59:15+00:00","description":"FOS wants all our customers to feel safe and satisfied. We offer our customers an easy way to return or exchange products.","breadcrumb":{"@id":"https:\/\/fahlenofsweden.com\/en\/return-and-exchange-policy\/#breadcrumb"},"inLanguage":"en-US","potentialAction":[{"@type":"ReadAction","target":["https:\/\/fahlenofsweden.com\/en\/return-and-exchange-policy\/"]}]},{"@type":"BreadcrumbList","@id":"https:\/\/fahlenofsweden.com\/en\/return-and-exchange-policy\/#breadcrumb","itemListElement":[{"@type":"ListItem","position":1,"name":"Hem","item":"https:\/\/fahlenofsweden.com\/en\/fos-home\/"},{"@type":"ListItem","position":2,"name":"RETURN AND EXCHANGE POLICY"}]},{"@type":"WebSite","@id":"http:\/\/fahlenofsweden.com\/en\/#website","url":"http:\/\/fahlenofsweden.com\/en\/","name":"FAHL\u00c9N OF SWEDEN AB","description":"FAHL\u00c9N OF SWEDEN | Officiell hemsida | H\u00e5r, Sk\u00f6nhet, Mode &amp; Livsstil.","publisher":{"@id":"http:\/\/fahlenofsweden.com\/en\/#organization"},"potentialAction":[{"@type":"SearchAction","target":{"@type":"EntryPoint","urlTemplate":"http:\/\/fahlenofsweden.com\/en\/?s={search_term_string}"},"query-input":{"@type":"PropertyValueSpecification","valueRequired":true,"valueName":"search_term_string"}}],"inLanguage":"en-US"},{"@type":"Organization","@id":"http:\/\/fahlenofsweden.com\/en\/#organization","name":"FAHL\u00c9N OF SWEDEN AB","url":"http:\/\/fahlenofsweden.com\/en\/","logo":{"@type":"ImageObject","inLanguage":"en-US","@id":"http:\/\/fahlenofsweden.com\/en\/#\/schema\/logo\/image\/","url":"https:\/\/fahlenofsweden.com\/wp-content\/uploads\/2024\/04\/2-e1712925412402.png","contentUrl":"https:\/\/fahlenofsweden.com\/wp-content\/uploads\/2024\/04\/2-e1712925412402.png","width":2400,"height":1153,"caption":"FAHL\u00c9N OF SWEDEN AB"},"image":{"@id":"http:\/\/fahlenofsweden.com\/en\/#\/schema\/logo\/image\/"},"sameAs":["https:\/\/www.facebook.com\/FahlenOfSwedenFos\/","https:\/\/www.instagram.com\/fahlenofsweden\/"]}]}},"jetpack_sharing_enabled":true,"_links":{"self":[{"href":"https:\/\/fahlenofsweden.com\/en\/wp-json\/wp\/v2\/pages\/42561","targetHints":{"allow":["GET"]}}],"collection":[{"href":"https:\/\/fahlenofsweden.com\/en\/wp-json\/wp\/v2\/pages"}],"about":[{"href":"https:\/\/fahlenofsweden.com\/en\/wp-json\/wp\/v2\/types\/page"}],"replies":[{"embeddable":true,"href":"https:\/\/fahlenofsweden.com\/en\/wp-json\/wp\/v2\/comments?post=42561"}],"version-history":[{"count":8,"href":"https:\/\/fahlenofsweden.com\/en\/wp-json\/wp\/v2\/pages\/42561\/revisions"}],"predecessor-version":[{"id":44786,"href":"https:\/\/fahlenofsweden.com\/en\/wp-json\/wp\/v2\/pages\/42561\/revisions\/44786"}],"wp:attachment":[{"href":"https:\/\/fahlenofsweden.com\/en\/wp-json\/wp\/v2\/media?parent=42561"}],"curies":[{"name":"wp","href":"https:\/\/api.w.org\/{rel}","templated":true}]}}