{"id":44518,"date":"2024-12-21T01:09:07","date_gmt":"2024-12-21T00:09:07","guid":{"rendered":"https:\/\/fahlenofsweden.com\/fahlen-of-sweden-products\/silk-hair-bonnet\/"},"modified":"2024-12-22T17:08:49","modified_gmt":"2024-12-22T16:08:49","slug":"silk-hair-bonnet","status":"publish","type":"page","link":"https:\/\/fahlenofsweden.com\/en\/fahlen-of-sweden-products\/silk-hair-bonnet\/","title":{"rendered":"Silk hair bonnet"},"content":{"rendered":"\t\t<div data-elementor-type=\"wp-page\" data-elementor-id=\"44518\" class=\"elementor elementor-44518 elementor-44460\" data-elementor-post-type=\"page\">\n\t\t\t\t<div class=\"elementor-element elementor-element-9860749 e-flex e-con-boxed e-con e-parent\" data-id=\"9860749\" data-element_type=\"container\" data-e-type=\"container\">\n\t\t\t\t\t<div class=\"e-con-inner\">\n\t\t\t\t<div class=\"elementor-element elementor-element-8809f96 elementor-widget elementor-widget-heading\" data-id=\"8809f96\" data-element_type=\"widget\" data-e-type=\"widget\" data-widget_type=\"heading.default\">\n\t\t\t\t<div class=\"elementor-widget-container\">\n\t\t\t\t\t<h1 class=\"elementor-heading-title elementor-size-default\">Silk hair bonnet<\/h1>\t\t\t\t<\/div>\n\t\t\t\t<\/div>\n\t\t\t\t<div class=\"elementor-element elementor-element-fbc0d8f elementor-widget__width-initial elementor-widget elementor-widget-text-editor\" data-id=\"fbc0d8f\" data-element_type=\"widget\" data-e-type=\"widget\" data-widget_type=\"text-editor.default\">\n\t\t\t\t<div class=\"elementor-widget-container\">\n\t\t\t\t\t\t\t\t\t<p>Silk hair bonnet: 100% pure natural silk, protects against breakage and frizz, ensuring a restful night&#8217;s sleep and healthy hair<\/p>\n\t\t\t\t\t\t\t\t<\/div>\n\t\t\t\t<\/div>\n\t\t\t\t<div class=\"elementor-element elementor-element-aa268b3 elementor-align-center elementor-widget elementor-widget-button\" data-id=\"aa268b3\" data-element_type=\"widget\" data-e-type=\"widget\" data-widget_type=\"button.default\">\n\t\t\t\t<div class=\"elementor-widget-container\">\n\t\t\t\t\t\t\t\t\t<div class=\"elementor-button-wrapper\">\n\t\t\t\t\t<a class=\"elementor-button elementor-button-link elementor-size-sm\" href=\"https:\/\/fahlenofsweden.com\/fahlen\/en\/Product-category\/mulberry-silk-en\/silk-bonnet\/\">\n\t\t\t\t\t\t<span class=\"elementor-button-content-wrapper\">\n\t\t\t\t\t\t\t\t\t<span class=\"elementor-button-text\">Buy Silk Bonnet<\/span>\n\t\t\t\t\t<\/span>\n\t\t\t\t\t<\/a>\n\t\t\t\t<\/div>\n\t\t\t\t\t\t\t\t<\/div>\n\t\t\t\t<\/div>\n\t\t\t\t\t<\/div>\n\t\t\t\t<\/div>\n\t\t<div class=\"elementor-element elementor-element-7476f27 e-con-full e-flex e-con e-parent\" data-id=\"7476f27\" data-element_type=\"container\" data-e-type=\"container\">\n\t\t<div class=\"elementor-element elementor-element-5ffac32 e-con-full e-flex e-con e-child\" data-id=\"5ffac32\" data-element_type=\"container\" data-e-type=\"container\">\n\t\t\t\t<\/div>\n\t\t\t\t<\/div>\n\t\t<div class=\"elementor-element elementor-element-213a77f e-flex e-con-boxed e-con e-parent\" data-id=\"213a77f\" data-element_type=\"container\" data-e-type=\"container\">\n\t\t\t\t\t<div class=\"e-con-inner\">\n\t\t\t\t<div class=\"elementor-element elementor-element-6583fad elementor-widget__width-initial elementor-widget elementor-widget-text-editor\" data-id=\"6583fad\" data-element_type=\"widget\" data-e-type=\"widget\" data-widget_type=\"text-editor.default\">\n\t\t\t\t<div class=\"elementor-widget-container\">\n\t\t\t\t\t\t\t\t\t<p>Say goodbye to tangled hair, frizz and breakage with our Mulberry silk night <a href=\"https:\/\/fahlenofsweden.com\/fahlen\/en\/Product-category\/mulberry-silk-en\/silk-bonnet\/\">bonnet<\/a>, designed to elevate your nighttime routine to new levels of comfort and beauty.<\/p>\n<p>Our silk cap is pure and delicate, designed for maximum breathability and comfort during sleep.<\/p>\n<p>With our silk cap, you not only say goodbye to frizzy hair, but also to harsh chemicals. We are committed to offering only the best for you and your hair, keeping our cap free of harmful substances and completely natural. <\/p>\n<p>Make your night-time routine a moment of luxury and pampering with our pure silk hair cap. Wake up every morning with dreamy <a href=\"https:\/\/fahlenofsweden.com\/fahlen\/en\/Product-category\/mulberry-silk-en\/silk-bonnet\/\">hair<\/a> and experience the difference a quality cap can make to your natural beauty. <\/p>\n\t\t\t\t\t\t\t\t<\/div>\n\t\t\t\t<\/div>\n\t\t\t\t\t<\/div>\n\t\t\t\t<\/div>\n\t\t\t\t<\/div>\n\t\t","protected":false},"excerpt":{"rendered":"<p>Silk hair bonnet Silk hair bonnet: 100% pure natural silk, protects against breakage and frizz, ensuring a restful night&#8217;s sleep and healthy hair Buy Silk Bonnet L\u00e4gg i varukorg Silk Bonnet &#8211; Rose gold 549,00&nbsp;&#107;&#114; L\u00e4gg i varukorg Silk Bonnet &#8211; Svart 549,00&nbsp;&#107;&#114; Say goodbye to tangled hair, frizz and breakage with our Mulberry silk [&hellip;]<\/p>\n","protected":false},"author":1,"featured_media":0,"parent":40719,"menu_order":0,"comment_status":"closed","ping_status":"closed","template":"","meta":{"jetpack_post_was_ever_published":false,"footnotes":""},"class_list":["post-44518","page","type-page","status-publish","hentry"],"yoast_head":"<!-- This site is optimized with the Yoast SEO Premium plugin v26.3 (Yoast SEO v27.3) - https:\/\/yoast.com\/product\/yoast-seo-premium-wordpress\/ -->\n<title>Silk hair bonnet | FAHL\u00c9N OF SWEDEN<\/title>\n<meta name=\"description\" content=\"Silk hair bonnet: 100% pure natural silk, protects against breakage and frizz, ensuring a restful night&#039;s sleep and healthy hair\" \/>\n<meta name=\"robots\" content=\"index, follow, max-snippet:-1, max-image-preview:large, max-video-preview:-1\" \/>\n<link rel=\"canonical\" href=\"https:\/\/fahlenofsweden.com\/en\/fahlen-of-sweden-products\/silk-hair-bonnet\/\" \/>\n<meta property=\"og:locale\" content=\"en_US\" \/>\n<meta property=\"og:type\" content=\"article\" \/>\n<meta property=\"og:title\" content=\"Silk hair bonnet\" \/>\n<meta property=\"og:description\" content=\"Silk hair bonnet: 100% pure natural silk, protects against breakage and frizz, ensuring a restful night&#039;s sleep and healthy hair\" \/>\n<meta property=\"og:url\" content=\"https:\/\/fahlenofsweden.com\/en\/fahlen-of-sweden-products\/silk-hair-bonnet\/\" \/>\n<meta property=\"og:site_name\" content=\"FAHL\u00c9N OF SWEDEN\" \/>\n<meta property=\"article:publisher\" content=\"https:\/\/www.facebook.com\/FahlenOfSwedenFos\/\" \/>\n<meta property=\"article:modified_time\" content=\"2024-12-22T16:08:49+00:00\" \/>\n<meta property=\"og:image\" content=\"https:\/\/fahlenofsweden.com\/wp-content\/uploads\/2021\/06\/IMG_9593-Edit-350x525.jpg\" \/>\n<meta name=\"twitter:card\" content=\"summary_large_image\" \/>\n<meta name=\"twitter:label1\" content=\"Est. reading time\" \/>\n\t<meta name=\"twitter:data1\" content=\"2 minutes\" \/>\n<script type=\"application\/ld+json\" class=\"yoast-schema-graph\">{\"@context\":\"https:\\\/\\\/schema.org\",\"@graph\":[{\"@type\":\"WebPage\",\"@id\":\"https:\\\/\\\/fahlenofsweden.com\\\/en\\\/fahlen-of-sweden-products\\\/silk-hair-bonnet\\\/\",\"url\":\"https:\\\/\\\/fahlenofsweden.com\\\/en\\\/fahlen-of-sweden-products\\\/silk-hair-bonnet\\\/\",\"name\":\"Silk hair bonnet | FAHL\u00c9N OF SWEDEN\",\"isPartOf\":{\"@id\":\"http:\\\/\\\/fahlenofsweden.com\\\/en\\\/#website\"},\"primaryImageOfPage\":{\"@id\":\"https:\\\/\\\/fahlenofsweden.com\\\/en\\\/fahlen-of-sweden-products\\\/silk-hair-bonnet\\\/#primaryimage\"},\"image\":{\"@id\":\"https:\\\/\\\/fahlenofsweden.com\\\/en\\\/fahlen-of-sweden-products\\\/silk-hair-bonnet\\\/#primaryimage\"},\"thumbnailUrl\":\"https:\\\/\\\/fahlenofsweden.com\\\/wp-content\\\/uploads\\\/2021\\\/06\\\/IMG_9593-Edit-350x525.jpg\",\"datePublished\":\"2024-12-21T00:09:07+00:00\",\"dateModified\":\"2024-12-22T16:08:49+00:00\",\"description\":\"Silk hair bonnet: 100% pure natural silk, protects against breakage and frizz, ensuring a restful night's sleep and healthy hair\",\"breadcrumb\":{\"@id\":\"https:\\\/\\\/fahlenofsweden.com\\\/en\\\/fahlen-of-sweden-products\\\/silk-hair-bonnet\\\/#breadcrumb\"},\"inLanguage\":\"en-US\",\"potentialAction\":[{\"@type\":\"ReadAction\",\"target\":[\"https:\\\/\\\/fahlenofsweden.com\\\/en\\\/fahlen-of-sweden-products\\\/silk-hair-bonnet\\\/\"]}]},{\"@type\":\"ImageObject\",\"inLanguage\":\"en-US\",\"@id\":\"https:\\\/\\\/fahlenofsweden.com\\\/en\\\/fahlen-of-sweden-products\\\/silk-hair-bonnet\\\/#primaryimage\",\"url\":\"https:\\\/\\\/fahlenofsweden.com\\\/wp-content\\\/uploads\\\/2021\\\/06\\\/IMG_9593-Edit-350x525.jpg\",\"contentUrl\":\"https:\\\/\\\/fahlenofsweden.com\\\/wp-content\\\/uploads\\\/2021\\\/06\\\/IMG_9593-Edit-350x525.jpg\"},{\"@type\":\"BreadcrumbList\",\"@id\":\"https:\\\/\\\/fahlenofsweden.com\\\/en\\\/fahlen-of-sweden-products\\\/silk-hair-bonnet\\\/#breadcrumb\",\"itemListElement\":[{\"@type\":\"ListItem\",\"position\":1,\"name\":\"Hem\",\"item\":\"https:\\\/\\\/fahlenofsweden.com\\\/en\\\/fos-home\\\/\"},{\"@type\":\"ListItem\",\"position\":2,\"name\":\"Fahl\u00e9n Of Sweden Products\",\"item\":\"https:\\\/\\\/fahlenofsweden.com\\\/en\\\/fahlen-of-sweden-products\\\/\"},{\"@type\":\"ListItem\",\"position\":3,\"name\":\"Silk hair bonnet\"}]},{\"@type\":\"WebSite\",\"@id\":\"http:\\\/\\\/fahlenofsweden.com\\\/en\\\/#website\",\"url\":\"http:\\\/\\\/fahlenofsweden.com\\\/en\\\/\",\"name\":\"FAHL\u00c9N OF SWEDEN AB\",\"description\":\"FAHL\u00c9N OF SWEDEN | Officiell hemsida | H\u00e5r, Sk\u00f6nhet, Mode &amp; Livsstil.\",\"publisher\":{\"@id\":\"http:\\\/\\\/fahlenofsweden.com\\\/en\\\/#organization\"},\"potentialAction\":[{\"@type\":\"SearchAction\",\"target\":{\"@type\":\"EntryPoint\",\"urlTemplate\":\"http:\\\/\\\/fahlenofsweden.com\\\/en\\\/?s={search_term_string}\"},\"query-input\":{\"@type\":\"PropertyValueSpecification\",\"valueRequired\":true,\"valueName\":\"search_term_string\"}}],\"inLanguage\":\"en-US\"},{\"@type\":\"Organization\",\"@id\":\"http:\\\/\\\/fahlenofsweden.com\\\/en\\\/#organization\",\"name\":\"FAHL\u00c9N OF SWEDEN AB\",\"url\":\"http:\\\/\\\/fahlenofsweden.com\\\/en\\\/\",\"logo\":{\"@type\":\"ImageObject\",\"inLanguage\":\"en-US\",\"@id\":\"http:\\\/\\\/fahlenofsweden.com\\\/en\\\/#\\\/schema\\\/logo\\\/image\\\/\",\"url\":\"https:\\\/\\\/fahlenofsweden.com\\\/wp-content\\\/uploads\\\/2024\\\/04\\\/2-e1712925412402.png\",\"contentUrl\":\"https:\\\/\\\/fahlenofsweden.com\\\/wp-content\\\/uploads\\\/2024\\\/04\\\/2-e1712925412402.png\",\"width\":2400,\"height\":1153,\"caption\":\"FAHL\u00c9N OF SWEDEN AB\"},\"image\":{\"@id\":\"http:\\\/\\\/fahlenofsweden.com\\\/en\\\/#\\\/schema\\\/logo\\\/image\\\/\"},\"sameAs\":[\"https:\\\/\\\/www.facebook.com\\\/FahlenOfSwedenFos\\\/\",\"https:\\\/\\\/www.instagram.com\\\/fahlenofsweden\\\/\"]}]}<\/script>\n<!-- \/ Yoast SEO Premium plugin. -->","yoast_head_json":{"title":"Silk hair bonnet | FAHL\u00c9N OF SWEDEN","description":"Silk hair bonnet: 100% pure natural silk, protects against breakage and frizz, ensuring a restful night's sleep and healthy hair","robots":{"index":"index","follow":"follow","max-snippet":"max-snippet:-1","max-image-preview":"max-image-preview:large","max-video-preview":"max-video-preview:-1"},"canonical":"https:\/\/fahlenofsweden.com\/en\/fahlen-of-sweden-products\/silk-hair-bonnet\/","og_locale":"en_US","og_type":"article","og_title":"Silk hair bonnet","og_description":"Silk hair bonnet: 100% pure natural silk, protects against breakage and frizz, ensuring a restful night's sleep and healthy hair","og_url":"https:\/\/fahlenofsweden.com\/en\/fahlen-of-sweden-products\/silk-hair-bonnet\/","og_site_name":"FAHL\u00c9N OF SWEDEN","article_publisher":"https:\/\/www.facebook.com\/FahlenOfSwedenFos\/","article_modified_time":"2024-12-22T16:08:49+00:00","og_image":[{"url":"https:\/\/fahlenofsweden.com\/wp-content\/uploads\/2021\/06\/IMG_9593-Edit-350x525.jpg","type":"","width":"","height":""}],"twitter_card":"summary_large_image","twitter_misc":{"Est. reading time":"2 minutes"},"schema":{"@context":"https:\/\/schema.org","@graph":[{"@type":"WebPage","@id":"https:\/\/fahlenofsweden.com\/en\/fahlen-of-sweden-products\/silk-hair-bonnet\/","url":"https:\/\/fahlenofsweden.com\/en\/fahlen-of-sweden-products\/silk-hair-bonnet\/","name":"Silk hair bonnet | FAHL\u00c9N OF SWEDEN","isPartOf":{"@id":"http:\/\/fahlenofsweden.com\/en\/#website"},"primaryImageOfPage":{"@id":"https:\/\/fahlenofsweden.com\/en\/fahlen-of-sweden-products\/silk-hair-bonnet\/#primaryimage"},"image":{"@id":"https:\/\/fahlenofsweden.com\/en\/fahlen-of-sweden-products\/silk-hair-bonnet\/#primaryimage"},"thumbnailUrl":"https:\/\/fahlenofsweden.com\/wp-content\/uploads\/2021\/06\/IMG_9593-Edit-350x525.jpg","datePublished":"2024-12-21T00:09:07+00:00","dateModified":"2024-12-22T16:08:49+00:00","description":"Silk hair bonnet: 100% pure natural silk, protects against breakage and frizz, ensuring a restful night's sleep and healthy hair","breadcrumb":{"@id":"https:\/\/fahlenofsweden.com\/en\/fahlen-of-sweden-products\/silk-hair-bonnet\/#breadcrumb"},"inLanguage":"en-US","potentialAction":[{"@type":"ReadAction","target":["https:\/\/fahlenofsweden.com\/en\/fahlen-of-sweden-products\/silk-hair-bonnet\/"]}]},{"@type":"ImageObject","inLanguage":"en-US","@id":"https:\/\/fahlenofsweden.com\/en\/fahlen-of-sweden-products\/silk-hair-bonnet\/#primaryimage","url":"https:\/\/fahlenofsweden.com\/wp-content\/uploads\/2021\/06\/IMG_9593-Edit-350x525.jpg","contentUrl":"https:\/\/fahlenofsweden.com\/wp-content\/uploads\/2021\/06\/IMG_9593-Edit-350x525.jpg"},{"@type":"BreadcrumbList","@id":"https:\/\/fahlenofsweden.com\/en\/fahlen-of-sweden-products\/silk-hair-bonnet\/#breadcrumb","itemListElement":[{"@type":"ListItem","position":1,"name":"Hem","item":"https:\/\/fahlenofsweden.com\/en\/fos-home\/"},{"@type":"ListItem","position":2,"name":"Fahl\u00e9n Of Sweden Products","item":"https:\/\/fahlenofsweden.com\/en\/fahlen-of-sweden-products\/"},{"@type":"ListItem","position":3,"name":"Silk hair bonnet"}]},{"@type":"WebSite","@id":"http:\/\/fahlenofsweden.com\/en\/#website","url":"http:\/\/fahlenofsweden.com\/en\/","name":"FAHL\u00c9N OF SWEDEN AB","description":"FAHL\u00c9N OF SWEDEN | Officiell hemsida | H\u00e5r, Sk\u00f6nhet, Mode &amp; Livsstil.","publisher":{"@id":"http:\/\/fahlenofsweden.com\/en\/#organization"},"potentialAction":[{"@type":"SearchAction","target":{"@type":"EntryPoint","urlTemplate":"http:\/\/fahlenofsweden.com\/en\/?s={search_term_string}"},"query-input":{"@type":"PropertyValueSpecification","valueRequired":true,"valueName":"search_term_string"}}],"inLanguage":"en-US"},{"@type":"Organization","@id":"http:\/\/fahlenofsweden.com\/en\/#organization","name":"FAHL\u00c9N OF SWEDEN AB","url":"http:\/\/fahlenofsweden.com\/en\/","logo":{"@type":"ImageObject","inLanguage":"en-US","@id":"http:\/\/fahlenofsweden.com\/en\/#\/schema\/logo\/image\/","url":"https:\/\/fahlenofsweden.com\/wp-content\/uploads\/2024\/04\/2-e1712925412402.png","contentUrl":"https:\/\/fahlenofsweden.com\/wp-content\/uploads\/2024\/04\/2-e1712925412402.png","width":2400,"height":1153,"caption":"FAHL\u00c9N OF SWEDEN AB"},"image":{"@id":"http:\/\/fahlenofsweden.com\/en\/#\/schema\/logo\/image\/"},"sameAs":["https:\/\/www.facebook.com\/FahlenOfSwedenFos\/","https:\/\/www.instagram.com\/fahlenofsweden\/"]}]}},"jetpack_sharing_enabled":true,"_links":{"self":[{"href":"https:\/\/fahlenofsweden.com\/en\/wp-json\/wp\/v2\/pages\/44518","targetHints":{"allow":["GET"]}}],"collection":[{"href":"https:\/\/fahlenofsweden.com\/en\/wp-json\/wp\/v2\/pages"}],"about":[{"href":"https:\/\/fahlenofsweden.com\/en\/wp-json\/wp\/v2\/types\/page"}],"author":[{"embeddable":true,"href":"https:\/\/fahlenofsweden.com\/en\/wp-json\/wp\/v2\/users\/1"}],"replies":[{"embeddable":true,"href":"https:\/\/fahlenofsweden.com\/en\/wp-json\/wp\/v2\/comments?post=44518"}],"version-history":[{"count":1,"href":"https:\/\/fahlenofsweden.com\/en\/wp-json\/wp\/v2\/pages\/44518\/revisions"}],"predecessor-version":[{"id":44519,"href":"https:\/\/fahlenofsweden.com\/en\/wp-json\/wp\/v2\/pages\/44518\/revisions\/44519"}],"up":[{"embeddable":true,"href":"https:\/\/fahlenofsweden.com\/en\/wp-json\/wp\/v2\/pages\/40719"}],"wp:attachment":[{"href":"https:\/\/fahlenofsweden.com\/en\/wp-json\/wp\/v2\/media?parent=44518"}],"curies":[{"name":"wp","href":"https:\/\/api.w.org\/{rel}","templated":true}]}}