{"id":44521,"date":"2024-12-20T16:48:52","date_gmt":"2024-12-20T15:48:52","guid":{"rendered":"https:\/\/fahlenofsweden.com\/fahlen-of-sweden-products\/benefits-of-a-silk-bonnet-for-your-hair\/"},"modified":"2024-12-22T17:10:23","modified_gmt":"2024-12-22T16:10:23","slug":"benefits-of-a-silk-bonnet-for-your-hair","status":"publish","type":"page","link":"https:\/\/fahlenofsweden.com\/en\/fahlen-of-sweden-products\/benefits-of-a-silk-bonnet-for-your-hair\/","title":{"rendered":"Benefits of a silk bonnet for your hair"},"content":{"rendered":"\t\t<div data-elementor-type=\"wp-page\" data-elementor-id=\"44521\" class=\"elementor elementor-44521 elementor-44444\" data-elementor-post-type=\"page\">\n\t\t\t\t<div class=\"elementor-element elementor-element-dd70d9c e-flex e-con-boxed e-con e-parent\" data-id=\"dd70d9c\" data-element_type=\"container\" data-e-type=\"container\">\n\t\t\t\t\t<div class=\"e-con-inner\">\n\t\t\t\t<div class=\"elementor-element elementor-element-07f2746 elementor-widget elementor-widget-heading\" data-id=\"07f2746\" data-element_type=\"widget\" data-e-type=\"widget\" data-widget_type=\"heading.default\">\n\t\t\t\t<div class=\"elementor-widget-container\">\n\t\t\t\t\t<h1 class=\"elementor-heading-title elementor-size-default\">Advantages of using a silk bonnet in Denmark<\/h1>\t\t\t\t<\/div>\n\t\t\t\t<\/div>\n\t\t\t\t<div class=\"elementor-element elementor-element-597bb8f elementor-widget__width-initial elementor-widget elementor-widget-text-editor\" data-id=\"597bb8f\" data-element_type=\"widget\" data-e-type=\"widget\" data-widget_type=\"text-editor.default\">\n\t\t\t\t<div class=\"elementor-widget-container\">\n\t\t\t\t\t\t\t\t\t<p>Buy your silk bonnet in Denmark today<\/p>\n<p>Silk cap for hair: Made from 100% pure natural silk, it protects against breakage and frizz and ensures a peaceful night&#8217;s sleep and healthy hair.<\/p>\n\t\t\t\t\t\t\t\t<\/div>\n\t\t\t\t<\/div>\n\t\t\t\t<div class=\"elementor-element elementor-element-002dbdc elementor-align-center elementor-widget elementor-widget-button\" data-id=\"002dbdc\" data-element_type=\"widget\" data-e-type=\"widget\" data-widget_type=\"button.default\">\n\t\t\t\t<div class=\"elementor-widget-container\">\n\t\t\t\t\t\t\t\t\t<div class=\"elementor-button-wrapper\">\n\t\t\t\t\t<a class=\"elementor-button elementor-button-link elementor-size-sm\" href=\"https:\/\/fahlenofsweden.com\/fahlen\/en\/Product-category\/mulberry-silk-en\/silk-bonnet\/\">\n\t\t\t\t\t\t<span class=\"elementor-button-content-wrapper\">\n\t\t\t\t\t\t\t\t\t<span class=\"elementor-button-text\">BUY A BONNET IN SILK<\/span>\n\t\t\t\t\t<\/span>\n\t\t\t\t\t<\/a>\n\t\t\t\t<\/div>\n\t\t\t\t\t\t\t\t<\/div>\n\t\t\t\t<\/div>\n\t\t\t\t\t<\/div>\n\t\t\t\t<\/div>\n\t\t<div class=\"elementor-element elementor-element-bfc11a2 e-con-full e-flex e-con e-parent\" data-id=\"bfc11a2\" data-element_type=\"container\" data-e-type=\"container\">\n\t\t<div class=\"elementor-element elementor-element-a63bca3 e-con-full e-flex e-con e-child\" data-id=\"a63bca3\" data-element_type=\"container\" data-e-type=\"container\">\n\t\t\t\t<\/div>\n\t\t\t\t<\/div>\n\t\t<div class=\"elementor-element elementor-element-59165a4 e-flex e-con-boxed e-con e-parent\" data-id=\"59165a4\" data-element_type=\"container\" data-e-type=\"container\">\n\t\t\t\t\t<div class=\"e-con-inner\">\n\t\t\t\t<div class=\"elementor-element elementor-element-d7ed645 elementor-widget__width-initial elementor-widget elementor-widget-text-editor\" data-id=\"d7ed645\" data-element_type=\"widget\" data-e-type=\"widget\" data-widget_type=\"text-editor.default\">\n\t\t\t\t<div class=\"elementor-widget-container\">\n\t\t\t\t\t\t\t\t\t<h2>Introduction<\/h2>\n<p>If you struggle with frizzy and dry hair, a silk bonnet could be the solution you&#8217;ve been looking for. This simple yet effective product not only helps prevent damage to hair, it also helps keep hair healthy and hydrated overnight. Additionally, especially in Denmark, where the cold winter air can dry out and damage hair, a silk bonnet is an ideal way to help protect and condition your hair.  <\/p>\n<p>In this blog post, we will dive into the many benefits of using a silk bonnet in Denmark. You&#8217;ll also gain insight into why it has become a valuable tool in your daily hair care routine. If you haven&#8217;t tried it yet, read on to discover why so many have already embraced it.  <\/p>\n<h2>What does a silk bonnet do for your hair?<\/h2>\n<p>A silk bonnet is a hair care product designed to protect your hair while you sleep. It is made of high-quality silk, which reduces friction between the pillow and your hair. This reduction of friction reduces the risk of hair breakage and prevents frizz, keeping hair smooth and shiny.  <\/p>\n<p><a href=\"https:\/\/fahlenofsweden.com\/fahlen\/en\/Product-category\/mulberry-silk-en\/silk-bonnet\/\">Silk<\/a> is a natural material that doesn&#8217;t absorb the hair&#8217;s moisture like regular cotton does. Therefore,<a href=\"https:\/\/fahlenofsweden.com\/fahlen\/en\/Product-category\/mulberry-silk-en\/silk-bonnet\/\"> silk <\/a>helps preserve the hair&#8217;s natural oils that would otherwise evaporate overnight. As a result, the hair remains healthy and moisturised even after an all-nighter.  <\/p>\n\t\t\t\t\t\t\t\t<\/div>\n\t\t\t\t<\/div>\n\t\t\t\t\t<\/div>\n\t\t\t\t<\/div>\n\t\t\t\t<\/div>\n\t\t","protected":false},"excerpt":{"rendered":"<p>Advantages of using a silk bonnet in Denmark Buy your silk bonnet in Denmark today Silk cap for hair: Made from 100% pure natural silk, it protects against breakage and frizz and ensures a peaceful night&#8217;s sleep and healthy hair. BUY A BONNET IN SILK L\u00e4gg i varukorg Silk Bonnet &#8211; Rose gold 549,00&nbsp;&#107;&#114; L\u00e4gg [&hellip;]<\/p>\n","protected":false},"author":1,"featured_media":0,"parent":40719,"menu_order":0,"comment_status":"closed","ping_status":"closed","template":"","meta":{"jetpack_post_was_ever_published":false,"footnotes":""},"class_list":["post-44521","page","type-page","status-publish","hentry"],"yoast_head":"<!-- This site is optimized with the Yoast SEO Premium plugin v26.3 (Yoast SEO v27.3) - https:\/\/yoast.com\/product\/yoast-seo-premium-wordpress\/ -->\n<title>The silk bonnet in Denmark | FAHL\u00c9N OF SWEDEN<\/title>\n<meta name=\"description\" content=\"Buy silk bonnet in the UK today and protect your hair from damage while retaining moisture for smooth, healthy hair\" \/>\n<meta name=\"robots\" content=\"index, follow, max-snippet:-1, max-image-preview:large, max-video-preview:-1\" \/>\n<link rel=\"canonical\" href=\"https:\/\/fahlenofsweden.com\/en\/fahlen-of-sweden-products\/benefits-of-a-silk-bonnet-for-your-hair\/\" \/>\n<meta property=\"og:locale\" content=\"en_US\" \/>\n<meta property=\"og:type\" content=\"article\" \/>\n<meta property=\"og:title\" content=\"Benefits of a silk bonnet for your hair\" \/>\n<meta property=\"og:description\" content=\"Buy silk bonnet in the UK today and protect your hair from damage while retaining moisture for smooth, healthy hair\" \/>\n<meta property=\"og:url\" content=\"https:\/\/fahlenofsweden.com\/en\/fahlen-of-sweden-products\/benefits-of-a-silk-bonnet-for-your-hair\/\" \/>\n<meta property=\"og:site_name\" content=\"FAHL\u00c9N OF SWEDEN\" \/>\n<meta property=\"article:publisher\" content=\"https:\/\/www.facebook.com\/FahlenOfSwedenFos\/\" \/>\n<meta property=\"article:modified_time\" content=\"2024-12-22T16:10:23+00:00\" \/>\n<meta property=\"og:image\" content=\"https:\/\/fahlenofsweden.com\/wp-content\/uploads\/2021\/06\/IMG_9593-Edit-350x525.jpg\" \/>\n<meta name=\"twitter:card\" content=\"summary_large_image\" \/>\n<meta name=\"twitter:label1\" content=\"Est. reading time\" \/>\n\t<meta name=\"twitter:data1\" content=\"3 minutes\" \/>\n<script type=\"application\/ld+json\" class=\"yoast-schema-graph\">{\"@context\":\"https:\\\/\\\/schema.org\",\"@graph\":[{\"@type\":\"WebPage\",\"@id\":\"https:\\\/\\\/fahlenofsweden.com\\\/en\\\/fahlen-of-sweden-products\\\/benefits-of-a-silk-bonnet-for-your-hair\\\/\",\"url\":\"https:\\\/\\\/fahlenofsweden.com\\\/en\\\/fahlen-of-sweden-products\\\/benefits-of-a-silk-bonnet-for-your-hair\\\/\",\"name\":\"The silk bonnet in Denmark | FAHL\u00c9N OF SWEDEN\",\"isPartOf\":{\"@id\":\"http:\\\/\\\/fahlenofsweden.com\\\/en\\\/#website\"},\"primaryImageOfPage\":{\"@id\":\"https:\\\/\\\/fahlenofsweden.com\\\/en\\\/fahlen-of-sweden-products\\\/benefits-of-a-silk-bonnet-for-your-hair\\\/#primaryimage\"},\"image\":{\"@id\":\"https:\\\/\\\/fahlenofsweden.com\\\/en\\\/fahlen-of-sweden-products\\\/benefits-of-a-silk-bonnet-for-your-hair\\\/#primaryimage\"},\"thumbnailUrl\":\"https:\\\/\\\/fahlenofsweden.com\\\/wp-content\\\/uploads\\\/2021\\\/06\\\/IMG_9593-Edit-350x525.jpg\",\"datePublished\":\"2024-12-20T15:48:52+00:00\",\"dateModified\":\"2024-12-22T16:10:23+00:00\",\"description\":\"Buy silk bonnet in the UK today and protect your hair from damage while retaining moisture for smooth, healthy hair\",\"breadcrumb\":{\"@id\":\"https:\\\/\\\/fahlenofsweden.com\\\/en\\\/fahlen-of-sweden-products\\\/benefits-of-a-silk-bonnet-for-your-hair\\\/#breadcrumb\"},\"inLanguage\":\"en-US\",\"potentialAction\":[{\"@type\":\"ReadAction\",\"target\":[\"https:\\\/\\\/fahlenofsweden.com\\\/en\\\/fahlen-of-sweden-products\\\/benefits-of-a-silk-bonnet-for-your-hair\\\/\"]}]},{\"@type\":\"ImageObject\",\"inLanguage\":\"en-US\",\"@id\":\"https:\\\/\\\/fahlenofsweden.com\\\/en\\\/fahlen-of-sweden-products\\\/benefits-of-a-silk-bonnet-for-your-hair\\\/#primaryimage\",\"url\":\"https:\\\/\\\/fahlenofsweden.com\\\/wp-content\\\/uploads\\\/2021\\\/06\\\/IMG_9593-Edit-350x525.jpg\",\"contentUrl\":\"https:\\\/\\\/fahlenofsweden.com\\\/wp-content\\\/uploads\\\/2021\\\/06\\\/IMG_9593-Edit-350x525.jpg\"},{\"@type\":\"BreadcrumbList\",\"@id\":\"https:\\\/\\\/fahlenofsweden.com\\\/en\\\/fahlen-of-sweden-products\\\/benefits-of-a-silk-bonnet-for-your-hair\\\/#breadcrumb\",\"itemListElement\":[{\"@type\":\"ListItem\",\"position\":1,\"name\":\"Hem\",\"item\":\"https:\\\/\\\/fahlenofsweden.com\\\/en\\\/fos-home\\\/\"},{\"@type\":\"ListItem\",\"position\":2,\"name\":\"Fahl\u00e9n Of Sweden Products\",\"item\":\"https:\\\/\\\/fahlenofsweden.com\\\/en\\\/fahlen-of-sweden-products\\\/\"},{\"@type\":\"ListItem\",\"position\":3,\"name\":\"Benefits of a silk bonnet for your hair\"}]},{\"@type\":\"WebSite\",\"@id\":\"http:\\\/\\\/fahlenofsweden.com\\\/en\\\/#website\",\"url\":\"http:\\\/\\\/fahlenofsweden.com\\\/en\\\/\",\"name\":\"FAHL\u00c9N OF SWEDEN AB\",\"description\":\"FAHL\u00c9N OF SWEDEN | Officiell hemsida | H\u00e5r, Sk\u00f6nhet, Mode &amp; Livsstil.\",\"publisher\":{\"@id\":\"http:\\\/\\\/fahlenofsweden.com\\\/en\\\/#organization\"},\"potentialAction\":[{\"@type\":\"SearchAction\",\"target\":{\"@type\":\"EntryPoint\",\"urlTemplate\":\"http:\\\/\\\/fahlenofsweden.com\\\/en\\\/?s={search_term_string}\"},\"query-input\":{\"@type\":\"PropertyValueSpecification\",\"valueRequired\":true,\"valueName\":\"search_term_string\"}}],\"inLanguage\":\"en-US\"},{\"@type\":\"Organization\",\"@id\":\"http:\\\/\\\/fahlenofsweden.com\\\/en\\\/#organization\",\"name\":\"FAHL\u00c9N OF SWEDEN AB\",\"url\":\"http:\\\/\\\/fahlenofsweden.com\\\/en\\\/\",\"logo\":{\"@type\":\"ImageObject\",\"inLanguage\":\"en-US\",\"@id\":\"http:\\\/\\\/fahlenofsweden.com\\\/en\\\/#\\\/schema\\\/logo\\\/image\\\/\",\"url\":\"https:\\\/\\\/fahlenofsweden.com\\\/wp-content\\\/uploads\\\/2024\\\/04\\\/2-e1712925412402.png\",\"contentUrl\":\"https:\\\/\\\/fahlenofsweden.com\\\/wp-content\\\/uploads\\\/2024\\\/04\\\/2-e1712925412402.png\",\"width\":2400,\"height\":1153,\"caption\":\"FAHL\u00c9N OF SWEDEN AB\"},\"image\":{\"@id\":\"http:\\\/\\\/fahlenofsweden.com\\\/en\\\/#\\\/schema\\\/logo\\\/image\\\/\"},\"sameAs\":[\"https:\\\/\\\/www.facebook.com\\\/FahlenOfSwedenFos\\\/\",\"https:\\\/\\\/www.instagram.com\\\/fahlenofsweden\\\/\"]}]}<\/script>\n<!-- \/ Yoast SEO Premium plugin. -->","yoast_head_json":{"title":"The silk bonnet in Denmark | FAHL\u00c9N OF SWEDEN","description":"Buy silk bonnet in the UK today and protect your hair from damage while retaining moisture for smooth, healthy hair","robots":{"index":"index","follow":"follow","max-snippet":"max-snippet:-1","max-image-preview":"max-image-preview:large","max-video-preview":"max-video-preview:-1"},"canonical":"https:\/\/fahlenofsweden.com\/en\/fahlen-of-sweden-products\/benefits-of-a-silk-bonnet-for-your-hair\/","og_locale":"en_US","og_type":"article","og_title":"Benefits of a silk bonnet for your hair","og_description":"Buy silk bonnet in the UK today and protect your hair from damage while retaining moisture for smooth, healthy hair","og_url":"https:\/\/fahlenofsweden.com\/en\/fahlen-of-sweden-products\/benefits-of-a-silk-bonnet-for-your-hair\/","og_site_name":"FAHL\u00c9N OF SWEDEN","article_publisher":"https:\/\/www.facebook.com\/FahlenOfSwedenFos\/","article_modified_time":"2024-12-22T16:10:23+00:00","og_image":[{"url":"https:\/\/fahlenofsweden.com\/wp-content\/uploads\/2021\/06\/IMG_9593-Edit-350x525.jpg","type":"","width":"","height":""}],"twitter_card":"summary_large_image","twitter_misc":{"Est. reading time":"3 minutes"},"schema":{"@context":"https:\/\/schema.org","@graph":[{"@type":"WebPage","@id":"https:\/\/fahlenofsweden.com\/en\/fahlen-of-sweden-products\/benefits-of-a-silk-bonnet-for-your-hair\/","url":"https:\/\/fahlenofsweden.com\/en\/fahlen-of-sweden-products\/benefits-of-a-silk-bonnet-for-your-hair\/","name":"The silk bonnet in Denmark | FAHL\u00c9N OF SWEDEN","isPartOf":{"@id":"http:\/\/fahlenofsweden.com\/en\/#website"},"primaryImageOfPage":{"@id":"https:\/\/fahlenofsweden.com\/en\/fahlen-of-sweden-products\/benefits-of-a-silk-bonnet-for-your-hair\/#primaryimage"},"image":{"@id":"https:\/\/fahlenofsweden.com\/en\/fahlen-of-sweden-products\/benefits-of-a-silk-bonnet-for-your-hair\/#primaryimage"},"thumbnailUrl":"https:\/\/fahlenofsweden.com\/wp-content\/uploads\/2021\/06\/IMG_9593-Edit-350x525.jpg","datePublished":"2024-12-20T15:48:52+00:00","dateModified":"2024-12-22T16:10:23+00:00","description":"Buy silk bonnet in the UK today and protect your hair from damage while retaining moisture for smooth, healthy hair","breadcrumb":{"@id":"https:\/\/fahlenofsweden.com\/en\/fahlen-of-sweden-products\/benefits-of-a-silk-bonnet-for-your-hair\/#breadcrumb"},"inLanguage":"en-US","potentialAction":[{"@type":"ReadAction","target":["https:\/\/fahlenofsweden.com\/en\/fahlen-of-sweden-products\/benefits-of-a-silk-bonnet-for-your-hair\/"]}]},{"@type":"ImageObject","inLanguage":"en-US","@id":"https:\/\/fahlenofsweden.com\/en\/fahlen-of-sweden-products\/benefits-of-a-silk-bonnet-for-your-hair\/#primaryimage","url":"https:\/\/fahlenofsweden.com\/wp-content\/uploads\/2021\/06\/IMG_9593-Edit-350x525.jpg","contentUrl":"https:\/\/fahlenofsweden.com\/wp-content\/uploads\/2021\/06\/IMG_9593-Edit-350x525.jpg"},{"@type":"BreadcrumbList","@id":"https:\/\/fahlenofsweden.com\/en\/fahlen-of-sweden-products\/benefits-of-a-silk-bonnet-for-your-hair\/#breadcrumb","itemListElement":[{"@type":"ListItem","position":1,"name":"Hem","item":"https:\/\/fahlenofsweden.com\/en\/fos-home\/"},{"@type":"ListItem","position":2,"name":"Fahl\u00e9n Of Sweden Products","item":"https:\/\/fahlenofsweden.com\/en\/fahlen-of-sweden-products\/"},{"@type":"ListItem","position":3,"name":"Benefits of a silk bonnet for your hair"}]},{"@type":"WebSite","@id":"http:\/\/fahlenofsweden.com\/en\/#website","url":"http:\/\/fahlenofsweden.com\/en\/","name":"FAHL\u00c9N OF SWEDEN AB","description":"FAHL\u00c9N OF SWEDEN | Officiell hemsida | H\u00e5r, Sk\u00f6nhet, Mode &amp; Livsstil.","publisher":{"@id":"http:\/\/fahlenofsweden.com\/en\/#organization"},"potentialAction":[{"@type":"SearchAction","target":{"@type":"EntryPoint","urlTemplate":"http:\/\/fahlenofsweden.com\/en\/?s={search_term_string}"},"query-input":{"@type":"PropertyValueSpecification","valueRequired":true,"valueName":"search_term_string"}}],"inLanguage":"en-US"},{"@type":"Organization","@id":"http:\/\/fahlenofsweden.com\/en\/#organization","name":"FAHL\u00c9N OF SWEDEN AB","url":"http:\/\/fahlenofsweden.com\/en\/","logo":{"@type":"ImageObject","inLanguage":"en-US","@id":"http:\/\/fahlenofsweden.com\/en\/#\/schema\/logo\/image\/","url":"https:\/\/fahlenofsweden.com\/wp-content\/uploads\/2024\/04\/2-e1712925412402.png","contentUrl":"https:\/\/fahlenofsweden.com\/wp-content\/uploads\/2024\/04\/2-e1712925412402.png","width":2400,"height":1153,"caption":"FAHL\u00c9N OF SWEDEN AB"},"image":{"@id":"http:\/\/fahlenofsweden.com\/en\/#\/schema\/logo\/image\/"},"sameAs":["https:\/\/www.facebook.com\/FahlenOfSwedenFos\/","https:\/\/www.instagram.com\/fahlenofsweden\/"]}]}},"jetpack_sharing_enabled":true,"_links":{"self":[{"href":"https:\/\/fahlenofsweden.com\/en\/wp-json\/wp\/v2\/pages\/44521","targetHints":{"allow":["GET"]}}],"collection":[{"href":"https:\/\/fahlenofsweden.com\/en\/wp-json\/wp\/v2\/pages"}],"about":[{"href":"https:\/\/fahlenofsweden.com\/en\/wp-json\/wp\/v2\/types\/page"}],"author":[{"embeddable":true,"href":"https:\/\/fahlenofsweden.com\/en\/wp-json\/wp\/v2\/users\/1"}],"replies":[{"embeddable":true,"href":"https:\/\/fahlenofsweden.com\/en\/wp-json\/wp\/v2\/comments?post=44521"}],"version-history":[{"count":1,"href":"https:\/\/fahlenofsweden.com\/en\/wp-json\/wp\/v2\/pages\/44521\/revisions"}],"predecessor-version":[{"id":44522,"href":"https:\/\/fahlenofsweden.com\/en\/wp-json\/wp\/v2\/pages\/44521\/revisions\/44522"}],"up":[{"embeddable":true,"href":"https:\/\/fahlenofsweden.com\/en\/wp-json\/wp\/v2\/pages\/40719"}],"wp:attachment":[{"href":"https:\/\/fahlenofsweden.com\/en\/wp-json\/wp\/v2\/media?parent=44521"}],"curies":[{"name":"wp","href":"https:\/\/api.w.org\/{rel}","templated":true}]}}